{"id":16542,"date":"2022-06-08T07:17:58","date_gmt":"2022-06-08T05:17:58","guid":{"rendered":"https:\/\/labinterior.de\/quotation\/"},"modified":"2025-08-01T09:29:20","modified_gmt":"2025-08-01T07:29:20","slug":"quotation","status":"publish","type":"page","link":"https:\/\/labinterior.de\/at\/quotation\/","title":{"rendered":"Quotation"},"content":{"rendered":"\t\t<div data-elementor-type=\"wp-page\" data-elementor-id=\"16542\" class=\"elementor elementor-16542 elementor-6900\">\n\t\t\t\t\t\t<section class=\"elementor-section elementor-top-section elementor-element elementor-element-fb90403 elementor-section-content-bottom elementor-section-boxed elementor-section-height-default elementor-section-height-default\" data-id=\"fb90403\" data-element_type=\"section\">\n\t\t\t\t\t\t<div class=\"elementor-container elementor-column-gap-default\">\n\t\t\t\t\t<div class=\"elementor-column elementor-col-100 elementor-top-column elementor-element elementor-element-4ea132b\" data-id=\"4ea132b\" data-element_type=\"column\">\n\t\t\t<div class=\"elementor-widget-wrap elementor-element-populated\">\n\t\t\t\t\t\t<div class=\"elementor-element elementor-element-ace38f9 elementor-widget elementor-widget-wpml-language-switcher\" data-id=\"ace38f9\" data-element_type=\"widget\" data-widget_type=\"wpml-language-switcher.default\">\n\t\t\t\t<div class=\"elementor-widget-container\">\n\t\t\t\t\t<div class=\"wpml-elementor-ls\">\n<div class=\"wpml-ls-statics-shortcode_actions wpml-ls wpml-ls-legacy-list-horizontal\">\n\t<ul><li class=\"wpml-ls-slot-shortcode_actions wpml-ls-item wpml-ls-item-sl wpml-ls-first-item wpml-ls-item-legacy-list-horizontal\">\n\t\t\t\t<a href=\"https:\/\/labinterior.de\/sl\/\" class=\"wpml-ls-link\">\n                                                        <img decoding=\"async\"\n            class=\"wpml-ls-flag\"\n            src=\"https:\/\/labinterior.de\/wp-content\/plugins\/sitepress-multilingual-cms\/res\/flags\/sl.png\"\n            alt=\"Slovenian\"\n            width=18\n            height=12\n    \/><\/a>\n\t\t\t<\/li><li class=\"wpml-ls-slot-shortcode_actions wpml-ls-item wpml-ls-item-en wpml-ls-item-legacy-list-horizontal\">\n\t\t\t\t<a href=\"https:\/\/labinterior.de\/en\/\" class=\"wpml-ls-link\">\n                                                        <img decoding=\"async\"\n            class=\"wpml-ls-flag\"\n            src=\"https:\/\/labinterior.de\/wp-content\/plugins\/sitepress-multilingual-cms\/res\/flags\/en.png\"\n            alt=\"English\"\n            width=18\n            height=12\n    \/><\/a>\n\t\t\t<\/li><li class=\"wpml-ls-slot-shortcode_actions wpml-ls-item wpml-ls-item-de wpml-ls-item-legacy-list-horizontal\">\n\t\t\t\t<a href=\"https:\/\/labinterior.de\/\" class=\"wpml-ls-link\">\n                                                        <img decoding=\"async\"\n            class=\"wpml-ls-flag\"\n            src=\"https:\/\/labinterior.de\/wp-content\/plugins\/sitepress-multilingual-cms\/res\/flags\/de.png\"\n            alt=\"German\"\n            width=18\n            height=12\n    \/><\/a>\n\t\t\t<\/li><li class=\"wpml-ls-slot-shortcode_actions wpml-ls-item wpml-ls-item-at wpml-ls-current-language wpml-ls-item-legacy-list-horizontal\">\n\t\t\t\t<a href=\"https:\/\/labinterior.de\/at\/\" class=\"wpml-ls-link\">\n                                                        <img decoding=\"async\"\n            class=\"wpml-ls-flag\"\n            src=\"https:\/\/labinterior.de\/wp-content\/uploads\/flags\/AT.png\"\n            alt=\"Avstrija\"\n            width=18\n            height=12\n    \/><\/a>\n\t\t\t<\/li><li class=\"wpml-ls-slot-shortcode_actions wpml-ls-item wpml-ls-item-nl wpml-ls-item-legacy-list-horizontal\">\n\t\t\t\t<a href=\"https:\/\/labinterior.de\/nl\/\" class=\"wpml-ls-link\">\n                                                        <img decoding=\"async\"\n            class=\"wpml-ls-flag\"\n            src=\"https:\/\/labinterior.de\/wp-content\/plugins\/sitepress-multilingual-cms\/res\/flags\/nl.png\"\n            alt=\"Dutch\"\n            width=18\n            height=12\n    \/><\/a>\n\t\t\t<\/li><li class=\"wpml-ls-slot-shortcode_actions wpml-ls-item wpml-ls-item-bs wpml-ls-last-item wpml-ls-item-legacy-list-horizontal\">\n\t\t\t\t<a href=\"https:\/\/labinterior.de\/bs\/\" class=\"wpml-ls-link\">\n                                                        <img decoding=\"async\"\n            class=\"wpml-ls-flag\"\n            src=\"https:\/\/labinterior.de\/wp-content\/plugins\/sitepress-multilingual-cms\/res\/flags\/bs.png\"\n            alt=\"Bosnian\"\n            width=18\n            height=12\n    \/><\/a>\n\t\t\t<\/li><\/ul>\n<\/div>\n<\/div>\t\t\t\t<\/div>\n\t\t\t\t<\/div>\n\t\t\t\t\t<\/div>\n\t\t<\/div>\n\t\t\t\t\t<\/div>\n\t\t<\/section>\n\t\t\t\t<section class=\"elementor-section elementor-top-section elementor-element elementor-element-2d97308 elementor-section-boxed elementor-section-height-default elementor-section-height-default\" data-id=\"2d97308\" data-element_type=\"section\">\n\t\t\t\t\t\t<div class=\"elementor-container elementor-column-gap-default\">\n\t\t\t\t\t<div class=\"elementor-column elementor-col-100 elementor-top-column elementor-element elementor-element-00bf092\" data-id=\"00bf092\" data-element_type=\"column\">\n\t\t\t<div class=\"elementor-widget-wrap elementor-element-populated\">\n\t\t\t\t\t\t<div class=\"elementor-element elementor-element-0c0f223 elementor-widget elementor-widget-text-editor\" data-id=\"0c0f223\" data-element_type=\"widget\" data-widget_type=\"text-editor.default\">\n\t\t\t\t<div class=\"elementor-widget-container\">\n\t\t\t\t\t\t\t\t\t<p data-start=\"199\" data-end=\"596\"><strong data-start=\"199\" data-end=\"272\">Fordern Sie Ihr individuelles Angebot an \u2013 schnell und unkompliziert.<\/strong><br data-start=\"272\" data-end=\"275\" \/>M\u00f6chten Sie ein pers\u00f6nliches Angebot oder weitere Informationen zu unseren Produkten und Dienstleistungen? F\u00fcllen Sie einfach das untenstehende Formular aus und unser Team wird sich zeitnah mit Ihnen in Verbindung setzen. Gemeinsam finden wir die optimale L\u00f6sung f\u00fcr Ihre Laborumgebung.<br data-start=\"561\" data-end=\"564\" \/>Wir freuen uns auf Ihre Anfrage!<\/p>\t\t\t\t\t\t\t\t<\/div>\n\t\t\t\t<\/div>\n\t\t\t\t<div class=\"elementor-element elementor-element-fed86e9 elementor-widget elementor-widget-wpforms\" data-id=\"fed86e9\" data-element_type=\"widget\" data-widget_type=\"wpforms.default\">\n\t\t\t\t<div class=\"elementor-widget-container\">\n\t\t\t\t\t<div class=\"wpforms-container wpforms-container-full\" id=\"wpforms-16285\"><form id=\"wpforms-form-16285\" class=\"wpforms-validate wpforms-form wpforms-ajax-form\" data-formid=\"16285\" method=\"post\" enctype=\"multipart\/form-data\" action=\"\/at\/wp-json\/wp\/v2\/pages\/16542\" data-token=\"2b5f234e35b58e3f07a0e956058ff04f\"><noscript class=\"wpforms-error-noscript\">Please enable JavaScript in your browser to complete this form.<\/noscript><div class=\"wpforms-field-container\"><div id=\"wpforms-16285-field_0-container\" class=\"wpforms-field wpforms-field-name wpforms-one-third wpforms-first wpforms-mobile-full\" data-field-id=\"0\"><label class=\"wpforms-field-label\" for=\"wpforms-16285-field_0\">Name und Nachname <span class=\"wpforms-required-label\">*<\/span><\/label><input type=\"text\" id=\"wpforms-16285-field_0\" class=\"wpforms-field-large wpforms-field-required\" name=\"wpforms[fields][0]\" required><\/div><div id=\"wpforms-16285-field_1-container\" class=\"wpforms-field wpforms-field-email wpforms-one-third wpforms-mobile-full\" data-field-id=\"1\"><label class=\"wpforms-field-label\" for=\"wpforms-16285-field_1\">E-Mail-Adresse <span class=\"wpforms-required-label\">*<\/span><\/label><input type=\"email\" id=\"wpforms-16285-field_1\" class=\"wpforms-field-large wpforms-field-required\" name=\"wpforms[fields][1]\" required><\/div><div id=\"wpforms-16285-field_12-container\" class=\"wpforms-field wpforms-field-phone wpforms-one-third wpforms-mobile-full\" data-field-id=\"12\"><label class=\"wpforms-field-label\" for=\"wpforms-16285-field_12\">Telefonnummer<\/label><input type=\"tel\" id=\"wpforms-16285-field_12\" class=\"wpforms-field-large wpforms-smart-phone-field\" data-rule-smart-phone-field=\"true\" name=\"wpforms[fields][12]\" ><\/div><div id=\"wpforms-16285-field_7-container\" class=\"wpforms-field wpforms-field-text wpforms-one-third wpforms-first wpforms-mobile-full\" data-field-id=\"7\"><label class=\"wpforms-field-label\" for=\"wpforms-16285-field_7\">Position<\/label><input type=\"text\" id=\"wpforms-16285-field_7\" class=\"wpforms-field-large\" name=\"wpforms[fields][7]\" ><\/div><div id=\"wpforms-16285-field_8-container\" class=\"wpforms-field wpforms-field-text wpforms-one-third wpforms-mobile-full\" data-field-id=\"8\"><label class=\"wpforms-field-label\" for=\"wpforms-16285-field_8\">Unternehmen<\/label><input type=\"text\" id=\"wpforms-16285-field_8\" class=\"wpforms-field-large\" name=\"wpforms[fields][8]\" ><\/div><div id=\"wpforms-16285-field_14-container\" class=\"wpforms-field wpforms-field-text wpforms-one-third wpforms-mobile-full\" data-field-id=\"14\"><label class=\"wpforms-field-label\" for=\"wpforms-16285-field_14\">Steuer-Identifikationsnummer<\/label><input type=\"text\" id=\"wpforms-16285-field_14\" class=\"wpforms-field-large\" name=\"wpforms[fields][14]\" ><\/div><div id=\"wpforms-16285-field_9-container\" class=\"wpforms-field wpforms-field-text wpforms-one-third wpforms-first wpforms-mobile-full\" data-field-id=\"9\"><label class=\"wpforms-field-label\" for=\"wpforms-16285-field_9\">Adresse<\/label><input type=\"text\" id=\"wpforms-16285-field_9\" class=\"wpforms-field-large\" name=\"wpforms[fields][9]\" ><\/div><div id=\"wpforms-16285-field_10-container\" class=\"wpforms-field wpforms-field-text wpforms-one-third wpforms-mobile-full\" data-field-id=\"10\"><label class=\"wpforms-field-label\" for=\"wpforms-16285-field_10\">Ort<\/label><input type=\"text\" id=\"wpforms-16285-field_10\" class=\"wpforms-field-large\" name=\"wpforms[fields][10]\" ><\/div><div id=\"wpforms-16285-field_11-container\" class=\"wpforms-field wpforms-field-text wpforms-one-third wpforms-mobile-full\" data-field-id=\"11\"><label class=\"wpforms-field-label\" for=\"wpforms-16285-field_11\">Land<\/label><input type=\"text\" id=\"wpforms-16285-field_11\" class=\"wpforms-field-large\" name=\"wpforms[fields][11]\" ><\/div><div id=\"wpforms-16285-field_2-container\" class=\"wpforms-field wpforms-field-textarea\" data-field-id=\"2\"><label class=\"wpforms-field-label\" for=\"wpforms-16285-field_2\">Mitteilung <span class=\"wpforms-required-label\">*<\/span><\/label><textarea id=\"wpforms-16285-field_2\" class=\"wpforms-field-large wpforms-field-required\" name=\"wpforms[fields][2]\" required><\/textarea><\/div><\/div><div class=\"wpforms-recaptcha-container wpforms-is-recaptcha\"><div class=\"g-recaptcha\" data-sitekey=\"6Lc8SIIiAAAAAD4mlo4X26mNcAOsGwKamtd0IE-O\"><\/div><input type=\"text\" name=\"g-recaptcha-hidden\" class=\"wpforms-recaptcha-hidden\" style=\"position:absolute!important;clip:rect(0,0,0,0)!important;height:1px!important;width:1px!important;border:0!important;overflow:hidden!important;padding:0!important;margin:0!important;\" required><\/div><div class=\"wpforms-submit-container\"><input type=\"hidden\" name=\"wpforms[id]\" value=\"16285\"><input type=\"hidden\" name=\"wpforms[author]\" value=\"1\"><button type=\"submit\" name=\"wpforms[submit]\" id=\"wpforms-submit-16285\" class=\"wpforms-submit\" data-alt-text=\"Ich sende...\" data-submit-text=\"Senden\" aria-live=\"assertive\" value=\"wpforms-submit\">Senden<\/button><img decoding=\"async\" src=\"https:\/\/labinterior.de\/wp-content\/plugins\/wpforms\/assets\/images\/submit-spin.svg\" class=\"wpforms-submit-spinner\" style=\"display: none;\" width=\"26\" height=\"26\" alt=\"\"><\/div><\/form><\/div>  <!-- .wpforms-container -->\t\t\t\t<\/div>\n\t\t\t\t<\/div>\n\t\t\t\t\t<\/div>\n\t\t<\/div>\n\t\t\t\t\t<\/div>\n\t\t<\/section>\n\t\t\t\t<\/div>\n\t\t","protected":false},"excerpt":{"rendered":"","protected":false},"author":1,"featured_media":0,"parent":0,"menu_order":0,"comment_status":"closed","ping_status":"closed","template":"","meta":{"footnotes":""},"class_list":["post-16542","page","type-page","status-publish","hentry"],"yoast_head":"<!-- This site is optimized with the Yoast SEO plugin v25.9 - https:\/\/yoast.com\/wordpress\/plugins\/seo\/ -->\n<title>Quotation - Lab Interior<\/title>\n<meta name=\"description\" content=\"Fordern Sie Ihr individuelles Angebot f\u00fcr hochwertige Laboreinrichtung an. Schnell, einfach und ma\u00dfgeschneidert. Lab Interior \u2013 Ihr Partner f\u00fcr Laborl\u00f6sungen.\" \/>\n<meta name=\"robots\" content=\"index, follow, max-snippet:-1, max-image-preview:large, max-video-preview:-1\" \/>\n<link rel=\"canonical\" href=\"https:\/\/labinterior.de\/at\/quotation\/\" \/>\n<meta property=\"og:locale\" content=\"en_US\" \/>\n<meta property=\"og:type\" content=\"article\" \/>\n<meta property=\"og:title\" content=\"Quotation - Lab Interior\" \/>\n<meta property=\"og:description\" content=\"Fordern Sie Ihr individuelles Angebot f\u00fcr hochwertige Laboreinrichtung an. Schnell, einfach und ma\u00dfgeschneidert. Lab Interior \u2013 Ihr Partner f\u00fcr Laborl\u00f6sungen.\" \/>\n<meta property=\"og:url\" content=\"https:\/\/labinterior.de\/at\/quotation\/\" \/>\n<meta property=\"og:site_name\" content=\"Lab Interior\" \/>\n<meta property=\"article:publisher\" content=\"https:\/\/facebook.com\/labinterior.de\" \/>\n<meta property=\"article:modified_time\" content=\"2025-08-01T07:29:20+00:00\" \/>\n<meta name=\"twitter:card\" content=\"summary_large_image\" \/>\n<meta name=\"twitter:label1\" content=\"Est. reading time\" \/>\n\t<meta name=\"twitter:data1\" content=\"2 minutes\" \/>\n<script type=\"application\/ld+json\" class=\"yoast-schema-graph\">{\"@context\":\"https:\/\/schema.org\",\"@graph\":[{\"@type\":\"WebPage\",\"@id\":\"https:\/\/labinterior.de\/at\/quotation\/\",\"url\":\"https:\/\/labinterior.de\/at\/quotation\/\",\"name\":\"Quotation - Lab Interior\",\"isPartOf\":{\"@id\":\"https:\/\/labinterior.de\/sl\/#website\"},\"datePublished\":\"2022-06-08T05:17:58+00:00\",\"dateModified\":\"2025-08-01T07:29:20+00:00\",\"description\":\"Fordern Sie Ihr individuelles Angebot f\u00fcr hochwertige Laboreinrichtung an. Schnell, einfach und ma\u00dfgeschneidert. Lab Interior \u2013 Ihr Partner f\u00fcr Laborl\u00f6sungen.\",\"breadcrumb\":{\"@id\":\"https:\/\/labinterior.de\/at\/quotation\/#breadcrumb\"},\"inLanguage\":\"at\",\"potentialAction\":[{\"@type\":\"ReadAction\",\"target\":[\"https:\/\/labinterior.de\/at\/quotation\/\"]}]},{\"@type\":\"BreadcrumbList\",\"@id\":\"https:\/\/labinterior.de\/at\/quotation\/#breadcrumb\",\"itemListElement\":[{\"@type\":\"ListItem\",\"position\":1,\"name\":\"Startseite\",\"item\":\"https:\/\/labinterior.de\/at\/\"},{\"@type\":\"ListItem\",\"position\":2,\"name\":\"Quotation\"}]},{\"@type\":\"WebSite\",\"@id\":\"https:\/\/labinterior.de\/sl\/#website\",\"url\":\"https:\/\/labinterior.de\/sl\/\",\"name\":\"Lab Interior\",\"description\":\"Laboratorijsko pohi\u0161tvo in oprema po meri - Lab Interior laboratorijsko pohi\u0161tvo\",\"publisher\":{\"@id\":\"https:\/\/labinterior.de\/sl\/#organization\"},\"potentialAction\":[{\"@type\":\"SearchAction\",\"target\":{\"@type\":\"EntryPoint\",\"urlTemplate\":\"https:\/\/labinterior.de\/sl\/?s={search_term_string}\"},\"query-input\":{\"@type\":\"PropertyValueSpecification\",\"valueRequired\":true,\"valueName\":\"search_term_string\"}}],\"inLanguage\":\"at\"},{\"@type\":\"Organization\",\"@id\":\"https:\/\/labinterior.de\/sl\/#organization\",\"name\":\"Lab Interior\",\"url\":\"https:\/\/labinterior.de\/sl\/\",\"logo\":{\"@type\":\"ImageObject\",\"inLanguage\":\"at\",\"@id\":\"https:\/\/labinterior.de\/sl\/#\/schema\/logo\/image\/\",\"url\":\"https:\/\/labinterior.de\/wp-content\/uploads\/2022\/04\/LabInterior_LOGO.png\",\"contentUrl\":\"https:\/\/labinterior.de\/wp-content\/uploads\/2022\/04\/LabInterior_LOGO.png\",\"width\":1199,\"height\":479,\"caption\":\"Lab Interior\"},\"image\":{\"@id\":\"https:\/\/labinterior.de\/sl\/#\/schema\/logo\/image\/\"},\"sameAs\":[\"https:\/\/facebook.com\/labinterior.de\",\"https:\/\/www.linkedin.com\/company\/lab-interior\/\"]}]}<\/script>\n<!-- \/ Yoast SEO plugin. -->","yoast_head_json":{"title":"Quotation - Lab Interior","description":"Fordern Sie Ihr individuelles Angebot f\u00fcr hochwertige Laboreinrichtung an. Schnell, einfach und ma\u00dfgeschneidert. Lab Interior \u2013 Ihr Partner f\u00fcr Laborl\u00f6sungen.","robots":{"index":"index","follow":"follow","max-snippet":"max-snippet:-1","max-image-preview":"max-image-preview:large","max-video-preview":"max-video-preview:-1"},"canonical":"https:\/\/labinterior.de\/at\/quotation\/","og_locale":"en_US","og_type":"article","og_title":"Quotation - Lab Interior","og_description":"Fordern Sie Ihr individuelles Angebot f\u00fcr hochwertige Laboreinrichtung an. Schnell, einfach und ma\u00dfgeschneidert. Lab Interior \u2013 Ihr Partner f\u00fcr Laborl\u00f6sungen.","og_url":"https:\/\/labinterior.de\/at\/quotation\/","og_site_name":"Lab Interior","article_publisher":"https:\/\/facebook.com\/labinterior.de","article_modified_time":"2025-08-01T07:29:20+00:00","twitter_card":"summary_large_image","twitter_misc":{"Est. reading time":"2 minutes"},"schema":{"@context":"https:\/\/schema.org","@graph":[{"@type":"WebPage","@id":"https:\/\/labinterior.de\/at\/quotation\/","url":"https:\/\/labinterior.de\/at\/quotation\/","name":"Quotation - Lab Interior","isPartOf":{"@id":"https:\/\/labinterior.de\/sl\/#website"},"datePublished":"2022-06-08T05:17:58+00:00","dateModified":"2025-08-01T07:29:20+00:00","description":"Fordern Sie Ihr individuelles Angebot f\u00fcr hochwertige Laboreinrichtung an. Schnell, einfach und ma\u00dfgeschneidert. Lab Interior \u2013 Ihr Partner f\u00fcr Laborl\u00f6sungen.","breadcrumb":{"@id":"https:\/\/labinterior.de\/at\/quotation\/#breadcrumb"},"inLanguage":"at","potentialAction":[{"@type":"ReadAction","target":["https:\/\/labinterior.de\/at\/quotation\/"]}]},{"@type":"BreadcrumbList","@id":"https:\/\/labinterior.de\/at\/quotation\/#breadcrumb","itemListElement":[{"@type":"ListItem","position":1,"name":"Startseite","item":"https:\/\/labinterior.de\/at\/"},{"@type":"ListItem","position":2,"name":"Quotation"}]},{"@type":"WebSite","@id":"https:\/\/labinterior.de\/sl\/#website","url":"https:\/\/labinterior.de\/sl\/","name":"Lab Interior","description":"Laboratorijsko pohi\u0161tvo in oprema po meri - Lab Interior laboratorijsko pohi\u0161tvo","publisher":{"@id":"https:\/\/labinterior.de\/sl\/#organization"},"potentialAction":[{"@type":"SearchAction","target":{"@type":"EntryPoint","urlTemplate":"https:\/\/labinterior.de\/sl\/?s={search_term_string}"},"query-input":{"@type":"PropertyValueSpecification","valueRequired":true,"valueName":"search_term_string"}}],"inLanguage":"at"},{"@type":"Organization","@id":"https:\/\/labinterior.de\/sl\/#organization","name":"Lab Interior","url":"https:\/\/labinterior.de\/sl\/","logo":{"@type":"ImageObject","inLanguage":"at","@id":"https:\/\/labinterior.de\/sl\/#\/schema\/logo\/image\/","url":"https:\/\/labinterior.de\/wp-content\/uploads\/2022\/04\/LabInterior_LOGO.png","contentUrl":"https:\/\/labinterior.de\/wp-content\/uploads\/2022\/04\/LabInterior_LOGO.png","width":1199,"height":479,"caption":"Lab Interior"},"image":{"@id":"https:\/\/labinterior.de\/sl\/#\/schema\/logo\/image\/"},"sameAs":["https:\/\/facebook.com\/labinterior.de","https:\/\/www.linkedin.com\/company\/lab-interior\/"]}]}},"_links":{"self":[{"href":"https:\/\/labinterior.de\/at\/wp-json\/wp\/v2\/pages\/16542","targetHints":{"allow":["GET"]}}],"collection":[{"href":"https:\/\/labinterior.de\/at\/wp-json\/wp\/v2\/pages"}],"about":[{"href":"https:\/\/labinterior.de\/at\/wp-json\/wp\/v2\/types\/page"}],"author":[{"embeddable":true,"href":"https:\/\/labinterior.de\/at\/wp-json\/wp\/v2\/users\/1"}],"replies":[{"embeddable":true,"href":"https:\/\/labinterior.de\/at\/wp-json\/wp\/v2\/comments?post=16542"}],"version-history":[{"count":4,"href":"https:\/\/labinterior.de\/at\/wp-json\/wp\/v2\/pages\/16542\/revisions"}],"predecessor-version":[{"id":23269,"href":"https:\/\/labinterior.de\/at\/wp-json\/wp\/v2\/pages\/16542\/revisions\/23269"}],"wp:attachment":[{"href":"https:\/\/labinterior.de\/at\/wp-json\/wp\/v2\/media?parent=16542"}],"curies":[{"name":"wp","href":"https:\/\/api.w.org\/{rel}","templated":true}]}}