{"id":21551,"date":"2024-03-18T11:10:29","date_gmt":"2024-03-18T10:10:29","guid":{"rendered":"https:\/\/labinterior.de\/digestoriji\/walkin\/"},"modified":"2025-08-01T09:01:16","modified_gmt":"2025-08-01T07:01:16","slug":"walkin","status":"publish","type":"page","link":"https:\/\/labinterior.de\/at\/digestoriji\/walkin\/","title":{"rendered":"WalkIn"},"content":{"rendered":"\t\t<div data-elementor-type=\"wp-page\" data-elementor-id=\"21551\" class=\"elementor elementor-21551 elementor-21546\">\n\t\t\t\t\t\t<section class=\"elementor-section elementor-top-section elementor-element elementor-element-7df0c75 elementor-section-boxed elementor-section-height-default elementor-section-height-default\" data-id=\"7df0c75\" data-element_type=\"section\">\n\t\t\t\t\t\t<div class=\"elementor-container elementor-column-gap-default\">\n\t\t\t\t\t<div class=\"elementor-column elementor-col-100 elementor-top-column elementor-element elementor-element-894c8d3\" data-id=\"894c8d3\" data-element_type=\"column\">\n\t\t\t<div class=\"elementor-widget-wrap elementor-element-populated\">\n\t\t\t\t\t\t<div class=\"elementor-element elementor-element-4019836 elementor-widget elementor-widget-spacer\" data-id=\"4019836\" data-element_type=\"widget\" data-widget_type=\"spacer.default\">\n\t\t\t\t<div class=\"elementor-widget-container\">\n\t\t\t\t\t\t\t<div class=\"elementor-spacer\">\n\t\t\t<div class=\"elementor-spacer-inner\"><\/div>\n\t\t<\/div>\n\t\t\t\t\t\t<\/div>\n\t\t\t\t<\/div>\n\t\t\t\t<div class=\"elementor-element elementor-element-cabbf80 divider_yes aleft elementor-widget elementor-widget-wgl-double-heading\" data-id=\"cabbf80\" data-element_type=\"widget\" data-widget_type=\"wgl-double-heading.default\">\n\t\t\t\t<div class=\"elementor-widget-container\">\n\t\t\t\t\t<div class=\"wgl-double-heading\"><h3 class=\"dblh__title-wrapper\"><span class=\"dblh__divider\"><\/span><span class=\"dblh__title dblh__title-1\">Begehbare Laborabz\u00fcge<\/span><\/h3><\/div>\t\t\t\t<\/div>\n\t\t\t\t<\/div>\n\t\t\t\t<div class=\"elementor-element elementor-element-678e23d elementor-widget elementor-widget-text-editor\" data-id=\"678e23d\" data-element_type=\"widget\" data-widget_type=\"text-editor.default\">\n\t\t\t\t<div class=\"elementor-widget-container\">\n\t\t\t\t\t\t\t\t\t<p>Begehbarer Abzug bietet den gr\u00f6\u00dften nutzbaren Innenraum und einfachen Zugang zu sperrigeren Ger\u00e4ten. Einseitige Installationspaneele erm\u00f6glichen die Installation aller gew\u00fcnschten elektrischen und sanit\u00e4r Einrichtungen in einer sehr ergonomischen Position.<\/p>\n<p>Begehbare Abz\u00fcge sind besonders praktisch, wenn sie zusammen mit mobilen Tischen verwendet werden, die direkt im Arbeitsbereich platziert werden k\u00f6nnen. Wir bieten 2 Standardtiefen von begehbaren Abz\u00fcgen an.<\/p>\n<p><\/p>\n<p>&gt;&gt;&nbsp;<a href=\"https:\/\/labinterior.de\/wp-content\/uploads\/2024\/03\/LabInterior_WalkInFumeHoods_BagehbareLaborabzuege.pdf\" target=\"_blank\" style=\"font-size: 18px;\">Technische Details<\/a><\/p>\t\t\t\t\t\t\t\t<\/div>\n\t\t\t\t<\/div>\n\t\t\t\t\t<\/div>\n\t\t<\/div>\n\t\t\t\t\t<\/div>\n\t\t<\/section>\n\t\t\t\t<section class=\"elementor-section elementor-top-section elementor-element elementor-element-5509410 elementor-section-boxed elementor-section-height-default elementor-section-height-default\" data-id=\"5509410\" data-element_type=\"section\" data-settings=\"{&quot;background_background&quot;:&quot;classic&quot;}\">\n\t\t\t\t\t\t\t<div class=\"elementor-background-overlay\"><\/div>\n\t\t\t\t\t\t\t<div class=\"elementor-container elementor-column-gap-default\">\n\t\t\t\t\t<div class=\"elementor-column elementor-col-100 elementor-top-column elementor-element elementor-element-06c2658\" data-id=\"06c2658\" data-element_type=\"column\">\n\t\t\t<div class=\"elementor-widget-wrap elementor-element-populated\">\n\t\t\t\t\t\t<div class=\"elementor-element elementor-element-aceaa5f elementor-widget elementor-widget-spacer\" data-id=\"aceaa5f\" data-element_type=\"widget\" data-widget_type=\"spacer.default\">\n\t\t\t\t<div class=\"elementor-widget-container\">\n\t\t\t\t\t\t\t<div class=\"elementor-spacer\">\n\t\t\t<div class=\"elementor-spacer-inner\"><\/div>\n\t\t<\/div>\n\t\t\t\t\t\t<\/div>\n\t\t\t\t<\/div>\n\t\t\t\t<div class=\"elementor-element elementor-element-fabf90a elementor-invisible elementor-widget elementor-widget-image\" data-id=\"fabf90a\" data-element_type=\"widget\" data-settings=\"{&quot;_animation&quot;:&quot;fadeInUp&quot;,&quot;_animation_delay&quot;:200}\" data-widget_type=\"image.default\">\n\t\t\t\t<div class=\"elementor-widget-container\">\n\t\t\t\t\t\t\t\t\t\t\t\t\t\t\t<img decoding=\"async\" width=\"250\" height=\"100\" src=\"https:\/\/labinterior.de\/wp-content\/uploads\/2022\/05\/logo_mobile_menu.png\" class=\"attachment-full size-full wp-image-6276\" alt=\"\" \/>\t\t\t\t\t\t\t\t\t\t\t\t\t\t\t<\/div>\n\t\t\t\t<\/div>\n\t\t\t\t<div class=\"elementor-element elementor-element-a99ed3f elementor-invisible elementor-widget elementor-widget-heading\" data-id=\"a99ed3f\" data-element_type=\"widget\" data-settings=\"{&quot;_animation&quot;:&quot;fadeInUp&quot;,&quot;_animation_delay&quot;:400}\" data-widget_type=\"heading.default\">\n\t\t\t\t<div class=\"elementor-widget-container\">\n\t\t\t\t\t<h2 class=\"elementor-heading-title elementor-size-small\">Wir setzen neue Standards, weil wir Sachen gerne anders machen.<\/h2>\t\t\t\t<\/div>\n\t\t\t\t<\/div>\n\t\t\t\t<div class=\"elementor-element elementor-element-bc3381d acenter a-mobilecenter elementor-invisible elementor-widget elementor-widget-wgl-button\" data-id=\"bc3381d\" data-element_type=\"widget\" data-settings=\"{&quot;_animation&quot;:&quot;fadeInUp&quot;,&quot;_animation_delay&quot;:600}\" data-widget_type=\"wgl-button.default\">\n\t\t\t\t<div class=\"elementor-widget-container\">\n\t\t\t\t\t<div class=\"button-wrapper\"><a  class=\"wgl-button btn-size-xl \" role=\"button\" href=\"\/requests\"><div class=\"button-content-wrapper \"><span class=\"wgl-button-text\">ANGEBOT ERHALTEN ODER KATALOG HERUNTERLADEN<\/span><\/div><\/a><\/div>\t\t\t\t<\/div>\n\t\t\t\t<\/div>\n\t\t\t\t<div class=\"elementor-element elementor-element-2154386 elementor-widget elementor-widget-spacer\" data-id=\"2154386\" data-element_type=\"widget\" data-widget_type=\"spacer.default\">\n\t\t\t\t<div class=\"elementor-widget-container\">\n\t\t\t\t\t\t\t<div class=\"elementor-spacer\">\n\t\t\t<div class=\"elementor-spacer-inner\"><\/div>\n\t\t<\/div>\n\t\t\t\t\t\t<\/div>\n\t\t\t\t<\/div>\n\t\t\t\t\t<\/div>\n\t\t<\/div>\n\t\t\t\t\t<\/div>\n\t\t<\/section>\n\t\t\t\t<\/div>\n\t\t","protected":false},"excerpt":{"rendered":"<p>Begehbare Laborabz\u00fcge Begehbarer Abzug bietet den gr\u00f6\u00dften nutzbaren Innenraum und einfachen Zugang zu sperrigeren Ger\u00e4ten. Einseitige Installationspaneele erm\u00f6glichen die Installation aller gew\u00fcnschten elektrischen und sanit\u00e4r Einrichtungen in einer sehr ergonomischen Position. Begehbare Abz\u00fcge sind besonders praktisch, wenn sie zusammen mit mobilen Tischen verwendet werden, die direkt im Arbeitsbereich platziert werden k\u00f6nnen. Wir bieten 2 Standardtiefen [&hellip;]<\/p>\n","protected":false},"author":1,"featured_media":0,"parent":16538,"menu_order":0,"comment_status":"closed","ping_status":"closed","template":"","meta":{"footnotes":""},"class_list":["post-21551","page","type-page","status-publish","hentry"],"yoast_head":"<!-- This site is optimized with the Yoast SEO plugin v25.9 - https:\/\/yoast.com\/wordpress\/plugins\/seo\/ -->\n<title>WalkIn - Lab Interior<\/title>\n<meta name=\"description\" content=\"Begehbare Laborabz\u00fcge mit maximalem Innenraum und ergonomischer Ausstattung. Ideal f\u00fcr sperrige Ger\u00e4te und flexible Nutzung mit mobilen Tischen. Zwei Standardtiefen verf\u00fcgbar.\" \/>\n<meta name=\"robots\" content=\"index, follow, max-snippet:-1, max-image-preview:large, max-video-preview:-1\" \/>\n<link rel=\"canonical\" href=\"https:\/\/labinterior.de\/at\/digestoriji\/walkin\/\" \/>\n<meta property=\"og:locale\" content=\"en_US\" \/>\n<meta property=\"og:type\" content=\"article\" \/>\n<meta property=\"og:title\" content=\"WalkIn - Lab Interior\" \/>\n<meta property=\"og:description\" content=\"Begehbare Laborabz\u00fcge mit maximalem Innenraum und ergonomischer Ausstattung. Ideal f\u00fcr sperrige Ger\u00e4te und flexible Nutzung mit mobilen Tischen. Zwei Standardtiefen verf\u00fcgbar.\" \/>\n<meta property=\"og:url\" content=\"https:\/\/labinterior.de\/at\/digestoriji\/walkin\/\" \/>\n<meta property=\"og:site_name\" content=\"Lab Interior\" \/>\n<meta property=\"article:publisher\" content=\"https:\/\/facebook.com\/labinterior.de\" \/>\n<meta property=\"article:modified_time\" content=\"2025-08-01T07:01:16+00:00\" \/>\n<meta property=\"og:image\" content=\"https:\/\/labinterior.de\/wp-content\/uploads\/2022\/05\/logo_mobile_menu.png\" \/>\n<meta name=\"twitter:card\" content=\"summary_large_image\" \/>\n<meta name=\"twitter:label1\" content=\"Est. reading time\" \/>\n\t<meta name=\"twitter:data1\" content=\"1 minute\" \/>\n<script type=\"application\/ld+json\" class=\"yoast-schema-graph\">{\"@context\":\"https:\/\/schema.org\",\"@graph\":[{\"@type\":\"WebPage\",\"@id\":\"https:\/\/labinterior.de\/at\/digestoriji\/walkin\/\",\"url\":\"https:\/\/labinterior.de\/at\/digestoriji\/walkin\/\",\"name\":\"WalkIn - Lab Interior\",\"isPartOf\":{\"@id\":\"https:\/\/labinterior.de\/sl\/#website\"},\"primaryImageOfPage\":{\"@id\":\"https:\/\/labinterior.de\/at\/digestoriji\/walkin\/#primaryimage\"},\"image\":{\"@id\":\"https:\/\/labinterior.de\/at\/digestoriji\/walkin\/#primaryimage\"},\"thumbnailUrl\":\"https:\/\/labinterior.de\/wp-content\/uploads\/2022\/05\/logo_mobile_menu.png\",\"datePublished\":\"2024-03-18T10:10:29+00:00\",\"dateModified\":\"2025-08-01T07:01:16+00:00\",\"description\":\"Begehbare Laborabz\u00fcge mit maximalem Innenraum und ergonomischer Ausstattung. Ideal f\u00fcr sperrige Ger\u00e4te und flexible Nutzung mit mobilen Tischen. Zwei Standardtiefen verf\u00fcgbar.\",\"breadcrumb\":{\"@id\":\"https:\/\/labinterior.de\/at\/digestoriji\/walkin\/#breadcrumb\"},\"inLanguage\":\"at\",\"potentialAction\":[{\"@type\":\"ReadAction\",\"target\":[\"https:\/\/labinterior.de\/at\/digestoriji\/walkin\/\"]}]},{\"@type\":\"ImageObject\",\"inLanguage\":\"at\",\"@id\":\"https:\/\/labinterior.de\/at\/digestoriji\/walkin\/#primaryimage\",\"url\":\"https:\/\/labinterior.de\/wp-content\/uploads\/2022\/05\/logo_mobile_menu.png\",\"contentUrl\":\"https:\/\/labinterior.de\/wp-content\/uploads\/2022\/05\/logo_mobile_menu.png\"},{\"@type\":\"BreadcrumbList\",\"@id\":\"https:\/\/labinterior.de\/at\/digestoriji\/walkin\/#breadcrumb\",\"itemListElement\":[{\"@type\":\"ListItem\",\"position\":1,\"name\":\"Startseite\",\"item\":\"https:\/\/labinterior.de\/at\/\"},{\"@type\":\"ListItem\",\"position\":2,\"name\":\"Laborabz\u00fcge\",\"item\":\"https:\/\/labinterior.de\/at\/digestoriji\/\"},{\"@type\":\"ListItem\",\"position\":3,\"name\":\"WalkIn\"}]},{\"@type\":\"WebSite\",\"@id\":\"https:\/\/labinterior.de\/sl\/#website\",\"url\":\"https:\/\/labinterior.de\/sl\/\",\"name\":\"Lab Interior\",\"description\":\"Laboratorijsko pohi\u0161tvo in oprema po meri - Lab Interior laboratorijsko pohi\u0161tvo\",\"publisher\":{\"@id\":\"https:\/\/labinterior.de\/sl\/#organization\"},\"potentialAction\":[{\"@type\":\"SearchAction\",\"target\":{\"@type\":\"EntryPoint\",\"urlTemplate\":\"https:\/\/labinterior.de\/sl\/?s={search_term_string}\"},\"query-input\":{\"@type\":\"PropertyValueSpecification\",\"valueRequired\":true,\"valueName\":\"search_term_string\"}}],\"inLanguage\":\"at\"},{\"@type\":\"Organization\",\"@id\":\"https:\/\/labinterior.de\/sl\/#organization\",\"name\":\"Lab Interior\",\"url\":\"https:\/\/labinterior.de\/sl\/\",\"logo\":{\"@type\":\"ImageObject\",\"inLanguage\":\"at\",\"@id\":\"https:\/\/labinterior.de\/sl\/#\/schema\/logo\/image\/\",\"url\":\"https:\/\/labinterior.de\/wp-content\/uploads\/2022\/04\/LabInterior_LOGO.png\",\"contentUrl\":\"https:\/\/labinterior.de\/wp-content\/uploads\/2022\/04\/LabInterior_LOGO.png\",\"width\":1199,\"height\":479,\"caption\":\"Lab Interior\"},\"image\":{\"@id\":\"https:\/\/labinterior.de\/sl\/#\/schema\/logo\/image\/\"},\"sameAs\":[\"https:\/\/facebook.com\/labinterior.de\",\"https:\/\/www.linkedin.com\/company\/lab-interior\/\"]}]}<\/script>\n<!-- \/ Yoast SEO plugin. -->","yoast_head_json":{"title":"WalkIn - Lab Interior","description":"Begehbare Laborabz\u00fcge mit maximalem Innenraum und ergonomischer Ausstattung. Ideal f\u00fcr sperrige Ger\u00e4te und flexible Nutzung mit mobilen Tischen. Zwei Standardtiefen verf\u00fcgbar.","robots":{"index":"index","follow":"follow","max-snippet":"max-snippet:-1","max-image-preview":"max-image-preview:large","max-video-preview":"max-video-preview:-1"},"canonical":"https:\/\/labinterior.de\/at\/digestoriji\/walkin\/","og_locale":"en_US","og_type":"article","og_title":"WalkIn - Lab Interior","og_description":"Begehbare Laborabz\u00fcge mit maximalem Innenraum und ergonomischer Ausstattung. Ideal f\u00fcr sperrige Ger\u00e4te und flexible Nutzung mit mobilen Tischen. Zwei Standardtiefen verf\u00fcgbar.","og_url":"https:\/\/labinterior.de\/at\/digestoriji\/walkin\/","og_site_name":"Lab Interior","article_publisher":"https:\/\/facebook.com\/labinterior.de","article_modified_time":"2025-08-01T07:01:16+00:00","og_image":[{"url":"https:\/\/labinterior.de\/wp-content\/uploads\/2022\/05\/logo_mobile_menu.png","type":"","width":"","height":""}],"twitter_card":"summary_large_image","twitter_misc":{"Est. reading time":"1 minute"},"schema":{"@context":"https:\/\/schema.org","@graph":[{"@type":"WebPage","@id":"https:\/\/labinterior.de\/at\/digestoriji\/walkin\/","url":"https:\/\/labinterior.de\/at\/digestoriji\/walkin\/","name":"WalkIn - Lab Interior","isPartOf":{"@id":"https:\/\/labinterior.de\/sl\/#website"},"primaryImageOfPage":{"@id":"https:\/\/labinterior.de\/at\/digestoriji\/walkin\/#primaryimage"},"image":{"@id":"https:\/\/labinterior.de\/at\/digestoriji\/walkin\/#primaryimage"},"thumbnailUrl":"https:\/\/labinterior.de\/wp-content\/uploads\/2022\/05\/logo_mobile_menu.png","datePublished":"2024-03-18T10:10:29+00:00","dateModified":"2025-08-01T07:01:16+00:00","description":"Begehbare Laborabz\u00fcge mit maximalem Innenraum und ergonomischer Ausstattung. Ideal f\u00fcr sperrige Ger\u00e4te und flexible Nutzung mit mobilen Tischen. Zwei Standardtiefen verf\u00fcgbar.","breadcrumb":{"@id":"https:\/\/labinterior.de\/at\/digestoriji\/walkin\/#breadcrumb"},"inLanguage":"at","potentialAction":[{"@type":"ReadAction","target":["https:\/\/labinterior.de\/at\/digestoriji\/walkin\/"]}]},{"@type":"ImageObject","inLanguage":"at","@id":"https:\/\/labinterior.de\/at\/digestoriji\/walkin\/#primaryimage","url":"https:\/\/labinterior.de\/wp-content\/uploads\/2022\/05\/logo_mobile_menu.png","contentUrl":"https:\/\/labinterior.de\/wp-content\/uploads\/2022\/05\/logo_mobile_menu.png"},{"@type":"BreadcrumbList","@id":"https:\/\/labinterior.de\/at\/digestoriji\/walkin\/#breadcrumb","itemListElement":[{"@type":"ListItem","position":1,"name":"Startseite","item":"https:\/\/labinterior.de\/at\/"},{"@type":"ListItem","position":2,"name":"Laborabz\u00fcge","item":"https:\/\/labinterior.de\/at\/digestoriji\/"},{"@type":"ListItem","position":3,"name":"WalkIn"}]},{"@type":"WebSite","@id":"https:\/\/labinterior.de\/sl\/#website","url":"https:\/\/labinterior.de\/sl\/","name":"Lab Interior","description":"Laboratorijsko pohi\u0161tvo in oprema po meri - Lab Interior laboratorijsko pohi\u0161tvo","publisher":{"@id":"https:\/\/labinterior.de\/sl\/#organization"},"potentialAction":[{"@type":"SearchAction","target":{"@type":"EntryPoint","urlTemplate":"https:\/\/labinterior.de\/sl\/?s={search_term_string}"},"query-input":{"@type":"PropertyValueSpecification","valueRequired":true,"valueName":"search_term_string"}}],"inLanguage":"at"},{"@type":"Organization","@id":"https:\/\/labinterior.de\/sl\/#organization","name":"Lab Interior","url":"https:\/\/labinterior.de\/sl\/","logo":{"@type":"ImageObject","inLanguage":"at","@id":"https:\/\/labinterior.de\/sl\/#\/schema\/logo\/image\/","url":"https:\/\/labinterior.de\/wp-content\/uploads\/2022\/04\/LabInterior_LOGO.png","contentUrl":"https:\/\/labinterior.de\/wp-content\/uploads\/2022\/04\/LabInterior_LOGO.png","width":1199,"height":479,"caption":"Lab Interior"},"image":{"@id":"https:\/\/labinterior.de\/sl\/#\/schema\/logo\/image\/"},"sameAs":["https:\/\/facebook.com\/labinterior.de","https:\/\/www.linkedin.com\/company\/lab-interior\/"]}]}},"_links":{"self":[{"href":"https:\/\/labinterior.de\/at\/wp-json\/wp\/v2\/pages\/21551","targetHints":{"allow":["GET"]}}],"collection":[{"href":"https:\/\/labinterior.de\/at\/wp-json\/wp\/v2\/pages"}],"about":[{"href":"https:\/\/labinterior.de\/at\/wp-json\/wp\/v2\/types\/page"}],"author":[{"embeddable":true,"href":"https:\/\/labinterior.de\/at\/wp-json\/wp\/v2\/users\/1"}],"replies":[{"embeddable":true,"href":"https:\/\/labinterior.de\/at\/wp-json\/wp\/v2\/comments?post=21551"}],"version-history":[{"count":2,"href":"https:\/\/labinterior.de\/at\/wp-json\/wp\/v2\/pages\/21551\/revisions"}],"predecessor-version":[{"id":23252,"href":"https:\/\/labinterior.de\/at\/wp-json\/wp\/v2\/pages\/21551\/revisions\/23252"}],"up":[{"embeddable":true,"href":"https:\/\/labinterior.de\/at\/wp-json\/wp\/v2\/pages\/16538"}],"wp:attachment":[{"href":"https:\/\/labinterior.de\/at\/wp-json\/wp\/v2\/media?parent=21551"}],"curies":[{"name":"wp","href":"https:\/\/api.w.org\/{rel}","templated":true}]}}