{"id":21920,"date":"2024-05-24T07:03:49","date_gmt":"2024-05-24T05:03:49","guid":{"rendered":"https:\/\/labinterior.de\/digestoriji\/theghost\/"},"modified":"2025-08-01T08:59:20","modified_gmt":"2025-08-01T06:59:20","slug":"theghost","status":"publish","type":"page","link":"https:\/\/labinterior.de\/at\/digestoriji\/theghost\/","title":{"rendered":"TheGhost"},"content":{"rendered":"\t\t<div data-elementor-type=\"wp-page\" data-elementor-id=\"21920\" class=\"elementor elementor-21920 elementor-21883\">\n\t\t\t\t\t\t<section class=\"elementor-section elementor-top-section elementor-element elementor-element-37be11e elementor-section-boxed elementor-section-height-default elementor-section-height-default\" data-id=\"37be11e\" data-element_type=\"section\">\n\t\t\t\t\t\t<div class=\"elementor-container elementor-column-gap-default\">\n\t\t\t\t\t<div class=\"elementor-column elementor-col-100 elementor-top-column elementor-element elementor-element-f258da6\" data-id=\"f258da6\" data-element_type=\"column\">\n\t\t\t<div class=\"elementor-widget-wrap elementor-element-populated\">\n\t\t\t\t\t\t<div class=\"elementor-element elementor-element-27caf14 elementor-widget elementor-widget-image\" data-id=\"27caf14\" data-element_type=\"widget\" data-widget_type=\"image.default\">\n\t\t\t\t<div class=\"elementor-widget-container\">\n\t\t\t\t\t\t\t\t\t\t\t\t\t\t\t<img decoding=\"async\" width=\"300\" height=\"144\" src=\"https:\/\/labinterior.de\/wp-content\/uploads\/2024\/05\/TheGhost-300x144.png\" class=\"attachment-medium size-medium wp-image-21909\" alt=\"\" srcset=\"https:\/\/labinterior.de\/wp-content\/uploads\/2024\/05\/TheGhost-300x144.png 300w, https:\/\/labinterior.de\/wp-content\/uploads\/2024\/05\/TheGhost-1024x493.png 1024w, https:\/\/labinterior.de\/wp-content\/uploads\/2024\/05\/TheGhost-768x370.png 768w, https:\/\/labinterior.de\/wp-content\/uploads\/2024\/05\/TheGhost-1536x739.png 1536w, https:\/\/labinterior.de\/wp-content\/uploads\/2024\/05\/TheGhost.png 1590w\" sizes=\"(max-width: 300px) 100vw, 300px\" \/>\t\t\t\t\t\t\t\t\t\t\t\t\t\t\t<\/div>\n\t\t\t\t<\/div>\n\t\t\t\t\t<\/div>\n\t\t<\/div>\n\t\t\t\t\t<\/div>\n\t\t<\/section>\n\t\t\t\t<section class=\"elementor-section elementor-top-section elementor-element elementor-element-917775c elementor-section-boxed elementor-section-height-default elementor-section-height-default\" data-id=\"917775c\" data-element_type=\"section\">\n\t\t\t\t\t\t<div class=\"elementor-container elementor-column-gap-default\">\n\t\t\t\t\t<div class=\"elementor-column elementor-col-100 elementor-top-column elementor-element elementor-element-5782dfa\" data-id=\"5782dfa\" data-element_type=\"column\">\n\t\t\t<div class=\"elementor-widget-wrap elementor-element-populated\">\n\t\t\t\t\t\t<div class=\"elementor-element elementor-element-e52ff04 elementor-widget elementor-widget-spacer\" data-id=\"e52ff04\" data-element_type=\"widget\" data-widget_type=\"spacer.default\">\n\t\t\t\t<div class=\"elementor-widget-container\">\n\t\t\t\t\t\t\t<div class=\"elementor-spacer\">\n\t\t\t<div class=\"elementor-spacer-inner\"><\/div>\n\t\t<\/div>\n\t\t\t\t\t\t<\/div>\n\t\t\t\t<\/div>\n\t\t\t\t<div class=\"elementor-element elementor-element-da1e0cd divider_yes aleft elementor-widget elementor-widget-wgl-double-heading\" data-id=\"da1e0cd\" data-element_type=\"widget\" data-widget_type=\"wgl-double-heading.default\">\n\t\t\t\t<div class=\"elementor-widget-container\">\n\t\t\t\t\t<div class=\"wgl-double-heading\"><h3 class=\"dblh__title-wrapper\"><span class=\"dblh__divider\"><\/span><span class=\"dblh__title dblh__title-1\">The Ghost - Filterlaborabzug<\/span><\/h3><\/div>\t\t\t\t<\/div>\n\t\t\t\t<\/div>\n\t\t\t\t<div class=\"elementor-element elementor-element-f7ffaf9 elementor-widget elementor-widget-text-editor\" data-id=\"f7ffaf9\" data-element_type=\"widget\" data-widget_type=\"text-editor.default\">\n\t\t\t\t<div class=\"elementor-widget-container\">\n\t\t\t\t\t\t\t\t\t<p>Entwickelt in Zusammenarbeit mit dem franz\u00f6sischen Unternehmen <a href=\"https:\/\/www.erlab.com\/de\/\" target=\"_blank\" rel=\"noopener\">ERLAB<\/a>, dem weltweit f\u00fchrenden Anbieter von Luftfiltrationstechnologie.<\/p><p>Erh\u00e4ltlich in 3 verschiedenen Breiten, mit 2 w\u00e4hlbaren Innenverkleidungen (Melamin, Phenolharz-Laminat).<\/p><p>Vergleichbare Konfigurierbarkeit mit einem Standard-Laborabzug, geeignet f\u00fcr eine Vielzahl von Anwendungen.<\/p><p>&gt;&gt;\u00a0<a href=\"https:\/\/labinterior.de\/wp-content\/uploads\/2024\/05\/LabInterior_TheGhost_FiltrationFumeHood_Filterlaborabzug.pdf\" target=\"_blank\" style=\"font-size: 18px;\" rel=\"noopener\">Tehnische Details<\/a><\/p>\t\t\t\t\t\t\t\t<\/div>\n\t\t\t\t<\/div>\n\t\t\t\t\t<\/div>\n\t\t<\/div>\n\t\t\t\t\t<\/div>\n\t\t<\/section>\n\t\t\t\t<section class=\"elementor-section elementor-top-section elementor-element elementor-element-614500a elementor-section-boxed elementor-section-height-default elementor-section-height-default\" data-id=\"614500a\" data-element_type=\"section\">\n\t\t\t\t\t\t<div class=\"elementor-container elementor-column-gap-default\">\n\t\t\t\t\t<div class=\"elementor-column elementor-col-100 elementor-top-column elementor-element elementor-element-d8a9865\" data-id=\"d8a9865\" data-element_type=\"column\">\n\t\t\t<div class=\"elementor-widget-wrap elementor-element-populated\">\n\t\t\t\t\t\t<div class=\"elementor-element elementor-element-b6a5825 elementor-invisible elementor-widget elementor-widget-image\" data-id=\"b6a5825\" data-element_type=\"widget\" data-settings=\"{&quot;_animation&quot;:&quot;zoomIn&quot;}\" data-widget_type=\"image.default\">\n\t\t\t\t<div class=\"elementor-widget-container\">\n\t\t\t\t\t\t\t\t\t\t\t\t\t\t\t\t<a href=\"https:\/\/labinterior.de\/wp-content\/uploads\/2024\/05\/Digestorij_Ghost_FOTO_web.png\" data-elementor-open-lightbox=\"yes\" data-elementor-lightbox-title=\"Digestorij_Ghost_FOTO_web\" data-e-action-hash=\"#elementor-action%3Aaction%3Dlightbox%26settings%3DeyJpZCI6MjE5MDMsInVybCI6Imh0dHBzOlwvXC9sYWJpbnRlcmlvci5kZVwvd3AtY29udGVudFwvdXBsb2Fkc1wvMjAyNFwvMDVcL0RpZ2VzdG9yaWpfR2hvc3RfRk9UT193ZWIucG5nIn0%3D\">\n\t\t\t\t\t\t\t<img decoding=\"async\" src=\"https:\/\/labinterior.de\/wp-content\/uploads\/elementor\/thumbs\/Digestorij_Ghost_FOTO_web-qom9j0z13rymvtikhnktr0w4sew692q6ebnevvsank.png\" title=\"Digestorij_Ghost_FOTO_web\" alt=\"Digestorij_Ghost_FOTO_web\" loading=\"lazy\" \/>\t\t\t\t\t\t\t\t<\/a>\n\t\t\t\t\t\t\t\t\t\t\t\t\t\t\t<\/div>\n\t\t\t\t<\/div>\n\t\t\t\t\t<\/div>\n\t\t<\/div>\n\t\t\t\t\t<\/div>\n\t\t<\/section>\n\t\t\t\t<section class=\"elementor-section elementor-top-section elementor-element elementor-element-1d718e7 elementor-section-boxed elementor-section-height-default elementor-section-height-default\" data-id=\"1d718e7\" data-element_type=\"section\">\n\t\t\t\t\t\t<div class=\"elementor-container elementor-column-gap-default\">\n\t\t\t\t\t<div class=\"elementor-column elementor-col-25 elementor-top-column elementor-element elementor-element-884f2e8\" data-id=\"884f2e8\" data-element_type=\"column\">\n\t\t\t<div class=\"elementor-widget-wrap elementor-element-populated\">\n\t\t\t\t\t\t<div class=\"elementor-element elementor-element-2efd2b7 aleft elementor-widget-icon-box wgl-icon-box elementor-view-bubble animation_bubble elementor-widget elementor-widget-wgl-info-box\" data-id=\"2efd2b7\" data-element_type=\"widget\" data-widget_type=\"wgl-info-box.default\">\n\t\t\t\t<div class=\"elementor-widget-container\">\n\t\t\t\t\t<div class=\"wgl-infobox\"><div class=\"wgl-infobox_wrapper wgl-layout-top\"><div class=\"media-wrapper icon-wrapper\"><span class=\"wgl-icon\" ><i class=\"icon elementor-icon fas fa-check-double\" aria-hidden=\"true\"><\/i><\/span><\/div><div class=\"content_wrapper\"><div class=\"wgl-infobox-title_wrapper\"><h3 class=\"wgl-infobox_title\"><span class=\"wgl-infobox_title-idle\">H\u00d6HERE PRODUKTIVIT\u00c4T<\/span><\/h3><\/div><div class=\"wgl-infobox_content\"><p>Flexible Raumpositionierung.<br \/>Die Filterauswahl wird entsprechend den Bed\u00fcrfnissen des Benutzers konfiguriert.<\/p><\/div><\/div><\/div><\/div>\t\t\t\t<\/div>\n\t\t\t\t<\/div>\n\t\t\t\t\t<\/div>\n\t\t<\/div>\n\t\t\t\t<div class=\"elementor-column elementor-col-25 elementor-top-column elementor-element elementor-element-ecfaca9\" data-id=\"ecfaca9\" data-element_type=\"column\">\n\t\t\t<div class=\"elementor-widget-wrap elementor-element-populated\">\n\t\t\t\t\t\t<div class=\"elementor-element elementor-element-f9c5b27 aleft elementor-widget-icon-box wgl-icon-box elementor-view-bubble animation_bubble elementor-widget elementor-widget-wgl-info-box\" data-id=\"f9c5b27\" data-element_type=\"widget\" data-widget_type=\"wgl-info-box.default\">\n\t\t\t\t<div class=\"elementor-widget-container\">\n\t\t\t\t\t<div class=\"wgl-infobox\"><div class=\"wgl-infobox_wrapper wgl-layout-top\"><div class=\"media-wrapper icon-wrapper\"><span class=\"wgl-icon\" ><i class=\"icon elementor-icon fas fa-coins\" aria-hidden=\"true\"><\/i><\/span><\/div><div class=\"content_wrapper\"><div class=\"wgl-infobox-title_wrapper\"><h3 class=\"wgl-infobox_title\"><span class=\"wgl-infobox_title-idle\">KOSTEN-OPTIMIERUNG<\/span><\/h3><\/div><div class=\"wgl-infobox_content\"><p>Keine Belastung des Bel\u00fcftungssystems des Geb\u00e4udes (geringere Kosten f\u00fcr Heizung\/K\u00fchlung der zugef\u00fchrten Luft). Geringer Stromverbrauch. Kein Anschlu\u00df an Abluftanlage.<\/p><\/div><\/div><\/div><\/div>\t\t\t\t<\/div>\n\t\t\t\t<\/div>\n\t\t\t\t\t<\/div>\n\t\t<\/div>\n\t\t\t\t<div class=\"elementor-column elementor-col-25 elementor-top-column elementor-element elementor-element-060e7a2\" data-id=\"060e7a2\" data-element_type=\"column\">\n\t\t\t<div class=\"elementor-widget-wrap elementor-element-populated\">\n\t\t\t\t\t\t<div class=\"elementor-element elementor-element-54dd2f5 aleft elementor-widget-icon-box wgl-icon-box elementor-view-bubble animation_bubble elementor-widget elementor-widget-wgl-info-box\" data-id=\"54dd2f5\" data-element_type=\"widget\" data-widget_type=\"wgl-info-box.default\">\n\t\t\t\t<div class=\"elementor-widget-container\">\n\t\t\t\t\t<div class=\"wgl-infobox\"><div class=\"wgl-infobox_wrapper wgl-layout-top\"><div class=\"media-wrapper icon-wrapper\"><span class=\"wgl-icon\" ><i class=\"icon elementor-icon fas fa-seedling\" aria-hidden=\"true\"><\/i><\/span><\/div><div class=\"content_wrapper\"><div class=\"wgl-infobox-title_wrapper\"><h3 class=\"wgl-infobox_title\"><span class=\"wgl-infobox_title-idle\">GR\u00dcN UND NACHHALTIG<\/span><\/h3><\/div><div class=\"wgl-infobox_content\"><p>Keine gef\u00e4hrlichen Emissionen in die Umwelt.<\/p><\/div><\/div><\/div><\/div>\t\t\t\t<\/div>\n\t\t\t\t<\/div>\n\t\t\t\t\t<\/div>\n\t\t<\/div>\n\t\t\t\t<div class=\"elementor-column elementor-col-25 elementor-top-column elementor-element elementor-element-7a890a5\" data-id=\"7a890a5\" data-element_type=\"column\">\n\t\t\t<div class=\"elementor-widget-wrap elementor-element-populated\">\n\t\t\t\t\t\t<div class=\"elementor-element elementor-element-89ee314 aleft elementor-widget-icon-box wgl-icon-box elementor-view-bubble animation_bubble elementor-widget elementor-widget-wgl-info-box\" data-id=\"89ee314\" data-element_type=\"widget\" data-widget_type=\"wgl-info-box.default\">\n\t\t\t\t<div class=\"elementor-widget-container\">\n\t\t\t\t\t<div class=\"wgl-infobox\"><div class=\"wgl-infobox_wrapper wgl-layout-top\"><div class=\"media-wrapper icon-wrapper\"><span class=\"wgl-icon\" ><i class=\"icon elementor-icon fas fa-digital-tachograph\" aria-hidden=\"true\"><\/i><\/span><\/div><div class=\"content_wrapper\"><div class=\"wgl-infobox-title_wrapper\"><h3 class=\"wgl-infobox_title\"><span class=\"wgl-infobox_title-idle\">AUTOMATISIERUNG<\/span><\/h3><\/div><div class=\"wgl-infobox_content\"><p>Einfache Bedienung \u00fcber ein Touch-sensitive Bedienfeld. Verbindung mit einer App zur \u00dcberwachung des Status.<\/p><\/div><\/div><\/div><\/div>\t\t\t\t<\/div>\n\t\t\t\t<\/div>\n\t\t\t\t\t<\/div>\n\t\t<\/div>\n\t\t\t\t\t<\/div>\n\t\t<\/section>\n\t\t\t\t<section class=\"elementor-section elementor-top-section elementor-element elementor-element-9dbc67c elementor-section-boxed elementor-section-height-default elementor-section-height-default\" data-id=\"9dbc67c\" data-element_type=\"section\" data-settings=\"{&quot;background_background&quot;:&quot;classic&quot;}\">\n\t\t\t\t\t\t\t<div class=\"elementor-background-overlay\"><\/div>\n\t\t\t\t\t\t\t<div class=\"elementor-container elementor-column-gap-default\">\n\t\t\t\t\t<div class=\"elementor-column elementor-col-100 elementor-top-column elementor-element elementor-element-bf4683a\" data-id=\"bf4683a\" data-element_type=\"column\">\n\t\t\t<div class=\"elementor-widget-wrap elementor-element-populated\">\n\t\t\t\t\t\t<div class=\"elementor-element elementor-element-173a126 elementor-widget elementor-widget-spacer\" data-id=\"173a126\" data-element_type=\"widget\" data-widget_type=\"spacer.default\">\n\t\t\t\t<div class=\"elementor-widget-container\">\n\t\t\t\t\t\t\t<div class=\"elementor-spacer\">\n\t\t\t<div class=\"elementor-spacer-inner\"><\/div>\n\t\t<\/div>\n\t\t\t\t\t\t<\/div>\n\t\t\t\t<\/div>\n\t\t\t\t<div class=\"elementor-element elementor-element-2c7bdd0 elementor-invisible elementor-widget elementor-widget-image\" data-id=\"2c7bdd0\" data-element_type=\"widget\" data-settings=\"{&quot;_animation&quot;:&quot;fadeInUp&quot;,&quot;_animation_delay&quot;:200}\" data-widget_type=\"image.default\">\n\t\t\t\t<div class=\"elementor-widget-container\">\n\t\t\t\t\t\t\t\t\t\t\t\t\t\t\t<img decoding=\"async\" width=\"250\" height=\"100\" src=\"https:\/\/labinterior.de\/wp-content\/uploads\/2024\/05\/logo_mobile_menu.png\" class=\"attachment-full size-full wp-image-21958\" alt=\"\" \/>\t\t\t\t\t\t\t\t\t\t\t\t\t\t\t<\/div>\n\t\t\t\t<\/div>\n\t\t\t\t<div class=\"elementor-element elementor-element-576d64d elementor-invisible elementor-widget elementor-widget-heading\" data-id=\"576d64d\" data-element_type=\"widget\" data-settings=\"{&quot;_animation&quot;:&quot;fadeInUp&quot;,&quot;_animation_delay&quot;:400}\" data-widget_type=\"heading.default\">\n\t\t\t\t<div class=\"elementor-widget-container\">\n\t\t\t\t\t<h2 class=\"elementor-heading-title elementor-size-small\">Wir setzen neue Standards, weil wir Sachen gerne anders machen.<\/h2>\t\t\t\t<\/div>\n\t\t\t\t<\/div>\n\t\t\t\t<div class=\"elementor-element elementor-element-bd80d58 acenter a-mobilecenter elementor-invisible elementor-widget elementor-widget-wgl-button\" data-id=\"bd80d58\" data-element_type=\"widget\" data-settings=\"{&quot;_animation&quot;:&quot;fadeInUp&quot;,&quot;_animation_delay&quot;:600}\" data-widget_type=\"wgl-button.default\">\n\t\t\t\t<div class=\"elementor-widget-container\">\n\t\t\t\t\t<div class=\"button-wrapper\"><a  class=\"wgl-button btn-size-xl \" role=\"button\" href=\"\/requests\"><div class=\"button-content-wrapper \"><span class=\"wgl-button-text\">ANGEBOT ERHALTEN ODER KATALOG HERUNTERLADEN<\/span><\/div><\/a><\/div>\t\t\t\t<\/div>\n\t\t\t\t<\/div>\n\t\t\t\t<div class=\"elementor-element elementor-element-c35aba5 elementor-widget elementor-widget-spacer\" data-id=\"c35aba5\" data-element_type=\"widget\" data-widget_type=\"spacer.default\">\n\t\t\t\t<div class=\"elementor-widget-container\">\n\t\t\t\t\t\t\t<div class=\"elementor-spacer\">\n\t\t\t<div class=\"elementor-spacer-inner\"><\/div>\n\t\t<\/div>\n\t\t\t\t\t\t<\/div>\n\t\t\t\t<\/div>\n\t\t\t\t\t<\/div>\n\t\t<\/div>\n\t\t\t\t\t<\/div>\n\t\t<\/section>\n\t\t\t\t<\/div>\n\t\t","protected":false},"excerpt":{"rendered":"<p>The Ghost &#8211; Filterlaborabzug Entwickelt in Zusammenarbeit mit dem franz\u00f6sischen Unternehmen ERLAB, dem weltweit f\u00fchrenden Anbieter von Luftfiltrationstechnologie. Erh\u00e4ltlich in 3 verschiedenen Breiten, mit 2 w\u00e4hlbaren Innenverkleidungen (Melamin, Phenolharz-Laminat). Vergleichbare Konfigurierbarkeit mit einem Standard-Laborabzug, geeignet f\u00fcr eine Vielzahl von Anwendungen. &gt;&gt;\u00a0Tehnische Details H\u00d6HERE PRODUKTIVIT\u00c4T Flexible Raumpositionierung.Die Filterauswahl wird entsprechend den Bed\u00fcrfnissen des Benutzers konfiguriert. KOSTEN-OPTIMIERUNG [&hellip;]<\/p>\n","protected":false},"author":1,"featured_media":0,"parent":16538,"menu_order":0,"comment_status":"closed","ping_status":"closed","template":"","meta":{"footnotes":""},"class_list":["post-21920","page","type-page","status-publish","hentry"],"yoast_head":"<!-- This site is optimized with the Yoast SEO plugin v25.9 - https:\/\/yoast.com\/wordpress\/plugins\/seo\/ -->\n<title>TheGhost - Lab Interior<\/title>\n<meta name=\"description\" content=\"The Ghost: Der innovative Filterlaborabzug ohne Abluftanschluss \u2013 flexibel, nachhaltig und effizient. Entwickelt mit ERLAB f\u00fcr maximale Sicherheit und Automatisierung im Labor.\" \/>\n<meta name=\"robots\" content=\"index, follow, max-snippet:-1, max-image-preview:large, max-video-preview:-1\" \/>\n<link rel=\"canonical\" href=\"https:\/\/labinterior.de\/at\/digestoriji\/theghost\/\" \/>\n<meta property=\"og:locale\" content=\"en_US\" \/>\n<meta property=\"og:type\" content=\"article\" \/>\n<meta property=\"og:title\" content=\"TheGhost - Lab Interior\" \/>\n<meta property=\"og:description\" content=\"The Ghost: Der innovative Filterlaborabzug ohne Abluftanschluss \u2013 flexibel, nachhaltig und effizient. Entwickelt mit ERLAB f\u00fcr maximale Sicherheit und Automatisierung im Labor.\" \/>\n<meta property=\"og:url\" content=\"https:\/\/labinterior.de\/at\/digestoriji\/theghost\/\" \/>\n<meta property=\"og:site_name\" content=\"Lab Interior\" \/>\n<meta property=\"article:publisher\" content=\"https:\/\/facebook.com\/labinterior.de\" \/>\n<meta property=\"article:modified_time\" content=\"2025-08-01T06:59:20+00:00\" \/>\n<meta property=\"og:image\" content=\"https:\/\/labinterior.de\/wp-content\/uploads\/2024\/05\/TheGhost-300x144.png\" \/>\n<meta name=\"twitter:card\" content=\"summary_large_image\" \/>\n<meta name=\"twitter:label1\" content=\"Est. reading time\" \/>\n\t<meta name=\"twitter:data1\" content=\"2 minutes\" \/>\n<script type=\"application\/ld+json\" class=\"yoast-schema-graph\">{\"@context\":\"https:\/\/schema.org\",\"@graph\":[{\"@type\":\"WebPage\",\"@id\":\"https:\/\/labinterior.de\/at\/digestoriji\/theghost\/\",\"url\":\"https:\/\/labinterior.de\/at\/digestoriji\/theghost\/\",\"name\":\"TheGhost - Lab Interior\",\"isPartOf\":{\"@id\":\"https:\/\/labinterior.de\/sl\/#website\"},\"primaryImageOfPage\":{\"@id\":\"https:\/\/labinterior.de\/at\/digestoriji\/theghost\/#primaryimage\"},\"image\":{\"@id\":\"https:\/\/labinterior.de\/at\/digestoriji\/theghost\/#primaryimage\"},\"thumbnailUrl\":\"https:\/\/labinterior.de\/wp-content\/uploads\/2024\/05\/TheGhost-300x144.png\",\"datePublished\":\"2024-05-24T05:03:49+00:00\",\"dateModified\":\"2025-08-01T06:59:20+00:00\",\"description\":\"The Ghost: Der innovative Filterlaborabzug ohne Abluftanschluss \u2013 flexibel, nachhaltig und effizient. Entwickelt mit ERLAB f\u00fcr maximale Sicherheit und Automatisierung im Labor.\",\"breadcrumb\":{\"@id\":\"https:\/\/labinterior.de\/at\/digestoriji\/theghost\/#breadcrumb\"},\"inLanguage\":\"at\",\"potentialAction\":[{\"@type\":\"ReadAction\",\"target\":[\"https:\/\/labinterior.de\/at\/digestoriji\/theghost\/\"]}]},{\"@type\":\"ImageObject\",\"inLanguage\":\"at\",\"@id\":\"https:\/\/labinterior.de\/at\/digestoriji\/theghost\/#primaryimage\",\"url\":\"https:\/\/labinterior.de\/wp-content\/uploads\/2024\/05\/TheGhost-300x144.png\",\"contentUrl\":\"https:\/\/labinterior.de\/wp-content\/uploads\/2024\/05\/TheGhost-300x144.png\"},{\"@type\":\"BreadcrumbList\",\"@id\":\"https:\/\/labinterior.de\/at\/digestoriji\/theghost\/#breadcrumb\",\"itemListElement\":[{\"@type\":\"ListItem\",\"position\":1,\"name\":\"Startseite\",\"item\":\"https:\/\/labinterior.de\/at\/\"},{\"@type\":\"ListItem\",\"position\":2,\"name\":\"Laborabz\u00fcge\",\"item\":\"https:\/\/labinterior.de\/at\/digestoriji\/\"},{\"@type\":\"ListItem\",\"position\":3,\"name\":\"TheGhost\"}]},{\"@type\":\"WebSite\",\"@id\":\"https:\/\/labinterior.de\/sl\/#website\",\"url\":\"https:\/\/labinterior.de\/sl\/\",\"name\":\"Lab Interior\",\"description\":\"Laboratorijsko pohi\u0161tvo in oprema po meri - Lab Interior laboratorijsko pohi\u0161tvo\",\"publisher\":{\"@id\":\"https:\/\/labinterior.de\/sl\/#organization\"},\"potentialAction\":[{\"@type\":\"SearchAction\",\"target\":{\"@type\":\"EntryPoint\",\"urlTemplate\":\"https:\/\/labinterior.de\/sl\/?s={search_term_string}\"},\"query-input\":{\"@type\":\"PropertyValueSpecification\",\"valueRequired\":true,\"valueName\":\"search_term_string\"}}],\"inLanguage\":\"at\"},{\"@type\":\"Organization\",\"@id\":\"https:\/\/labinterior.de\/sl\/#organization\",\"name\":\"Lab Interior\",\"url\":\"https:\/\/labinterior.de\/sl\/\",\"logo\":{\"@type\":\"ImageObject\",\"inLanguage\":\"at\",\"@id\":\"https:\/\/labinterior.de\/sl\/#\/schema\/logo\/image\/\",\"url\":\"https:\/\/labinterior.de\/wp-content\/uploads\/2022\/04\/LabInterior_LOGO.png\",\"contentUrl\":\"https:\/\/labinterior.de\/wp-content\/uploads\/2022\/04\/LabInterior_LOGO.png\",\"width\":1199,\"height\":479,\"caption\":\"Lab Interior\"},\"image\":{\"@id\":\"https:\/\/labinterior.de\/sl\/#\/schema\/logo\/image\/\"},\"sameAs\":[\"https:\/\/facebook.com\/labinterior.de\",\"https:\/\/www.linkedin.com\/company\/lab-interior\/\"]}]}<\/script>\n<!-- \/ Yoast SEO plugin. -->","yoast_head_json":{"title":"TheGhost - Lab Interior","description":"The Ghost: Der innovative Filterlaborabzug ohne Abluftanschluss \u2013 flexibel, nachhaltig und effizient. Entwickelt mit ERLAB f\u00fcr maximale Sicherheit und Automatisierung im Labor.","robots":{"index":"index","follow":"follow","max-snippet":"max-snippet:-1","max-image-preview":"max-image-preview:large","max-video-preview":"max-video-preview:-1"},"canonical":"https:\/\/labinterior.de\/at\/digestoriji\/theghost\/","og_locale":"en_US","og_type":"article","og_title":"TheGhost - Lab Interior","og_description":"The Ghost: Der innovative Filterlaborabzug ohne Abluftanschluss \u2013 flexibel, nachhaltig und effizient. Entwickelt mit ERLAB f\u00fcr maximale Sicherheit und Automatisierung im Labor.","og_url":"https:\/\/labinterior.de\/at\/digestoriji\/theghost\/","og_site_name":"Lab Interior","article_publisher":"https:\/\/facebook.com\/labinterior.de","article_modified_time":"2025-08-01T06:59:20+00:00","og_image":[{"url":"https:\/\/labinterior.de\/wp-content\/uploads\/2024\/05\/TheGhost-300x144.png","type":"","width":"","height":""}],"twitter_card":"summary_large_image","twitter_misc":{"Est. reading time":"2 minutes"},"schema":{"@context":"https:\/\/schema.org","@graph":[{"@type":"WebPage","@id":"https:\/\/labinterior.de\/at\/digestoriji\/theghost\/","url":"https:\/\/labinterior.de\/at\/digestoriji\/theghost\/","name":"TheGhost - Lab Interior","isPartOf":{"@id":"https:\/\/labinterior.de\/sl\/#website"},"primaryImageOfPage":{"@id":"https:\/\/labinterior.de\/at\/digestoriji\/theghost\/#primaryimage"},"image":{"@id":"https:\/\/labinterior.de\/at\/digestoriji\/theghost\/#primaryimage"},"thumbnailUrl":"https:\/\/labinterior.de\/wp-content\/uploads\/2024\/05\/TheGhost-300x144.png","datePublished":"2024-05-24T05:03:49+00:00","dateModified":"2025-08-01T06:59:20+00:00","description":"The Ghost: Der innovative Filterlaborabzug ohne Abluftanschluss \u2013 flexibel, nachhaltig und effizient. Entwickelt mit ERLAB f\u00fcr maximale Sicherheit und Automatisierung im Labor.","breadcrumb":{"@id":"https:\/\/labinterior.de\/at\/digestoriji\/theghost\/#breadcrumb"},"inLanguage":"at","potentialAction":[{"@type":"ReadAction","target":["https:\/\/labinterior.de\/at\/digestoriji\/theghost\/"]}]},{"@type":"ImageObject","inLanguage":"at","@id":"https:\/\/labinterior.de\/at\/digestoriji\/theghost\/#primaryimage","url":"https:\/\/labinterior.de\/wp-content\/uploads\/2024\/05\/TheGhost-300x144.png","contentUrl":"https:\/\/labinterior.de\/wp-content\/uploads\/2024\/05\/TheGhost-300x144.png"},{"@type":"BreadcrumbList","@id":"https:\/\/labinterior.de\/at\/digestoriji\/theghost\/#breadcrumb","itemListElement":[{"@type":"ListItem","position":1,"name":"Startseite","item":"https:\/\/labinterior.de\/at\/"},{"@type":"ListItem","position":2,"name":"Laborabz\u00fcge","item":"https:\/\/labinterior.de\/at\/digestoriji\/"},{"@type":"ListItem","position":3,"name":"TheGhost"}]},{"@type":"WebSite","@id":"https:\/\/labinterior.de\/sl\/#website","url":"https:\/\/labinterior.de\/sl\/","name":"Lab Interior","description":"Laboratorijsko pohi\u0161tvo in oprema po meri - Lab Interior laboratorijsko pohi\u0161tvo","publisher":{"@id":"https:\/\/labinterior.de\/sl\/#organization"},"potentialAction":[{"@type":"SearchAction","target":{"@type":"EntryPoint","urlTemplate":"https:\/\/labinterior.de\/sl\/?s={search_term_string}"},"query-input":{"@type":"PropertyValueSpecification","valueRequired":true,"valueName":"search_term_string"}}],"inLanguage":"at"},{"@type":"Organization","@id":"https:\/\/labinterior.de\/sl\/#organization","name":"Lab Interior","url":"https:\/\/labinterior.de\/sl\/","logo":{"@type":"ImageObject","inLanguage":"at","@id":"https:\/\/labinterior.de\/sl\/#\/schema\/logo\/image\/","url":"https:\/\/labinterior.de\/wp-content\/uploads\/2022\/04\/LabInterior_LOGO.png","contentUrl":"https:\/\/labinterior.de\/wp-content\/uploads\/2022\/04\/LabInterior_LOGO.png","width":1199,"height":479,"caption":"Lab Interior"},"image":{"@id":"https:\/\/labinterior.de\/sl\/#\/schema\/logo\/image\/"},"sameAs":["https:\/\/facebook.com\/labinterior.de","https:\/\/www.linkedin.com\/company\/lab-interior\/"]}]}},"_links":{"self":[{"href":"https:\/\/labinterior.de\/at\/wp-json\/wp\/v2\/pages\/21920","targetHints":{"allow":["GET"]}}],"collection":[{"href":"https:\/\/labinterior.de\/at\/wp-json\/wp\/v2\/pages"}],"about":[{"href":"https:\/\/labinterior.de\/at\/wp-json\/wp\/v2\/types\/page"}],"author":[{"embeddable":true,"href":"https:\/\/labinterior.de\/at\/wp-json\/wp\/v2\/users\/1"}],"replies":[{"embeddable":true,"href":"https:\/\/labinterior.de\/at\/wp-json\/wp\/v2\/comments?post=21920"}],"version-history":[{"count":9,"href":"https:\/\/labinterior.de\/at\/wp-json\/wp\/v2\/pages\/21920\/revisions"}],"predecessor-version":[{"id":22111,"href":"https:\/\/labinterior.de\/at\/wp-json\/wp\/v2\/pages\/21920\/revisions\/22111"}],"up":[{"embeddable":true,"href":"https:\/\/labinterior.de\/at\/wp-json\/wp\/v2\/pages\/16538"}],"wp:attachment":[{"href":"https:\/\/labinterior.de\/at\/wp-json\/wp\/v2\/media?parent=21920"}],"curies":[{"name":"wp","href":"https:\/\/api.w.org\/{rel}","templated":true}]}}