{"id":18219,"date":"2022-05-29T09:17:43","date_gmt":"2022-05-29T07:17:43","guid":{"rendered":"https:\/\/labinterior.de\/requests\/"},"modified":"2025-07-31T09:45:01","modified_gmt":"2025-07-31T07:45:01","slug":"requests","status":"publish","type":"page","link":"https:\/\/labinterior.de\/bs\/requests\/","title":{"rendered":"Requests"},"content":{"rendered":"\t\t<div data-elementor-type=\"wp-page\" data-elementor-id=\"18219\" class=\"elementor elementor-18219 elementor-6978\">\n\t\t\t\t\t\t<section class=\"elementor-section elementor-top-section elementor-element elementor-element-cfeeaa0 elementor-section-boxed elementor-section-height-default elementor-section-height-default\" data-id=\"cfeeaa0\" data-element_type=\"section\">\n\t\t\t\t\t\t<div class=\"elementor-container elementor-column-gap-default\">\n\t\t\t\t\t<div class=\"elementor-column elementor-col-100 elementor-top-column elementor-element elementor-element-311d4ef\" data-id=\"311d4ef\" data-element_type=\"column\">\n\t\t\t<div class=\"elementor-widget-wrap elementor-element-populated\">\n\t\t\t\t\t\t<div class=\"elementor-element elementor-element-a7d5efc elementor-widget elementor-widget-wpml-language-switcher\" data-id=\"a7d5efc\" data-element_type=\"widget\" data-widget_type=\"wpml-language-switcher.default\">\n\t\t\t\t<div class=\"elementor-widget-container\">\n\t\t\t\t\t<div class=\"wpml-elementor-ls\">\n<div class=\"wpml-ls-statics-shortcode_actions wpml-ls wpml-ls-legacy-list-horizontal\">\n\t<ul><li class=\"wpml-ls-slot-shortcode_actions wpml-ls-item wpml-ls-item-sl wpml-ls-first-item wpml-ls-item-legacy-list-horizontal\">\n\t\t\t\t<a href=\"https:\/\/labinterior.de\/sl\/\" class=\"wpml-ls-link\">\n                                                        <img decoding=\"async\"\n            class=\"wpml-ls-flag\"\n            src=\"https:\/\/labinterior.de\/wp-content\/plugins\/sitepress-multilingual-cms\/res\/flags\/sl.png\"\n            alt=\"Slovenian\"\n            width=18\n            height=12\n    \/><\/a>\n\t\t\t<\/li><li class=\"wpml-ls-slot-shortcode_actions wpml-ls-item wpml-ls-item-en wpml-ls-item-legacy-list-horizontal\">\n\t\t\t\t<a href=\"https:\/\/labinterior.de\/en\/\" class=\"wpml-ls-link\">\n                                                        <img decoding=\"async\"\n            class=\"wpml-ls-flag\"\n            src=\"https:\/\/labinterior.de\/wp-content\/plugins\/sitepress-multilingual-cms\/res\/flags\/en.png\"\n            alt=\"English\"\n            width=18\n            height=12\n    \/><\/a>\n\t\t\t<\/li><li class=\"wpml-ls-slot-shortcode_actions wpml-ls-item wpml-ls-item-de wpml-ls-item-legacy-list-horizontal\">\n\t\t\t\t<a href=\"https:\/\/labinterior.de\/\" class=\"wpml-ls-link\">\n                                                        <img decoding=\"async\"\n            class=\"wpml-ls-flag\"\n            src=\"https:\/\/labinterior.de\/wp-content\/plugins\/sitepress-multilingual-cms\/res\/flags\/de.png\"\n            alt=\"German\"\n            width=18\n            height=12\n    \/><\/a>\n\t\t\t<\/li><li class=\"wpml-ls-slot-shortcode_actions wpml-ls-item wpml-ls-item-at wpml-ls-item-legacy-list-horizontal\">\n\t\t\t\t<a href=\"https:\/\/labinterior.de\/at\/\" class=\"wpml-ls-link\">\n                                                        <img decoding=\"async\"\n            class=\"wpml-ls-flag\"\n            src=\"https:\/\/labinterior.de\/wp-content\/uploads\/flags\/AT.png\"\n            alt=\"Avstrija\"\n            width=18\n            height=12\n    \/><\/a>\n\t\t\t<\/li><li class=\"wpml-ls-slot-shortcode_actions wpml-ls-item wpml-ls-item-nl wpml-ls-item-legacy-list-horizontal\">\n\t\t\t\t<a href=\"https:\/\/labinterior.de\/nl\/\" class=\"wpml-ls-link\">\n                                                        <img decoding=\"async\"\n            class=\"wpml-ls-flag\"\n            src=\"https:\/\/labinterior.de\/wp-content\/plugins\/sitepress-multilingual-cms\/res\/flags\/nl.png\"\n            alt=\"Dutch\"\n            width=18\n            height=12\n    \/><\/a>\n\t\t\t<\/li><li class=\"wpml-ls-slot-shortcode_actions wpml-ls-item wpml-ls-item-bs wpml-ls-current-language wpml-ls-last-item wpml-ls-item-legacy-list-horizontal\">\n\t\t\t\t<a href=\"https:\/\/labinterior.de\/bs\/\" class=\"wpml-ls-link\">\n                                                        <img decoding=\"async\"\n            class=\"wpml-ls-flag\"\n            src=\"https:\/\/labinterior.de\/wp-content\/plugins\/sitepress-multilingual-cms\/res\/flags\/bs.png\"\n            alt=\"Bosnian\"\n            width=18\n            height=12\n    \/><\/a>\n\t\t\t<\/li><\/ul>\n<\/div>\n<\/div>\t\t\t\t<\/div>\n\t\t\t\t<\/div>\n\t\t\t\t<div class=\"elementor-element elementor-element-c1f0542 elementor-widget elementor-widget-text-editor\" data-id=\"c1f0542\" data-element_type=\"widget\" data-widget_type=\"text-editor.default\">\n\t\t\t\t<div class=\"elementor-widget-container\">\n\t\t\t\t\t\t\t\t\t<p data-start=\"560\" data-end=\"837\">\u017delite vi\u0161e informacija o na\u0161em pametnom laboratorijskom namje\u0161taju, kataloge proizvoda ili prilago\u0111enu ponudu?<br data-start=\"671\" data-end=\"674\" \/>Na pravom ste mjestu. Ispod odaberite \u017eelite li nas kontaktirati direktno, preuzeti katalog ili poslati upit za proizvode <strong data-start=\"798\" data-end=\"814\">Lab Interior<\/strong> ili <strong data-start=\"819\" data-end=\"836\">Pregl Digital<\/strong>.<\/p>\t\t\t\t\t\t\t\t<\/div>\n\t\t\t\t<\/div>\n\t\t\t\t\t<\/div>\n\t\t<\/div>\n\t\t\t\t\t<\/div>\n\t\t<\/section>\n\t\t\t\t<section class=\"elementor-section elementor-top-section elementor-element elementor-element-95cbb0a elementor-section-boxed elementor-section-height-default elementor-section-height-default\" data-id=\"95cbb0a\" data-element_type=\"section\">\n\t\t\t\t\t\t<div class=\"elementor-container elementor-column-gap-default\">\n\t\t\t\t\t<div class=\"elementor-column elementor-col-50 elementor-top-column elementor-element elementor-element-dbc51c9\" data-id=\"dbc51c9\" data-element_type=\"column\">\n\t\t\t<div class=\"elementor-widget-wrap elementor-element-populated\">\n\t\t\t\t\t\t<div class=\"elementor-element elementor-element-bd0f77e elementor-widget elementor-widget-image\" data-id=\"bd0f77e\" data-element_type=\"widget\" data-widget_type=\"image.default\">\n\t\t\t\t<div class=\"elementor-widget-container\">\n\t\t\t\t\t\t\t\t\t\t\t\t\t\t\t\t<a href=\"https:\/\/www.labinterior.de\">\n\t\t\t\t\t\t\t<img decoding=\"async\" width=\"280\" height=\"130\" src=\"https:\/\/labinterior.de\/wp-content\/uploads\/2022\/06\/analitika_lab.jpg\" class=\"attachment-medium size-medium wp-image-17898\" alt=\"\" \/>\t\t\t\t\t\t\t\t<\/a>\n\t\t\t\t\t\t\t\t\t\t\t\t\t\t\t<\/div>\n\t\t\t\t<\/div>\n\t\t\t\t<section class=\"elementor-section elementor-inner-section elementor-element elementor-element-f0e7eb2 elementor-section-boxed elementor-section-height-default elementor-section-height-default\" data-id=\"f0e7eb2\" data-element_type=\"section\">\n\t\t\t\t\t\t<div class=\"elementor-container elementor-column-gap-default\">\n\t\t\t\t\t<div class=\"elementor-column elementor-col-50 elementor-inner-column elementor-element elementor-element-4695081\" data-id=\"4695081\" data-element_type=\"column\">\n\t\t\t<div class=\"elementor-widget-wrap elementor-element-populated\">\n\t\t\t\t\t\t<div class=\"elementor-element elementor-element-f6d39c8 elementor-align-center elementor-widget__width-auto elementor-widget elementor-widget-button\" data-id=\"f6d39c8\" data-element_type=\"widget\" data-widget_type=\"button.default\">\n\t\t\t\t<div class=\"elementor-widget-container\">\n\t\t\t\t\t\t\t\t\t<div class=\"elementor-button-wrapper\">\n\t\t\t\t\t<a class=\"elementor-button elementor-button-link elementor-size-sm\" href=\"\/bs\/quotation\">\n\t\t\t\t\t\t<span class=\"elementor-button-content-wrapper\">\n\t\t\t\t\t\t\t\t\t<span class=\"elementor-button-text\">UPIT<\/span>\n\t\t\t\t\t<\/span>\n\t\t\t\t\t<\/a>\n\t\t\t\t<\/div>\n\t\t\t\t\t\t\t\t<\/div>\n\t\t\t\t<\/div>\n\t\t\t\t\t<\/div>\n\t\t<\/div>\n\t\t\t\t<div class=\"elementor-column elementor-col-50 elementor-inner-column elementor-element elementor-element-5278cbc\" data-id=\"5278cbc\" data-element_type=\"column\">\n\t\t\t<div class=\"elementor-widget-wrap elementor-element-populated\">\n\t\t\t\t\t\t<div class=\"elementor-element elementor-element-f1a53ea elementor-align-center elementor-widget__width-auto elementor-widget elementor-widget-button\" data-id=\"f1a53ea\" data-element_type=\"widget\" data-widget_type=\"button.default\">\n\t\t\t\t<div class=\"elementor-widget-container\">\n\t\t\t\t\t\t\t\t\t<div class=\"elementor-button-wrapper\">\n\t\t\t\t\t<a class=\"elementor-button elementor-button-link elementor-size-sm\" href=\"\/bs\/labinterior-catalogue\">\n\t\t\t\t\t\t<span class=\"elementor-button-content-wrapper\">\n\t\t\t\t\t\t\t\t\t<span class=\"elementor-button-text\">KATALOZI<\/span>\n\t\t\t\t\t<\/span>\n\t\t\t\t\t<\/a>\n\t\t\t\t<\/div>\n\t\t\t\t\t\t\t\t<\/div>\n\t\t\t\t<\/div>\n\t\t\t\t\t<\/div>\n\t\t<\/div>\n\t\t\t\t\t<\/div>\n\t\t<\/section>\n\t\t\t\t\t<\/div>\n\t\t<\/div>\n\t\t\t\t<div class=\"elementor-column elementor-col-50 elementor-top-column elementor-element elementor-element-fde850b\" data-id=\"fde850b\" data-element_type=\"column\">\n\t\t\t<div class=\"elementor-widget-wrap elementor-element-populated\">\n\t\t\t\t\t\t<div class=\"elementor-element elementor-element-2021ae5 elementor-widget elementor-widget-image\" data-id=\"2021ae5\" data-element_type=\"widget\" data-widget_type=\"image.default\">\n\t\t\t\t<div class=\"elementor-widget-container\">\n\t\t\t\t\t\t\t\t\t\t\t\t\t\t\t\t<a href=\"https:\/\/www.pregldigital.com%20\">\n\t\t\t\t\t\t\t<img decoding=\"async\" width=\"280\" height=\"130\" src=\"https:\/\/labinterior.de\/wp-content\/uploads\/2022\/06\/analigitka_pregl.jpg\" class=\"attachment-medium size-medium wp-image-17897\" alt=\"\" \/>\t\t\t\t\t\t\t\t<\/a>\n\t\t\t\t\t\t\t\t\t\t\t\t\t\t\t<\/div>\n\t\t\t\t<\/div>\n\t\t\t\t<section class=\"elementor-section elementor-inner-section elementor-element elementor-element-19d4158 elementor-section-boxed elementor-section-height-default elementor-section-height-default\" data-id=\"19d4158\" data-element_type=\"section\">\n\t\t\t\t\t\t<div class=\"elementor-container elementor-column-gap-default\">\n\t\t\t\t\t<div class=\"elementor-column elementor-col-50 elementor-inner-column elementor-element elementor-element-94422d5\" data-id=\"94422d5\" data-element_type=\"column\">\n\t\t\t<div class=\"elementor-widget-wrap elementor-element-populated\">\n\t\t\t\t\t\t<div class=\"elementor-element elementor-element-125d3b3 elementor-align-center elementor-widget__width-auto elementor-widget elementor-widget-button\" data-id=\"125d3b3\" data-element_type=\"widget\" data-widget_type=\"button.default\">\n\t\t\t\t<div class=\"elementor-widget-container\">\n\t\t\t\t\t\t\t\t\t<div class=\"elementor-button-wrapper\">\n\t\t\t\t\t<a class=\"elementor-button elementor-button-link elementor-size-sm\" href=\"\/bs\/pregldigital-quotation\">\n\t\t\t\t\t\t<span class=\"elementor-button-content-wrapper\">\n\t\t\t\t\t\t\t\t\t<span class=\"elementor-button-text\">UPIT<\/span>\n\t\t\t\t\t<\/span>\n\t\t\t\t\t<\/a>\n\t\t\t\t<\/div>\n\t\t\t\t\t\t\t\t<\/div>\n\t\t\t\t<\/div>\n\t\t\t\t\t<\/div>\n\t\t<\/div>\n\t\t\t\t<div class=\"elementor-column elementor-col-50 elementor-inner-column elementor-element elementor-element-c06be68\" data-id=\"c06be68\" data-element_type=\"column\">\n\t\t\t<div class=\"elementor-widget-wrap elementor-element-populated\">\n\t\t\t\t\t\t<div class=\"elementor-element elementor-element-81ec98a elementor-align-center elementor-widget__width-auto elementor-widget elementor-widget-button\" data-id=\"81ec98a\" data-element_type=\"widget\" data-widget_type=\"button.default\">\n\t\t\t\t<div class=\"elementor-widget-container\">\n\t\t\t\t\t\t\t\t\t<div class=\"elementor-button-wrapper\">\n\t\t\t\t\t<a class=\"elementor-button elementor-button-link elementor-size-sm\" href=\"\/bs\/pregldigital-catalogue\">\n\t\t\t\t\t\t<span class=\"elementor-button-content-wrapper\">\n\t\t\t\t\t\t\t\t\t<span class=\"elementor-button-text\">KATALOZI<\/span>\n\t\t\t\t\t<\/span>\n\t\t\t\t\t<\/a>\n\t\t\t\t<\/div>\n\t\t\t\t\t\t\t\t<\/div>\n\t\t\t\t<\/div>\n\t\t\t\t\t<\/div>\n\t\t<\/div>\n\t\t\t\t\t<\/div>\n\t\t<\/section>\n\t\t\t\t<section class=\"elementor-section elementor-inner-section elementor-element elementor-element-8416899 elementor-section-boxed elementor-section-height-default elementor-section-height-default\" data-id=\"8416899\" data-element_type=\"section\">\n\t\t\t\t\t\t<div class=\"elementor-container elementor-column-gap-default\">\n\t\t\t\t\t<div class=\"elementor-column elementor-col-100 elementor-inner-column elementor-element elementor-element-4ea7e27\" data-id=\"4ea7e27\" data-element_type=\"column\">\n\t\t\t<div class=\"elementor-widget-wrap elementor-element-populated\">\n\t\t\t\t\t\t<div class=\"elementor-element elementor-element-5e2e0f9 elementor-widget elementor-widget-text-editor\" data-id=\"5e2e0f9\" data-element_type=\"widget\" data-widget_type=\"text-editor.default\">\n\t\t\t\t<div class=\"elementor-widget-container\">\n\t\t\t\t\t\t\t\t\t<p><strong>Saznajte vi\u0161e na <a href=\"https:\/\/www.pregldigital.com\">www.pregldigital.com<\/a><\/strong><\/p>\t\t\t\t\t\t\t\t<\/div>\n\t\t\t\t<\/div>\n\t\t\t\t\t<\/div>\n\t\t<\/div>\n\t\t\t\t\t<\/div>\n\t\t<\/section>\n\t\t\t\t\t<\/div>\n\t\t<\/div>\n\t\t\t\t\t<\/div>\n\t\t<\/section>\n\t\t\t\t<\/div>\n\t\t","protected":false},"excerpt":{"rendered":"<p>UPIT KATALOZI UPIT KATALOZI Saznajte vi\u0161e na www.pregldigital.com<\/p>\n","protected":false},"author":1,"featured_media":0,"parent":0,"menu_order":0,"comment_status":"closed","ping_status":"closed","template":"","meta":{"footnotes":""},"class_list":["post-18219","page","type-page","status-publish","hentry"],"yoast_head":"<!-- This site is optimized with the Yoast SEO plugin v25.9 - https:\/\/yoast.com\/wordpress\/plugins\/seo\/ -->\n<title>Requests - Lab Interior<\/title>\n<meta name=\"description\" content=\"Zatra\u017eite kataloge i vi\u0161e informacija o laboratorijskoj opremi i pametnom namje\u0161taju. Po\u0161aljite upit za Lab Interior ili Pregl Digital proizvode.\" \/>\n<meta name=\"robots\" content=\"index, follow, max-snippet:-1, max-image-preview:large, max-video-preview:-1\" \/>\n<link rel=\"canonical\" href=\"https:\/\/labinterior.de\/bs\/requests\/\" \/>\n<meta property=\"og:locale\" content=\"bs_BA\" \/>\n<meta property=\"og:type\" content=\"article\" \/>\n<meta property=\"og:title\" content=\"Requests - Lab Interior\" \/>\n<meta property=\"og:description\" content=\"Zatra\u017eite kataloge i vi\u0161e informacija o laboratorijskoj opremi i pametnom namje\u0161taju. Po\u0161aljite upit za Lab Interior ili Pregl Digital proizvode.\" \/>\n<meta property=\"og:url\" content=\"https:\/\/labinterior.de\/bs\/requests\/\" \/>\n<meta property=\"og:site_name\" content=\"Lab Interior\" \/>\n<meta property=\"article:publisher\" content=\"https:\/\/facebook.com\/labinterior.de\" \/>\n<meta property=\"article:modified_time\" content=\"2025-07-31T07:45:01+00:00\" \/>\n<meta property=\"og:image\" content=\"https:\/\/labinterior.de\/wp-content\/uploads\/2022\/06\/analitika_lab.jpg\" \/>\n<meta name=\"twitter:card\" content=\"summary_large_image\" \/>\n<meta name=\"twitter:label1\" content=\"Est. reading time\" \/>\n\t<meta name=\"twitter:data1\" content=\"2 minute\" \/>\n<script type=\"application\/ld+json\" class=\"yoast-schema-graph\">{\"@context\":\"https:\/\/schema.org\",\"@graph\":[{\"@type\":\"WebPage\",\"@id\":\"https:\/\/labinterior.de\/bs\/requests\/\",\"url\":\"https:\/\/labinterior.de\/bs\/requests\/\",\"name\":\"Requests - Lab Interior\",\"isPartOf\":{\"@id\":\"https:\/\/labinterior.de\/sl\/#website\"},\"primaryImageOfPage\":{\"@id\":\"https:\/\/labinterior.de\/bs\/requests\/#primaryimage\"},\"image\":{\"@id\":\"https:\/\/labinterior.de\/bs\/requests\/#primaryimage\"},\"thumbnailUrl\":\"https:\/\/labinterior.de\/wp-content\/uploads\/2022\/06\/analitika_lab.jpg\",\"datePublished\":\"2022-05-29T07:17:43+00:00\",\"dateModified\":\"2025-07-31T07:45:01+00:00\",\"description\":\"Zatra\u017eite kataloge i vi\u0161e informacija o laboratorijskoj opremi i pametnom namje\u0161taju. Po\u0161aljite upit za Lab Interior ili Pregl Digital proizvode.\",\"breadcrumb\":{\"@id\":\"https:\/\/labinterior.de\/bs\/requests\/#breadcrumb\"},\"inLanguage\":\"bs-BA\",\"potentialAction\":[{\"@type\":\"ReadAction\",\"target\":[\"https:\/\/labinterior.de\/bs\/requests\/\"]}]},{\"@type\":\"ImageObject\",\"inLanguage\":\"bs-BA\",\"@id\":\"https:\/\/labinterior.de\/bs\/requests\/#primaryimage\",\"url\":\"https:\/\/labinterior.de\/wp-content\/uploads\/2022\/06\/analitika_lab.jpg\",\"contentUrl\":\"https:\/\/labinterior.de\/wp-content\/uploads\/2022\/06\/analitika_lab.jpg\"},{\"@type\":\"BreadcrumbList\",\"@id\":\"https:\/\/labinterior.de\/bs\/requests\/#breadcrumb\",\"itemListElement\":[{\"@type\":\"ListItem\",\"position\":1,\"name\":\"Startseite\",\"item\":\"https:\/\/labinterior.de\/bs\/\"},{\"@type\":\"ListItem\",\"position\":2,\"name\":\"Requests\"}]},{\"@type\":\"WebSite\",\"@id\":\"https:\/\/labinterior.de\/sl\/#website\",\"url\":\"https:\/\/labinterior.de\/sl\/\",\"name\":\"Lab Interior\",\"description\":\"Laboratorijsko pohi\u0161tvo in oprema po meri - Lab Interior laboratorijsko pohi\u0161tvo\",\"publisher\":{\"@id\":\"https:\/\/labinterior.de\/sl\/#organization\"},\"potentialAction\":[{\"@type\":\"SearchAction\",\"target\":{\"@type\":\"EntryPoint\",\"urlTemplate\":\"https:\/\/labinterior.de\/sl\/?s={search_term_string}\"},\"query-input\":{\"@type\":\"PropertyValueSpecification\",\"valueRequired\":true,\"valueName\":\"search_term_string\"}}],\"inLanguage\":\"bs-BA\"},{\"@type\":\"Organization\",\"@id\":\"https:\/\/labinterior.de\/sl\/#organization\",\"name\":\"Lab Interior\",\"url\":\"https:\/\/labinterior.de\/sl\/\",\"logo\":{\"@type\":\"ImageObject\",\"inLanguage\":\"bs-BA\",\"@id\":\"https:\/\/labinterior.de\/sl\/#\/schema\/logo\/image\/\",\"url\":\"https:\/\/labinterior.de\/wp-content\/uploads\/2022\/04\/LabInterior_LOGO.png\",\"contentUrl\":\"https:\/\/labinterior.de\/wp-content\/uploads\/2022\/04\/LabInterior_LOGO.png\",\"width\":1199,\"height\":479,\"caption\":\"Lab Interior\"},\"image\":{\"@id\":\"https:\/\/labinterior.de\/sl\/#\/schema\/logo\/image\/\"},\"sameAs\":[\"https:\/\/facebook.com\/labinterior.de\",\"https:\/\/www.linkedin.com\/company\/lab-interior\/\"]}]}<\/script>\n<!-- \/ Yoast SEO plugin. -->","yoast_head_json":{"title":"Requests - Lab Interior","description":"Zatra\u017eite kataloge i vi\u0161e informacija o laboratorijskoj opremi i pametnom namje\u0161taju. Po\u0161aljite upit za Lab Interior ili Pregl Digital proizvode.","robots":{"index":"index","follow":"follow","max-snippet":"max-snippet:-1","max-image-preview":"max-image-preview:large","max-video-preview":"max-video-preview:-1"},"canonical":"https:\/\/labinterior.de\/bs\/requests\/","og_locale":"bs_BA","og_type":"article","og_title":"Requests - Lab Interior","og_description":"Zatra\u017eite kataloge i vi\u0161e informacija o laboratorijskoj opremi i pametnom namje\u0161taju. Po\u0161aljite upit za Lab Interior ili Pregl Digital proizvode.","og_url":"https:\/\/labinterior.de\/bs\/requests\/","og_site_name":"Lab Interior","article_publisher":"https:\/\/facebook.com\/labinterior.de","article_modified_time":"2025-07-31T07:45:01+00:00","og_image":[{"url":"https:\/\/labinterior.de\/wp-content\/uploads\/2022\/06\/analitika_lab.jpg","type":"","width":"","height":""}],"twitter_card":"summary_large_image","twitter_misc":{"Est. reading time":"2 minute"},"schema":{"@context":"https:\/\/schema.org","@graph":[{"@type":"WebPage","@id":"https:\/\/labinterior.de\/bs\/requests\/","url":"https:\/\/labinterior.de\/bs\/requests\/","name":"Requests - Lab Interior","isPartOf":{"@id":"https:\/\/labinterior.de\/sl\/#website"},"primaryImageOfPage":{"@id":"https:\/\/labinterior.de\/bs\/requests\/#primaryimage"},"image":{"@id":"https:\/\/labinterior.de\/bs\/requests\/#primaryimage"},"thumbnailUrl":"https:\/\/labinterior.de\/wp-content\/uploads\/2022\/06\/analitika_lab.jpg","datePublished":"2022-05-29T07:17:43+00:00","dateModified":"2025-07-31T07:45:01+00:00","description":"Zatra\u017eite kataloge i vi\u0161e informacija o laboratorijskoj opremi i pametnom namje\u0161taju. Po\u0161aljite upit za Lab Interior ili Pregl Digital proizvode.","breadcrumb":{"@id":"https:\/\/labinterior.de\/bs\/requests\/#breadcrumb"},"inLanguage":"bs-BA","potentialAction":[{"@type":"ReadAction","target":["https:\/\/labinterior.de\/bs\/requests\/"]}]},{"@type":"ImageObject","inLanguage":"bs-BA","@id":"https:\/\/labinterior.de\/bs\/requests\/#primaryimage","url":"https:\/\/labinterior.de\/wp-content\/uploads\/2022\/06\/analitika_lab.jpg","contentUrl":"https:\/\/labinterior.de\/wp-content\/uploads\/2022\/06\/analitika_lab.jpg"},{"@type":"BreadcrumbList","@id":"https:\/\/labinterior.de\/bs\/requests\/#breadcrumb","itemListElement":[{"@type":"ListItem","position":1,"name":"Startseite","item":"https:\/\/labinterior.de\/bs\/"},{"@type":"ListItem","position":2,"name":"Requests"}]},{"@type":"WebSite","@id":"https:\/\/labinterior.de\/sl\/#website","url":"https:\/\/labinterior.de\/sl\/","name":"Lab Interior","description":"Laboratorijsko pohi\u0161tvo in oprema po meri - Lab Interior laboratorijsko pohi\u0161tvo","publisher":{"@id":"https:\/\/labinterior.de\/sl\/#organization"},"potentialAction":[{"@type":"SearchAction","target":{"@type":"EntryPoint","urlTemplate":"https:\/\/labinterior.de\/sl\/?s={search_term_string}"},"query-input":{"@type":"PropertyValueSpecification","valueRequired":true,"valueName":"search_term_string"}}],"inLanguage":"bs-BA"},{"@type":"Organization","@id":"https:\/\/labinterior.de\/sl\/#organization","name":"Lab Interior","url":"https:\/\/labinterior.de\/sl\/","logo":{"@type":"ImageObject","inLanguage":"bs-BA","@id":"https:\/\/labinterior.de\/sl\/#\/schema\/logo\/image\/","url":"https:\/\/labinterior.de\/wp-content\/uploads\/2022\/04\/LabInterior_LOGO.png","contentUrl":"https:\/\/labinterior.de\/wp-content\/uploads\/2022\/04\/LabInterior_LOGO.png","width":1199,"height":479,"caption":"Lab Interior"},"image":{"@id":"https:\/\/labinterior.de\/sl\/#\/schema\/logo\/image\/"},"sameAs":["https:\/\/facebook.com\/labinterior.de","https:\/\/www.linkedin.com\/company\/lab-interior\/"]}]}},"_links":{"self":[{"href":"https:\/\/labinterior.de\/bs\/wp-json\/wp\/v2\/pages\/18219","targetHints":{"allow":["GET"]}}],"collection":[{"href":"https:\/\/labinterior.de\/bs\/wp-json\/wp\/v2\/pages"}],"about":[{"href":"https:\/\/labinterior.de\/bs\/wp-json\/wp\/v2\/types\/page"}],"author":[{"embeddable":true,"href":"https:\/\/labinterior.de\/bs\/wp-json\/wp\/v2\/users\/1"}],"replies":[{"embeddable":true,"href":"https:\/\/labinterior.de\/bs\/wp-json\/wp\/v2\/comments?post=18219"}],"version-history":[{"count":28,"href":"https:\/\/labinterior.de\/bs\/wp-json\/wp\/v2\/pages\/18219\/revisions"}],"predecessor-version":[{"id":23148,"href":"https:\/\/labinterior.de\/bs\/wp-json\/wp\/v2\/pages\/18219\/revisions\/23148"}],"wp:attachment":[{"href":"https:\/\/labinterior.de\/bs\/wp-json\/wp\/v2\/media?parent=18219"}],"curies":[{"name":"wp","href":"https:\/\/api.w.org\/{rel}","templated":true}]}}