{"id":21552,"date":"2024-03-18T11:10:29","date_gmt":"2024-03-18T10:10:29","guid":{"rendered":"https:\/\/labinterior.de\/digestoriji\/walkin\/"},"modified":"2025-07-31T08:31:37","modified_gmt":"2025-07-31T06:31:37","slug":"walkin","status":"publish","type":"page","link":"https:\/\/labinterior.de\/bs\/digestoriji\/walkin\/","title":{"rendered":"WalkIn"},"content":{"rendered":"\t\t<div data-elementor-type=\"wp-page\" data-elementor-id=\"21552\" class=\"elementor elementor-21552 elementor-21546\">\n\t\t\t\t\t\t<section class=\"elementor-section elementor-top-section elementor-element elementor-element-7df0c75 elementor-section-boxed elementor-section-height-default elementor-section-height-default\" data-id=\"7df0c75\" data-element_type=\"section\">\n\t\t\t\t\t\t<div class=\"elementor-container elementor-column-gap-default\">\n\t\t\t\t\t<div class=\"elementor-column elementor-col-100 elementor-top-column elementor-element elementor-element-894c8d3\" data-id=\"894c8d3\" data-element_type=\"column\">\n\t\t\t<div class=\"elementor-widget-wrap elementor-element-populated\">\n\t\t\t\t\t\t<div class=\"elementor-element elementor-element-4019836 elementor-widget elementor-widget-spacer\" data-id=\"4019836\" data-element_type=\"widget\" data-widget_type=\"spacer.default\">\n\t\t\t\t<div class=\"elementor-widget-container\">\n\t\t\t\t\t\t\t<div class=\"elementor-spacer\">\n\t\t\t<div class=\"elementor-spacer-inner\"><\/div>\n\t\t<\/div>\n\t\t\t\t\t\t<\/div>\n\t\t\t\t<\/div>\n\t\t\t\t<div class=\"elementor-element elementor-element-cabbf80 divider_yes aleft elementor-widget elementor-widget-wgl-double-heading\" data-id=\"cabbf80\" data-element_type=\"widget\" data-widget_type=\"wgl-double-heading.default\">\n\t\t\t\t<div class=\"elementor-widget-container\">\n\t\t\t\t\t<div class=\"wgl-double-heading\"><h3 class=\"dblh__title-wrapper\"><span class=\"dblh__divider\"><\/span><span class=\"dblh__title dblh__title-1\">Ulazni digestori<\/span><\/h3><\/div>\t\t\t\t<\/div>\n\t\t\t\t<\/div>\n\t\t\t\t<div class=\"elementor-element elementor-element-678e23d elementor-widget elementor-widget-text-editor\" data-id=\"678e23d\" data-element_type=\"widget\" data-widget_type=\"text-editor.default\">\n\t\t\t\t<div class=\"elementor-widget-container\">\n\t\t\t\t\t\t\t\t\t<p>Ulazni digestori dizajnirani su kako bi maksimalno iskoristili unutra\u0161nji prostor i olak\u0161ali pristup ve\u0107oj opremi. S jednostranim instalacijskim panelima, sva potrebna elektri\u010dna i medijska instalacija mo\u017ee biti pogodno smje\u0161tena u ergonomski polo\u017eaj, \u0161to pobolj\u0161ava upotrebljivost.<\/p><p>Ovi ulazni digestori pokazuju posebne benefite kada se upare s pokretnim stolovima koji se mogu pozicionirati direktno unutar radnog podru\u010dja, optimiziraju\u0107i tok rada i efikasnost. Na\u0161e standardne ponude uklju\u010duju dva dubine za ulazne digestore, osiguravaju\u0107i prikladnost za razli\u010dite laboratorijske postavke i zahtjeve.<\/p><p>&gt;&gt;\u00a0<a href=\"https:\/\/labinterior.de\/wp-content\/uploads\/2024\/03\/LabInterior_WalkInFumeHoods_BagehbareLaborabzuege.pdf\" target=\"_blank\" style=\"font-size: 18px;\" rel=\"noopener\">Tehni\u010dki detajli<\/a><\/p>\t\t\t\t\t\t\t\t<\/div>\n\t\t\t\t<\/div>\n\t\t\t\t\t<\/div>\n\t\t<\/div>\n\t\t\t\t\t<\/div>\n\t\t<\/section>\n\t\t\t\t<section class=\"elementor-section elementor-top-section elementor-element elementor-element-b408960 elementor-section-boxed elementor-section-height-default elementor-section-height-default\" data-id=\"b408960\" data-element_type=\"section\" data-settings=\"{&quot;background_background&quot;:&quot;classic&quot;}\">\n\t\t\t\t\t\t\t<div class=\"elementor-background-overlay\"><\/div>\n\t\t\t\t\t\t\t<div class=\"elementor-container elementor-column-gap-default\">\n\t\t\t\t\t<div class=\"elementor-column elementor-col-100 elementor-top-column elementor-element elementor-element-9bf0084\" data-id=\"9bf0084\" data-element_type=\"column\">\n\t\t\t<div class=\"elementor-widget-wrap elementor-element-populated\">\n\t\t\t\t\t\t<div class=\"elementor-element elementor-element-e106e19 elementor-widget elementor-widget-spacer\" data-id=\"e106e19\" data-element_type=\"widget\" data-widget_type=\"spacer.default\">\n\t\t\t\t<div class=\"elementor-widget-container\">\n\t\t\t\t\t\t\t<div class=\"elementor-spacer\">\n\t\t\t<div class=\"elementor-spacer-inner\"><\/div>\n\t\t<\/div>\n\t\t\t\t\t\t<\/div>\n\t\t\t\t<\/div>\n\t\t\t\t<div class=\"elementor-element elementor-element-7190661 elementor-invisible elementor-widget elementor-widget-image\" data-id=\"7190661\" data-element_type=\"widget\" data-settings=\"{&quot;_animation&quot;:&quot;fadeInUp&quot;,&quot;_animation_delay&quot;:200}\" data-widget_type=\"image.default\">\n\t\t\t\t<div class=\"elementor-widget-container\">\n\t\t\t\t\t\t\t\t\t\t\t\t\t\t\t<img decoding=\"async\" width=\"250\" height=\"100\" src=\"https:\/\/labinterior.de\/wp-content\/uploads\/2022\/05\/logo_mobile_menu.png\" class=\"attachment-full size-full wp-image-17844\" alt=\"\" \/>\t\t\t\t\t\t\t\t\t\t\t\t\t\t\t<\/div>\n\t\t\t\t<\/div>\n\t\t\t\t<div class=\"elementor-element elementor-element-df006e9 elementor-invisible elementor-widget elementor-widget-heading\" data-id=\"df006e9\" data-element_type=\"widget\" data-settings=\"{&quot;_animation&quot;:&quot;fadeInUp&quot;,&quot;_animation_delay&quot;:400}\" data-widget_type=\"heading.default\">\n\t\t\t\t<div class=\"elementor-widget-container\">\n\t\t\t\t\t<h2 class=\"elementor-heading-title elementor-size-small\">Postavljamo nove standarde jer volimo da radimo stvari druga\u010dije.<\/h2>\t\t\t\t<\/div>\n\t\t\t\t<\/div>\n\t\t\t\t<div class=\"elementor-element elementor-element-9daa7c6 acenter a-mobilecenter elementor-invisible elementor-widget elementor-widget-wgl-button\" data-id=\"9daa7c6\" data-element_type=\"widget\" data-settings=\"{&quot;_animation&quot;:&quot;fadeInUp&quot;,&quot;_animation_delay&quot;:600}\" data-widget_type=\"wgl-button.default\">\n\t\t\t\t<div class=\"elementor-widget-container\">\n\t\t\t\t\t<div class=\"button-wrapper\"><a  class=\"wgl-button btn-size-xl \" role=\"button\" href=\"\/bs\/requests\"><div class=\"button-content-wrapper \"><span class=\"wgl-button-text\">ZATRA\u017dITE PONUDU ILI PREUZMITE KATALOG<\/span><\/div><\/a><\/div>\t\t\t\t<\/div>\n\t\t\t\t<\/div>\n\t\t\t\t<div class=\"elementor-element elementor-element-4da1dc1 elementor-widget elementor-widget-spacer\" data-id=\"4da1dc1\" data-element_type=\"widget\" data-widget_type=\"spacer.default\">\n\t\t\t\t<div class=\"elementor-widget-container\">\n\t\t\t\t\t\t\t<div class=\"elementor-spacer\">\n\t\t\t<div class=\"elementor-spacer-inner\"><\/div>\n\t\t<\/div>\n\t\t\t\t\t\t<\/div>\n\t\t\t\t<\/div>\n\t\t\t\t\t<\/div>\n\t\t<\/div>\n\t\t\t\t\t<\/div>\n\t\t<\/section>\n\t\t\t\t<\/div>\n\t\t","protected":false},"excerpt":{"rendered":"<p>Ulazni digestori Ulazni digestori dizajnirani su kako bi maksimalno iskoristili unutra\u0161nji prostor i olak\u0161ali pristup ve\u0107oj opremi. S jednostranim instalacijskim panelima, sva potrebna elektri\u010dna i medijska instalacija mo\u017ee biti pogodno smje\u0161tena u ergonomski polo\u017eaj, \u0161to pobolj\u0161ava upotrebljivost. Ovi ulazni digestori pokazuju posebne benefite kada se upare s pokretnim stolovima koji se mogu pozicionirati direktno unutar [&hellip;]<\/p>\n","protected":false},"author":1,"featured_media":0,"parent":18129,"menu_order":0,"comment_status":"closed","ping_status":"closed","template":"","meta":{"footnotes":""},"class_list":["post-21552","page","type-page","status-publish","hentry"],"yoast_head":"<!-- This site is optimized with the Yoast SEO plugin v25.9 - https:\/\/yoast.com\/wordpress\/plugins\/seo\/ -->\n<title>WalkIn - Lab Interior<\/title>\n<meta name=\"description\" content=\"Ulazni digestori sa maksimalnom iskoristivo\u0161\u0107u prostora i ergonomskim dizajnom. Idealni za rad s ve\u0107om opremom i pokretnim stolovima. Prilagodljivi i efikasni.\" \/>\n<meta name=\"robots\" content=\"index, follow, max-snippet:-1, max-image-preview:large, max-video-preview:-1\" \/>\n<link rel=\"canonical\" href=\"https:\/\/labinterior.de\/bs\/digestoriji\/walkin\/\" \/>\n<meta property=\"og:locale\" content=\"bs_BA\" \/>\n<meta property=\"og:type\" content=\"article\" \/>\n<meta property=\"og:title\" content=\"WalkIn - Lab Interior\" \/>\n<meta property=\"og:description\" content=\"Ulazni digestori sa maksimalnom iskoristivo\u0161\u0107u prostora i ergonomskim dizajnom. Idealni za rad s ve\u0107om opremom i pokretnim stolovima. Prilagodljivi i efikasni.\" \/>\n<meta property=\"og:url\" content=\"https:\/\/labinterior.de\/bs\/digestoriji\/walkin\/\" \/>\n<meta property=\"og:site_name\" content=\"Lab Interior\" \/>\n<meta property=\"article:publisher\" content=\"https:\/\/facebook.com\/labinterior.de\" \/>\n<meta property=\"article:modified_time\" content=\"2025-07-31T06:31:37+00:00\" \/>\n<meta property=\"og:image\" content=\"https:\/\/labinterior.de\/wp-content\/uploads\/2022\/05\/logo_mobile_menu.png\" \/>\n<meta name=\"twitter:card\" content=\"summary_large_image\" \/>\n<meta name=\"twitter:label1\" content=\"Est. reading time\" \/>\n\t<meta name=\"twitter:data1\" content=\"1 minuta\" \/>\n<script type=\"application\/ld+json\" class=\"yoast-schema-graph\">{\"@context\":\"https:\/\/schema.org\",\"@graph\":[{\"@type\":\"WebPage\",\"@id\":\"https:\/\/labinterior.de\/bs\/digestoriji\/walkin\/\",\"url\":\"https:\/\/labinterior.de\/bs\/digestoriji\/walkin\/\",\"name\":\"WalkIn - Lab Interior\",\"isPartOf\":{\"@id\":\"https:\/\/labinterior.de\/sl\/#website\"},\"primaryImageOfPage\":{\"@id\":\"https:\/\/labinterior.de\/bs\/digestoriji\/walkin\/#primaryimage\"},\"image\":{\"@id\":\"https:\/\/labinterior.de\/bs\/digestoriji\/walkin\/#primaryimage\"},\"thumbnailUrl\":\"https:\/\/labinterior.de\/wp-content\/uploads\/2022\/05\/logo_mobile_menu.png\",\"datePublished\":\"2024-03-18T10:10:29+00:00\",\"dateModified\":\"2025-07-31T06:31:37+00:00\",\"description\":\"Ulazni digestori sa maksimalnom iskoristivo\u0161\u0107u prostora i ergonomskim dizajnom. Idealni za rad s ve\u0107om opremom i pokretnim stolovima. Prilagodljivi i efikasni.\",\"breadcrumb\":{\"@id\":\"https:\/\/labinterior.de\/bs\/digestoriji\/walkin\/#breadcrumb\"},\"inLanguage\":\"bs-BA\",\"potentialAction\":[{\"@type\":\"ReadAction\",\"target\":[\"https:\/\/labinterior.de\/bs\/digestoriji\/walkin\/\"]}]},{\"@type\":\"ImageObject\",\"inLanguage\":\"bs-BA\",\"@id\":\"https:\/\/labinterior.de\/bs\/digestoriji\/walkin\/#primaryimage\",\"url\":\"https:\/\/labinterior.de\/wp-content\/uploads\/2022\/05\/logo_mobile_menu.png\",\"contentUrl\":\"https:\/\/labinterior.de\/wp-content\/uploads\/2022\/05\/logo_mobile_menu.png\"},{\"@type\":\"BreadcrumbList\",\"@id\":\"https:\/\/labinterior.de\/bs\/digestoriji\/walkin\/#breadcrumb\",\"itemListElement\":[{\"@type\":\"ListItem\",\"position\":1,\"name\":\"Startseite\",\"item\":\"https:\/\/labinterior.de\/bs\/\"},{\"@type\":\"ListItem\",\"position\":2,\"name\":\"Digestori\",\"item\":\"https:\/\/labinterior.de\/bs\/digestoriji\/\"},{\"@type\":\"ListItem\",\"position\":3,\"name\":\"WalkIn\"}]},{\"@type\":\"WebSite\",\"@id\":\"https:\/\/labinterior.de\/sl\/#website\",\"url\":\"https:\/\/labinterior.de\/sl\/\",\"name\":\"Lab Interior\",\"description\":\"Laboratorijsko pohi\u0161tvo in oprema po meri - Lab Interior laboratorijsko pohi\u0161tvo\",\"publisher\":{\"@id\":\"https:\/\/labinterior.de\/sl\/#organization\"},\"potentialAction\":[{\"@type\":\"SearchAction\",\"target\":{\"@type\":\"EntryPoint\",\"urlTemplate\":\"https:\/\/labinterior.de\/sl\/?s={search_term_string}\"},\"query-input\":{\"@type\":\"PropertyValueSpecification\",\"valueRequired\":true,\"valueName\":\"search_term_string\"}}],\"inLanguage\":\"bs-BA\"},{\"@type\":\"Organization\",\"@id\":\"https:\/\/labinterior.de\/sl\/#organization\",\"name\":\"Lab Interior\",\"url\":\"https:\/\/labinterior.de\/sl\/\",\"logo\":{\"@type\":\"ImageObject\",\"inLanguage\":\"bs-BA\",\"@id\":\"https:\/\/labinterior.de\/sl\/#\/schema\/logo\/image\/\",\"url\":\"https:\/\/labinterior.de\/wp-content\/uploads\/2022\/04\/LabInterior_LOGO.png\",\"contentUrl\":\"https:\/\/labinterior.de\/wp-content\/uploads\/2022\/04\/LabInterior_LOGO.png\",\"width\":1199,\"height\":479,\"caption\":\"Lab Interior\"},\"image\":{\"@id\":\"https:\/\/labinterior.de\/sl\/#\/schema\/logo\/image\/\"},\"sameAs\":[\"https:\/\/facebook.com\/labinterior.de\",\"https:\/\/www.linkedin.com\/company\/lab-interior\/\"]}]}<\/script>\n<!-- \/ Yoast SEO plugin. -->","yoast_head_json":{"title":"WalkIn - Lab Interior","description":"Ulazni digestori sa maksimalnom iskoristivo\u0161\u0107u prostora i ergonomskim dizajnom. Idealni za rad s ve\u0107om opremom i pokretnim stolovima. Prilagodljivi i efikasni.","robots":{"index":"index","follow":"follow","max-snippet":"max-snippet:-1","max-image-preview":"max-image-preview:large","max-video-preview":"max-video-preview:-1"},"canonical":"https:\/\/labinterior.de\/bs\/digestoriji\/walkin\/","og_locale":"bs_BA","og_type":"article","og_title":"WalkIn - Lab Interior","og_description":"Ulazni digestori sa maksimalnom iskoristivo\u0161\u0107u prostora i ergonomskim dizajnom. Idealni za rad s ve\u0107om opremom i pokretnim stolovima. Prilagodljivi i efikasni.","og_url":"https:\/\/labinterior.de\/bs\/digestoriji\/walkin\/","og_site_name":"Lab Interior","article_publisher":"https:\/\/facebook.com\/labinterior.de","article_modified_time":"2025-07-31T06:31:37+00:00","og_image":[{"url":"https:\/\/labinterior.de\/wp-content\/uploads\/2022\/05\/logo_mobile_menu.png","type":"","width":"","height":""}],"twitter_card":"summary_large_image","twitter_misc":{"Est. reading time":"1 minuta"},"schema":{"@context":"https:\/\/schema.org","@graph":[{"@type":"WebPage","@id":"https:\/\/labinterior.de\/bs\/digestoriji\/walkin\/","url":"https:\/\/labinterior.de\/bs\/digestoriji\/walkin\/","name":"WalkIn - Lab Interior","isPartOf":{"@id":"https:\/\/labinterior.de\/sl\/#website"},"primaryImageOfPage":{"@id":"https:\/\/labinterior.de\/bs\/digestoriji\/walkin\/#primaryimage"},"image":{"@id":"https:\/\/labinterior.de\/bs\/digestoriji\/walkin\/#primaryimage"},"thumbnailUrl":"https:\/\/labinterior.de\/wp-content\/uploads\/2022\/05\/logo_mobile_menu.png","datePublished":"2024-03-18T10:10:29+00:00","dateModified":"2025-07-31T06:31:37+00:00","description":"Ulazni digestori sa maksimalnom iskoristivo\u0161\u0107u prostora i ergonomskim dizajnom. Idealni za rad s ve\u0107om opremom i pokretnim stolovima. Prilagodljivi i efikasni.","breadcrumb":{"@id":"https:\/\/labinterior.de\/bs\/digestoriji\/walkin\/#breadcrumb"},"inLanguage":"bs-BA","potentialAction":[{"@type":"ReadAction","target":["https:\/\/labinterior.de\/bs\/digestoriji\/walkin\/"]}]},{"@type":"ImageObject","inLanguage":"bs-BA","@id":"https:\/\/labinterior.de\/bs\/digestoriji\/walkin\/#primaryimage","url":"https:\/\/labinterior.de\/wp-content\/uploads\/2022\/05\/logo_mobile_menu.png","contentUrl":"https:\/\/labinterior.de\/wp-content\/uploads\/2022\/05\/logo_mobile_menu.png"},{"@type":"BreadcrumbList","@id":"https:\/\/labinterior.de\/bs\/digestoriji\/walkin\/#breadcrumb","itemListElement":[{"@type":"ListItem","position":1,"name":"Startseite","item":"https:\/\/labinterior.de\/bs\/"},{"@type":"ListItem","position":2,"name":"Digestori","item":"https:\/\/labinterior.de\/bs\/digestoriji\/"},{"@type":"ListItem","position":3,"name":"WalkIn"}]},{"@type":"WebSite","@id":"https:\/\/labinterior.de\/sl\/#website","url":"https:\/\/labinterior.de\/sl\/","name":"Lab Interior","description":"Laboratorijsko pohi\u0161tvo in oprema po meri - Lab Interior laboratorijsko pohi\u0161tvo","publisher":{"@id":"https:\/\/labinterior.de\/sl\/#organization"},"potentialAction":[{"@type":"SearchAction","target":{"@type":"EntryPoint","urlTemplate":"https:\/\/labinterior.de\/sl\/?s={search_term_string}"},"query-input":{"@type":"PropertyValueSpecification","valueRequired":true,"valueName":"search_term_string"}}],"inLanguage":"bs-BA"},{"@type":"Organization","@id":"https:\/\/labinterior.de\/sl\/#organization","name":"Lab Interior","url":"https:\/\/labinterior.de\/sl\/","logo":{"@type":"ImageObject","inLanguage":"bs-BA","@id":"https:\/\/labinterior.de\/sl\/#\/schema\/logo\/image\/","url":"https:\/\/labinterior.de\/wp-content\/uploads\/2022\/04\/LabInterior_LOGO.png","contentUrl":"https:\/\/labinterior.de\/wp-content\/uploads\/2022\/04\/LabInterior_LOGO.png","width":1199,"height":479,"caption":"Lab Interior"},"image":{"@id":"https:\/\/labinterior.de\/sl\/#\/schema\/logo\/image\/"},"sameAs":["https:\/\/facebook.com\/labinterior.de","https:\/\/www.linkedin.com\/company\/lab-interior\/"]}]}},"_links":{"self":[{"href":"https:\/\/labinterior.de\/bs\/wp-json\/wp\/v2\/pages\/21552","targetHints":{"allow":["GET"]}}],"collection":[{"href":"https:\/\/labinterior.de\/bs\/wp-json\/wp\/v2\/pages"}],"about":[{"href":"https:\/\/labinterior.de\/bs\/wp-json\/wp\/v2\/types\/page"}],"author":[{"embeddable":true,"href":"https:\/\/labinterior.de\/bs\/wp-json\/wp\/v2\/users\/1"}],"replies":[{"embeddable":true,"href":"https:\/\/labinterior.de\/bs\/wp-json\/wp\/v2\/comments?post=21552"}],"version-history":[{"count":3,"href":"https:\/\/labinterior.de\/bs\/wp-json\/wp\/v2\/pages\/21552\/revisions"}],"predecessor-version":[{"id":21569,"href":"https:\/\/labinterior.de\/bs\/wp-json\/wp\/v2\/pages\/21552\/revisions\/21569"}],"up":[{"embeddable":true,"href":"https:\/\/labinterior.de\/bs\/wp-json\/wp\/v2\/pages\/18129"}],"wp:attachment":[{"href":"https:\/\/labinterior.de\/bs\/wp-json\/wp\/v2\/media?parent=21552"}],"curies":[{"name":"wp","href":"https:\/\/api.w.org\/{rel}","templated":true}]}}