{"id":18691,"date":"2022-10-20T07:01:29","date_gmt":"2022-10-20T05:01:29","guid":{"rendered":"https:\/\/labinterior.de\/?page_id=18691"},"modified":"2025-07-30T14:23:58","modified_gmt":"2025-07-30T12:23:58","slug":"politika-zasebnosti","status":"publish","type":"page","link":"https:\/\/labinterior.de\/sl\/politika-zasebnosti\/","title":{"rendered":"Politika zasebnosti"},"content":{"rendered":"\t\t<div data-elementor-type=\"wp-page\" data-elementor-id=\"18691\" class=\"elementor elementor-18691\">\n\t\t\t\t\t\t<section class=\"elementor-section elementor-top-section elementor-element elementor-element-433834a5 elementor-section-boxed elementor-section-height-default elementor-section-height-default\" data-id=\"433834a5\" data-element_type=\"section\">\n\t\t\t\t\t\t<div class=\"elementor-container elementor-column-gap-default\">\n\t\t\t\t\t<div class=\"elementor-column elementor-col-100 elementor-top-column elementor-element elementor-element-539bd9ba\" data-id=\"539bd9ba\" data-element_type=\"column\">\n\t\t\t<div class=\"elementor-widget-wrap elementor-element-populated\">\n\t\t\t\t\t\t<div class=\"elementor-element elementor-element-350ecd34 elementor-widget elementor-widget-text-editor\" data-id=\"350ecd34\" data-element_type=\"widget\" data-widget_type=\"text-editor.default\">\n\t\t\t\t<div class=\"elementor-widget-container\">\n\t\t\t\t\t\t\t\t\t<h4>Varstvo osebnih podatkov<\/h4><p>Spo\u0161tujemo va\u0161o zasebnost in se zavezujemo, da bomo osebne podatke, pridobljene prek spletnega informacijskega sistema, skrbno varovali in jih brez va\u0161e privolitve ne bomo posredoval tretji osebi oziroma jih uporabili v druge namene. Ker obstajajo v spletnem informacijskem sistemu dolo\u010dene povezave na druge, zunanje spletne strani, ki niso vezane na nas, ne prevzemamo nobene odgovornosti za za\u0161\u010dito podatkov na teh spletnih straneh.<\/p><p><span style=\"font-size: 16px; font-family: inherit; font-weight: inherit;\">Hkrati se zavezujemo, da bomo po svojih najbolj\u0161ih mo\u017enih mo\u010deh varovali podatke in zasebnost obiskovalcev spletne strani.<\/span><\/p><p><span style=\"font-size: 16px; font-family: inherit; font-weight: inherit;\">Da bi prepre\u010dili nepoobla\u0161\u010den dostop do pridobljenih podatkov ali njihovo razkritje, ohranili natan\u010dnost osebnih podatkov in zagotovili njihovo ustrezno uporabo, uporabljamo ustrezne tehni\u010dne in organizacijske postopke za zavarovanje podatkov, ki jih zbiramo.<\/span><\/p><p><span style=\"color: var(--transmax-header-font-color); font-family: var(--transmax-h4-font-family); font-size: var(--transmax-h4-font-size); font-weight: var(--transmax-h4-font-weight); letter-spacing: var(--transmax-h4-letter-spacing); text-transform: var(--transmax-h4-text-transform);\">Kdo je zbiratelj osebnih podatkov?<\/span><\/p><p>Zbiratelj osebnih podatkov je Lab Interior GmbH, Hirsch-Gereuth Stra\u00dfe 32, 81369 M\u00fcnchen, Nem\u010dija (v nadaljevanju upravljavec podatkov).<\/p><h4><span style=\"font-family: var(--transmax-h4-font-family); font-size: var(--transmax-h4-font-size); font-weight: var(--transmax-h4-font-weight); letter-spacing: var(--transmax-h4-letter-spacing); text-transform: var(--transmax-h4-text-transform);\">Katere podatke zbiramo?<\/span><\/h4><p>Upravljavec podatkov za potrebe opravljanja storitev, ki jih ponuja, zbira, vodi, obdeluje in shranjuje naslednje uporabnikove podatke:<\/p><ul><li>ime in priimek,<\/li><li>naslove za kontakt,<\/li><li>naslov elektronske po\u0161te (uporabni\u0161ko ime),<\/li><li>kontaktno telefonsko \u0161tevilko,<\/li><li>naziv organizacije,<\/li><li>va\u0161o IP \u0161tevilko,<\/li><li>druge podatke, ki jih uporabnik prostovoljno vnese v obrazce.<\/li><\/ul><p>Za pravilnost, popolnost in a\u017eurnost podatkov, ki jih vnesejo uporabniki, Upravljavec podatkov ne odgovarja.<\/p><h4>Za katere namene zbiramo osebne podatke?<\/h4><p>Upravljavec podatkov je v skladu s predpisi, ki urejajo varstvo osebnih podatkov, zavezan k varovanju osebnih podatkov uporabnikov njegove spletne strani. Upravljavec podatkov ne bo pod nobenim pogojem brez izrecnega dovoljenja uporabnika posredoval osebnih oz. drugih podatkov uporabnika tretji osebi oz. ne bo omogo\u010dil tretji osebi, da vpogleda v osebne oz. druge podatke uporabnika, razen \u010de bi to od njega zahtevale dr\u017eavne oblasti, \u010de je taka obveznost dolo\u010dena v zakonu, ali v dobri veri, da je tako ukrepanje potrebno za postopke pred sodi\u0161\u010di ali drugimi dr\u017eavnimi organi ter za za\u0161\u010dito in uresni\u010devanje zakonitih interesov upravljavca podatkov.<\/p><p>Vsi osebni in drugi podatki, ki jih bo uporabnik posredoval, bodo varovani v skladu s predpisi, ki urejajo varstvo osebnih podatkov. Upravljavec podatkov teh podatkov ne bo uporabil v namen, ki bi kakorkoli \u0161kodoval uporabniku ali drugi vpleteni osebi. Upravljavec podatkov podatkov uporabnikov ne bo uporabil za po\u0161iljanje promocijske e-po\u0161te ali drugega neza\u017eelenega promocijskega materiala, razen za po\u0161iljanje tistih promocijskih obvestil, na katere se bo uporabnik naro\u010dil oz. s katerimi bo sogla\u0161al. Upravljavec podatkov lahko podatke v anonimizirani sumarni obliki uporabi za namene statisti\u010dnih analiz. Zaupnost osebnih in drugih podatkov uporabnikov ne bo kr\u0161ena v nobeni obliki.<\/p><h6>Komunikacija preko spletnega kontaktnega obrazca<\/h6><p>Na spletni strani je mogo\u010de preko spletnega obrazca stopiti v stik z nami z namenom povpra\u0161evanja po storitvah ali posredovanja morebitnih vpra\u0161anj na elektronski naslov. Prav tako je mogo\u010de stopiti v stik z nami direktno preko elektronske ali navadne po\u0161te oziroma s pomo\u010djo telekomunikacijskih virov. Ko v na\u0161em spletnem obrazcu izpolnite zahtevo za povpra\u0161evanje, pripombe ali vpra\u0161anja je potrebno obvezno izpolniti polja: &#8220;ime in priimek&#8221;, &#8220;naslov elektronske po\u0161te&#8221; in &#8220;sporo\u010dilo&#8221;. Prav tako je potrebno izrecno potrditi strinjanje in seznanitev s tem, da ste s tem, ko ste nam posredovali povpra\u0161evanje, pripombe ali vpra\u0161anje preko kontaktnega obrazca in vpisali svoje podatke izrazili strinjanje in zavedanje, da se bodo va\u0161i podatki (ime in priimek, elektronski naslov in telefonska \u0161tevilka) za namen vodenja evidence strank ter zagotavljanja korektne komunikacije hranili v na\u0161i bazi 2 leti po tem, ko ste nam kontaktni obrazec posredovali in da ste seznanjeni, da lahko kadarkoli od nas zahtevate, da va\u0161e podatke izbri\u0161emo. Izbris podatkov lahko zahtevate s pomo\u010djo kontaktnega obrazca tukaj. \u010ce ne boste ozna\u010dili, da sogla\u0161ate s politiko zasebnosti, va\u0161e povpra\u0161evanje na elektronski naslov ne bo uspe\u0161no posredovano.<\/p><p>Va\u0161e osebne podatke potrebujemo, da vam lahko odgovorimo na va\u0161e povpra\u0161evanje oziroma vpra\u0161anje, ki se nana\u0161a na na\u0161e storitve. Podatke, ki jih boste vpisali v spletni obrazec, obdelujemo le, \u010de je to nujno za na\u0161e poslovanje in shranjevanje (arhiviranje).<\/p><p>Upravljavec podatkov bo osebne podatke uporabnikov vodil v zbirki osebnih podatkov samo toliko \u010dasa, kot je nujno potrebno, da se dose\u017ee namen, za katerega se osebni podatki zbirajo in vodijo.<\/p><h3>Izvajanje politike zasebnosti<\/h3><p>Upravljavec podatkov ima, skladno z Zakonom o varovanju osebnih podatkov, varovanje osebnih podatkov urejeno s Pravilnikom o zavarovanju osebnih podatkov.<\/p><p>Vse pri upravljavcu podatkov redno ali honorarno zaposlene osebe, ki imajo dostop do osebnih in drugih podatkov uporabnikov, so seznanjene z dolo\u010dili Pravilnika o zavarovanju osebnih podatkov in z dol\u017enostjo varovanja osebnih in drugih podatkov in so dol\u017ene upo\u0161tevati ta dolo\u010dila o varovanju zaupnosti osebnih podatkov in zasebnosti uporabnikov spletne trgovine. Dol\u017enost varovanja osebnih in drugih podatkov velja \u010dasovno neomejeno, tudi po prenehanju razmerja s Upravljavcem podatkov.<\/p><h4>Va\u0161e pravice<\/h4><p>Imamo obveznost, da obdelujemo osebne podatke le za namene za katere smo jih zbrali. Imate pravico, da nas glede tega kontrolirate. Kadarkoli lahko zahtevate od nas, da vam omogo\u010dimo vpogled v va\u0161e osebne podatke, ki jih obdelujemo, posredujemo podatke (kopijo, izpis) o obdelavi va\u0161ih osebnih podatkov ali zahtevate popravek, prepoved obdelave ali izbris va\u0161ih osebnih podatkov. Popravek, prepoved obdelave ali izbris va\u0161ih osebnih podatkov lahko zahtevate s pomo\u010djo kontaktnega obrazca. Morebitna vpra\u0161anja ali zahtevke posredujte na na\u0161 elektronski naslov ali nas pokli\u010dete.<\/p><p>V primeru, da z na\u0161im odzivom, povezanim z zahtevkom za vpogled, popravek, prepoved obdelave ali izbris podatkov niste zadovoljni oziroma menite, da so vam kr\u0161ene pravice do varstva osebnih podatkov, se lahko prito\u017eite nacionalnemu nadzornemu organu.<\/p><h4>Uporaba razli\u010dnih ogla\u0161evalskih orodij<\/h4><p><strong>Google Customer Match (\u00bbGoogle Ujemanje Strank\u00ab)<\/strong><\/p><p>Tr\u017eenje izdelkov in storitev, ki jih nudimo, se lahko izvaja z uporabo orodja Google Ads Customer Match. Google Ads Customer Match je orodje, ki omogo\u010da Upravljavcu nalo\u017eiti zgo\u0161\u010deno bazo e-po\u0161tnih naslovov (zgo\u0161\u010den seznam strank) v Googlova orodja z namenom preveritve, ali so bili za Googlove storitve (npr. YouTube, Gmail, drugo) ustvarjeni uporabni\u0161ki ra\u010duni z uporabo istih e-po\u0161tnih naslovov. V primeru potrditve enakosti e-po\u0161tnih naslovov se lahko uporabnikom Googlovih storitev po prijavi v ra\u010dun prika\u017eejo Upravljav\u010devi oglasi.<\/p><p>Iz programske opreme za tr\u017eenje v Googlova orodja v \u0161ifrirani obliki po\u0161ljemo va\u0161 elektronski naslov. Ti podatki se kasneje v Cutomer Match procesu se anonimizirajo. V kolikor se podatki ujemajo in v kolikor niste ugovarjali tak\u0161nemu ogla\u0161evanju, bo Google poskrbel, da se vam prikazuje oglas, ki je prilagojen vam.<\/p><p>Google omogo\u010da, da se sami opredelite, ali \u017eelite, da se vam prikazujejo prilagojeni oglasi. V kolikor \u017eelite preveriti ali prejemate prilagojene oglase in\/ali spremeniti nastavitve, lahko to storite prek naslednje <a href=\"https:\/\/adssettings.google.com\/authenticated?hl=en\">povezave<\/a>.<\/p><h4>Dodatna pojasnila<\/h4><p>\u010ce imate vpra\u0161anja, te\u017eave ali pripombe glede te politike zasebnosti, nam to lahko sporo\u010dite tudi na elektronski naslov:\u00a0<a href=\"mailto:info@labinterior.de\" target=\"_blank\" rel=\"noopener\">info@labinterior.de<\/a>.<\/p>\t\t\t\t\t\t\t\t<\/div>\n\t\t\t\t<\/div>\n\t\t\t\t\t<\/div>\n\t\t<\/div>\n\t\t\t\t\t<\/div>\n\t\t<\/section>\n\t\t\t\t<\/div>\n\t\t","protected":false},"excerpt":{"rendered":"<p>Varstvo osebnih podatkov Spo\u0161tujemo va\u0161o zasebnost in se zavezujemo, da bomo osebne podatke, pridobljene prek spletnega informacijskega sistema, skrbno varovali in jih brez va\u0161e privolitve ne bomo posredoval tretji osebi oziroma jih uporabili v druge namene. Ker obstajajo v spletnem informacijskem sistemu dolo\u010dene povezave na druge, zunanje spletne strani, ki niso vezane na nas, ne [&hellip;]<\/p>\n","protected":false},"author":1,"featured_media":0,"parent":0,"menu_order":0,"comment_status":"closed","ping_status":"closed","template":"","meta":{"footnotes":""},"class_list":["post-18691","page","type-page","status-publish","hentry"],"yoast_head":"<!-- This site is optimized with the Yoast SEO plugin v25.9 - https:\/\/yoast.com\/wordpress\/plugins\/seo\/ -->\n<title>Politika zasebnosti - Lab Interior<\/title>\n<meta name=\"description\" content=\"Politika zasebnosti podjetja Lab Interior: kako varujemo va\u0161e osebne podatke, katere podatke zbiramo in zakaj. Zavezani smo transparentnosti in varnosti v skladu z GDPR.\" \/>\n<meta name=\"robots\" content=\"index, follow, max-snippet:-1, max-image-preview:large, max-video-preview:-1\" \/>\n<link rel=\"canonical\" href=\"https:\/\/labinterior.de\/sl\/politika-zasebnosti\/\" \/>\n<meta property=\"og:locale\" content=\"sl_SI\" \/>\n<meta property=\"og:type\" content=\"article\" \/>\n<meta property=\"og:title\" content=\"Politika zasebnosti - Lab Interior\" \/>\n<meta property=\"og:description\" content=\"Politika zasebnosti podjetja Lab Interior: kako varujemo va\u0161e osebne podatke, katere podatke zbiramo in zakaj. Zavezani smo transparentnosti in varnosti v skladu z GDPR.\" \/>\n<meta property=\"og:url\" content=\"https:\/\/labinterior.de\/sl\/politika-zasebnosti\/\" \/>\n<meta property=\"og:site_name\" content=\"Lab Interior\" \/>\n<meta property=\"article:publisher\" content=\"https:\/\/facebook.com\/labinterior.de\" \/>\n<meta property=\"article:modified_time\" content=\"2025-07-30T12:23:58+00:00\" \/>\n<meta name=\"twitter:card\" content=\"summary_large_image\" \/>\n<meta name=\"twitter:label1\" content=\"Est. reading time\" \/>\n\t<meta name=\"twitter:data1\" content=\"6 minut\" \/>\n<script type=\"application\/ld+json\" class=\"yoast-schema-graph\">{\"@context\":\"https:\/\/schema.org\",\"@graph\":[{\"@type\":\"WebPage\",\"@id\":\"https:\/\/labinterior.de\/sl\/politika-zasebnosti\/\",\"url\":\"https:\/\/labinterior.de\/sl\/politika-zasebnosti\/\",\"name\":\"Politika zasebnosti - Lab Interior\",\"isPartOf\":{\"@id\":\"https:\/\/labinterior.de\/sl\/#website\"},\"datePublished\":\"2022-10-20T05:01:29+00:00\",\"dateModified\":\"2025-07-30T12:23:58+00:00\",\"description\":\"Politika zasebnosti podjetja Lab Interior: kako varujemo va\u0161e osebne podatke, katere podatke zbiramo in zakaj. Zavezani smo transparentnosti in varnosti v skladu z GDPR.\",\"breadcrumb\":{\"@id\":\"https:\/\/labinterior.de\/sl\/politika-zasebnosti\/#breadcrumb\"},\"inLanguage\":\"sl-SI\",\"potentialAction\":[{\"@type\":\"ReadAction\",\"target\":[\"https:\/\/labinterior.de\/sl\/politika-zasebnosti\/\"]}]},{\"@type\":\"BreadcrumbList\",\"@id\":\"https:\/\/labinterior.de\/sl\/politika-zasebnosti\/#breadcrumb\",\"itemListElement\":[{\"@type\":\"ListItem\",\"position\":1,\"name\":\"Startseite\",\"item\":\"https:\/\/labinterior.de\/sl\/\"},{\"@type\":\"ListItem\",\"position\":2,\"name\":\"Politika zasebnosti\"}]},{\"@type\":\"WebSite\",\"@id\":\"https:\/\/labinterior.de\/sl\/#website\",\"url\":\"https:\/\/labinterior.de\/sl\/\",\"name\":\"Lab Interior\",\"description\":\"Laboratorijsko pohi\u0161tvo in oprema po meri - Lab Interior laboratorijsko pohi\u0161tvo\",\"publisher\":{\"@id\":\"https:\/\/labinterior.de\/sl\/#organization\"},\"potentialAction\":[{\"@type\":\"SearchAction\",\"target\":{\"@type\":\"EntryPoint\",\"urlTemplate\":\"https:\/\/labinterior.de\/sl\/?s={search_term_string}\"},\"query-input\":{\"@type\":\"PropertyValueSpecification\",\"valueRequired\":true,\"valueName\":\"search_term_string\"}}],\"inLanguage\":\"sl-SI\"},{\"@type\":\"Organization\",\"@id\":\"https:\/\/labinterior.de\/sl\/#organization\",\"name\":\"Lab Interior\",\"url\":\"https:\/\/labinterior.de\/sl\/\",\"logo\":{\"@type\":\"ImageObject\",\"inLanguage\":\"sl-SI\",\"@id\":\"https:\/\/labinterior.de\/sl\/#\/schema\/logo\/image\/\",\"url\":\"https:\/\/labinterior.de\/wp-content\/uploads\/2022\/04\/LabInterior_LOGO.png\",\"contentUrl\":\"https:\/\/labinterior.de\/wp-content\/uploads\/2022\/04\/LabInterior_LOGO.png\",\"width\":1199,\"height\":479,\"caption\":\"Lab Interior\"},\"image\":{\"@id\":\"https:\/\/labinterior.de\/sl\/#\/schema\/logo\/image\/\"},\"sameAs\":[\"https:\/\/facebook.com\/labinterior.de\",\"https:\/\/www.linkedin.com\/company\/lab-interior\/\"]}]}<\/script>\n<!-- \/ Yoast SEO plugin. -->","yoast_head_json":{"title":"Politika zasebnosti - Lab Interior","description":"Politika zasebnosti podjetja Lab Interior: kako varujemo va\u0161e osebne podatke, katere podatke zbiramo in zakaj. Zavezani smo transparentnosti in varnosti v skladu z GDPR.","robots":{"index":"index","follow":"follow","max-snippet":"max-snippet:-1","max-image-preview":"max-image-preview:large","max-video-preview":"max-video-preview:-1"},"canonical":"https:\/\/labinterior.de\/sl\/politika-zasebnosti\/","og_locale":"sl_SI","og_type":"article","og_title":"Politika zasebnosti - Lab Interior","og_description":"Politika zasebnosti podjetja Lab Interior: kako varujemo va\u0161e osebne podatke, katere podatke zbiramo in zakaj. Zavezani smo transparentnosti in varnosti v skladu z GDPR.","og_url":"https:\/\/labinterior.de\/sl\/politika-zasebnosti\/","og_site_name":"Lab Interior","article_publisher":"https:\/\/facebook.com\/labinterior.de","article_modified_time":"2025-07-30T12:23:58+00:00","twitter_card":"summary_large_image","twitter_misc":{"Est. reading time":"6 minut"},"schema":{"@context":"https:\/\/schema.org","@graph":[{"@type":"WebPage","@id":"https:\/\/labinterior.de\/sl\/politika-zasebnosti\/","url":"https:\/\/labinterior.de\/sl\/politika-zasebnosti\/","name":"Politika zasebnosti - Lab Interior","isPartOf":{"@id":"https:\/\/labinterior.de\/sl\/#website"},"datePublished":"2022-10-20T05:01:29+00:00","dateModified":"2025-07-30T12:23:58+00:00","description":"Politika zasebnosti podjetja Lab Interior: kako varujemo va\u0161e osebne podatke, katere podatke zbiramo in zakaj. Zavezani smo transparentnosti in varnosti v skladu z GDPR.","breadcrumb":{"@id":"https:\/\/labinterior.de\/sl\/politika-zasebnosti\/#breadcrumb"},"inLanguage":"sl-SI","potentialAction":[{"@type":"ReadAction","target":["https:\/\/labinterior.de\/sl\/politika-zasebnosti\/"]}]},{"@type":"BreadcrumbList","@id":"https:\/\/labinterior.de\/sl\/politika-zasebnosti\/#breadcrumb","itemListElement":[{"@type":"ListItem","position":1,"name":"Startseite","item":"https:\/\/labinterior.de\/sl\/"},{"@type":"ListItem","position":2,"name":"Politika zasebnosti"}]},{"@type":"WebSite","@id":"https:\/\/labinterior.de\/sl\/#website","url":"https:\/\/labinterior.de\/sl\/","name":"Lab Interior","description":"Laboratorijsko pohi\u0161tvo in oprema po meri - Lab Interior laboratorijsko pohi\u0161tvo","publisher":{"@id":"https:\/\/labinterior.de\/sl\/#organization"},"potentialAction":[{"@type":"SearchAction","target":{"@type":"EntryPoint","urlTemplate":"https:\/\/labinterior.de\/sl\/?s={search_term_string}"},"query-input":{"@type":"PropertyValueSpecification","valueRequired":true,"valueName":"search_term_string"}}],"inLanguage":"sl-SI"},{"@type":"Organization","@id":"https:\/\/labinterior.de\/sl\/#organization","name":"Lab Interior","url":"https:\/\/labinterior.de\/sl\/","logo":{"@type":"ImageObject","inLanguage":"sl-SI","@id":"https:\/\/labinterior.de\/sl\/#\/schema\/logo\/image\/","url":"https:\/\/labinterior.de\/wp-content\/uploads\/2022\/04\/LabInterior_LOGO.png","contentUrl":"https:\/\/labinterior.de\/wp-content\/uploads\/2022\/04\/LabInterior_LOGO.png","width":1199,"height":479,"caption":"Lab Interior"},"image":{"@id":"https:\/\/labinterior.de\/sl\/#\/schema\/logo\/image\/"},"sameAs":["https:\/\/facebook.com\/labinterior.de","https:\/\/www.linkedin.com\/company\/lab-interior\/"]}]}},"_links":{"self":[{"href":"https:\/\/labinterior.de\/sl\/wp-json\/wp\/v2\/pages\/18691","targetHints":{"allow":["GET"]}}],"collection":[{"href":"https:\/\/labinterior.de\/sl\/wp-json\/wp\/v2\/pages"}],"about":[{"href":"https:\/\/labinterior.de\/sl\/wp-json\/wp\/v2\/types\/page"}],"author":[{"embeddable":true,"href":"https:\/\/labinterior.de\/sl\/wp-json\/wp\/v2\/users\/1"}],"replies":[{"embeddable":true,"href":"https:\/\/labinterior.de\/sl\/wp-json\/wp\/v2\/comments?post=18691"}],"version-history":[{"count":50,"href":"https:\/\/labinterior.de\/sl\/wp-json\/wp\/v2\/pages\/18691\/revisions"}],"predecessor-version":[{"id":21382,"href":"https:\/\/labinterior.de\/sl\/wp-json\/wp\/v2\/pages\/18691\/revisions\/21382"}],"wp:attachment":[{"href":"https:\/\/labinterior.de\/sl\/wp-json\/wp\/v2\/media?parent=18691"}],"curies":[{"name":"wp","href":"https:\/\/api.w.org\/{rel}","templated":true}]}}