{"id":21555,"date":"2024-03-18T11:10:29","date_gmt":"2024-03-18T10:10:29","guid":{"rendered":"https:\/\/labinterior.de\/digestoriji\/walkin\/"},"modified":"2025-07-24T11:22:24","modified_gmt":"2025-07-24T09:22:24","slug":"walkin","status":"publish","type":"page","link":"https:\/\/labinterior.de\/sl\/digestoriji\/walkin\/","title":{"rendered":"WalkIn"},"content":{"rendered":"\t\t<div data-elementor-type=\"wp-page\" data-elementor-id=\"21555\" class=\"elementor elementor-21555 elementor-21546\">\n\t\t\t\t\t\t<section class=\"elementor-section elementor-top-section elementor-element elementor-element-7df0c75 elementor-section-boxed elementor-section-height-default elementor-section-height-default\" data-id=\"7df0c75\" data-element_type=\"section\">\n\t\t\t\t\t\t<div class=\"elementor-container elementor-column-gap-default\">\n\t\t\t\t\t<div class=\"elementor-column elementor-col-100 elementor-top-column elementor-element elementor-element-894c8d3\" data-id=\"894c8d3\" data-element_type=\"column\">\n\t\t\t<div class=\"elementor-widget-wrap elementor-element-populated\">\n\t\t\t\t\t\t<div class=\"elementor-element elementor-element-4019836 elementor-widget elementor-widget-spacer\" data-id=\"4019836\" data-element_type=\"widget\" data-widget_type=\"spacer.default\">\n\t\t\t\t<div class=\"elementor-widget-container\">\n\t\t\t\t\t\t\t<div class=\"elementor-spacer\">\n\t\t\t<div class=\"elementor-spacer-inner\"><\/div>\n\t\t<\/div>\n\t\t\t\t\t\t<\/div>\n\t\t\t\t<\/div>\n\t\t\t\t<div class=\"elementor-element elementor-element-cabbf80 divider_yes aleft elementor-widget elementor-widget-wgl-double-heading\" data-id=\"cabbf80\" data-element_type=\"widget\" data-widget_type=\"wgl-double-heading.default\">\n\t\t\t\t<div class=\"elementor-widget-container\">\n\t\t\t\t\t<div class=\"wgl-double-heading\"><h3 class=\"dblh__title-wrapper\"><span class=\"dblh__divider\"><\/span><span class=\"dblh__title dblh__title-1\">Walk-in digestoriji<\/span><\/h3><\/div>\t\t\t\t<\/div>\n\t\t\t\t<\/div>\n\t\t\t\t<div class=\"elementor-element elementor-element-678e23d elementor-widget elementor-widget-text-editor\" data-id=\"678e23d\" data-element_type=\"widget\" data-widget_type=\"text-editor.default\">\n\t\t\t\t<div class=\"elementor-widget-container\">\n\t\t\t\t\t\t\t\t\t<p>Walk-in digestoriji so zasnovani za optimiziranje notranjega prostora in olaj\u0161anje enostavnega dostopa do ve\u010dje opreme. S plo\u0161\u010dami za namestitev na eni strani se vsa potrebna elektri\u010dna in medijska instalacija lahko priro\u010dno namesti v ergonomski polo\u017eaj, kar izbolj\u0161uje uporabnost.<\/p><p>Ti walk-in digestoriji so \u0161e posebej koristni, kadar so zdru\u017eeni z mobilnimi mizami, ki jih je mogo\u010de postaviti neposredno v delovno obmo\u010dje, kar optimizira delovni tok in u\u010dinkovitost. Na\u0161e standardne ponudbe vklju\u010dujejo dve globini za walk-in digestorije, kar zagotavlja primernost za razli\u010dne laboratorijske postavitve in zahteve.<\/p><p>&gt;&gt;\u00a0<a href=\"https:\/\/labinterior.de\/wp-content\/uploads\/2024\/03\/LabInterior_WalkInFumeHoods_BagehbareLaborabzuege.pdf\" target=\"_blank\" style=\"font-size: 18px;\" rel=\"noopener\">Tehni\u010dni podatki<\/a><\/p>\t\t\t\t\t\t\t\t<\/div>\n\t\t\t\t<\/div>\n\t\t\t\t\t<\/div>\n\t\t<\/div>\n\t\t\t\t\t<\/div>\n\t\t<\/section>\n\t\t\t\t<section class=\"elementor-section elementor-top-section elementor-element elementor-element-37a015a elementor-section-boxed elementor-section-height-default elementor-section-height-default\" data-id=\"37a015a\" data-element_type=\"section\" data-settings=\"{&quot;background_background&quot;:&quot;classic&quot;}\">\n\t\t\t\t\t\t\t<div class=\"elementor-background-overlay\"><\/div>\n\t\t\t\t\t\t\t<div class=\"elementor-container elementor-column-gap-default\">\n\t\t\t\t\t<div class=\"elementor-column elementor-col-100 elementor-top-column elementor-element elementor-element-41b5835\" data-id=\"41b5835\" data-element_type=\"column\">\n\t\t\t<div class=\"elementor-widget-wrap elementor-element-populated\">\n\t\t\t\t\t\t<div class=\"elementor-element elementor-element-43f3366 elementor-widget elementor-widget-spacer\" data-id=\"43f3366\" data-element_type=\"widget\" data-widget_type=\"spacer.default\">\n\t\t\t\t<div class=\"elementor-widget-container\">\n\t\t\t\t\t\t\t<div class=\"elementor-spacer\">\n\t\t\t<div class=\"elementor-spacer-inner\"><\/div>\n\t\t<\/div>\n\t\t\t\t\t\t<\/div>\n\t\t\t\t<\/div>\n\t\t\t\t<div class=\"elementor-element elementor-element-425e0a8 elementor-invisible elementor-widget elementor-widget-image\" data-id=\"425e0a8\" data-element_type=\"widget\" data-settings=\"{&quot;_animation&quot;:&quot;fadeInUp&quot;,&quot;_animation_delay&quot;:200}\" data-widget_type=\"image.default\">\n\t\t\t\t<div class=\"elementor-widget-container\">\n\t\t\t\t\t\t\t\t\t\t\t\t\t\t\t<img decoding=\"async\" width=\"250\" height=\"100\" src=\"https:\/\/labinterior.de\/wp-content\/uploads\/2022\/05\/logo_mobile_menu.png\" class=\"attachment-full size-full wp-image-6275\" alt=\"\" \/>\t\t\t\t\t\t\t\t\t\t\t\t\t\t\t<\/div>\n\t\t\t\t<\/div>\n\t\t\t\t<div class=\"elementor-element elementor-element-86da930 elementor-invisible elementor-widget elementor-widget-heading\" data-id=\"86da930\" data-element_type=\"widget\" data-settings=\"{&quot;_animation&quot;:&quot;fadeInUp&quot;,&quot;_animation_delay&quot;:400}\" data-widget_type=\"heading.default\">\n\t\t\t\t<div class=\"elementor-widget-container\">\n\t\t\t\t\t<h2 class=\"elementor-heading-title elementor-size-small\">Postavljamo nove standarde, ker stvari radi po\u010dnemo druga\u010de.<\/h2>\t\t\t\t<\/div>\n\t\t\t\t<\/div>\n\t\t\t\t<div class=\"elementor-element elementor-element-749ec36 acenter a-mobilecenter elementor-invisible elementor-widget elementor-widget-wgl-button\" data-id=\"749ec36\" data-element_type=\"widget\" data-settings=\"{&quot;_animation&quot;:&quot;fadeInUp&quot;,&quot;_animation_delay&quot;:600}\" data-widget_type=\"wgl-button.default\">\n\t\t\t\t<div class=\"elementor-widget-container\">\n\t\t\t\t\t<div class=\"button-wrapper\"><a  class=\"wgl-button btn-size-xl \" role=\"button\" href=\"\/sl\/requests\"><div class=\"button-content-wrapper \"><span class=\"wgl-button-text\">PRIDOBITE PONUDBO ALI PRENESITE KATALOG<\/span><\/div><\/a><\/div>\t\t\t\t<\/div>\n\t\t\t\t<\/div>\n\t\t\t\t<div class=\"elementor-element elementor-element-86a872e elementor-widget elementor-widget-spacer\" data-id=\"86a872e\" data-element_type=\"widget\" data-widget_type=\"spacer.default\">\n\t\t\t\t<div class=\"elementor-widget-container\">\n\t\t\t\t\t\t\t<div class=\"elementor-spacer\">\n\t\t\t<div class=\"elementor-spacer-inner\"><\/div>\n\t\t<\/div>\n\t\t\t\t\t\t<\/div>\n\t\t\t\t<\/div>\n\t\t\t\t\t<\/div>\n\t\t<\/div>\n\t\t\t\t\t<\/div>\n\t\t<\/section>\n\t\t\t\t<\/div>\n\t\t","protected":false},"excerpt":{"rendered":"<p>Walk-in digestoriji Walk-in digestoriji so zasnovani za optimiziranje notranjega prostora in olaj\u0161anje enostavnega dostopa do ve\u010dje opreme. S plo\u0161\u010dami za namestitev na eni strani se vsa potrebna elektri\u010dna in medijska instalacija lahko priro\u010dno namesti v ergonomski polo\u017eaj, kar izbolj\u0161uje uporabnost. Ti walk-in digestoriji so \u0161e posebej koristni, kadar so zdru\u017eeni z mobilnimi mizami, ki jih [&hellip;]<\/p>\n","protected":false},"author":1,"featured_media":0,"parent":7117,"menu_order":0,"comment_status":"closed","ping_status":"closed","template":"","meta":{"footnotes":""},"class_list":["post-21555","page","type-page","status-publish","hentry"],"yoast_head":"<!-- This site is optimized with the Yoast SEO plugin v25.9 - https:\/\/yoast.com\/wordpress\/plugins\/seo\/ -->\n<title>WalkIn - Lab Interior<\/title>\n<meta name=\"description\" content=\"Walk-in fume hoods are ideal for laboratories that require space for large equipment and mobile workflows. With ergonomic installation panels and compatibility with mobile tables, they ensure safety, flexibility and efficiency in demanding lab environments.\" \/>\n<meta name=\"robots\" content=\"index, follow, max-snippet:-1, max-image-preview:large, max-video-preview:-1\" \/>\n<link rel=\"canonical\" href=\"https:\/\/labinterior.de\/sl\/digestoriji\/walkin\/\" \/>\n<meta property=\"og:locale\" content=\"sl_SI\" \/>\n<meta property=\"og:type\" content=\"article\" \/>\n<meta property=\"og:title\" content=\"WalkIn - Lab Interior\" \/>\n<meta property=\"og:description\" content=\"Walk-in fume hoods are ideal for laboratories that require space for large equipment and mobile workflows. With ergonomic installation panels and compatibility with mobile tables, they ensure safety, flexibility and efficiency in demanding lab environments.\" \/>\n<meta property=\"og:url\" content=\"https:\/\/labinterior.de\/sl\/digestoriji\/walkin\/\" \/>\n<meta property=\"og:site_name\" content=\"Lab Interior\" \/>\n<meta property=\"article:publisher\" content=\"https:\/\/facebook.com\/labinterior.de\" \/>\n<meta property=\"article:modified_time\" content=\"2025-07-24T09:22:24+00:00\" \/>\n<meta property=\"og:image\" content=\"https:\/\/labinterior.de\/wp-content\/uploads\/2022\/05\/logo_mobile_menu.png\" \/>\n<meta name=\"twitter:card\" content=\"summary_large_image\" \/>\n<meta name=\"twitter:label1\" content=\"Est. reading time\" \/>\n\t<meta name=\"twitter:data1\" content=\"1 minuta\" \/>\n<script type=\"application\/ld+json\" class=\"yoast-schema-graph\">{\"@context\":\"https:\/\/schema.org\",\"@graph\":[{\"@type\":\"WebPage\",\"@id\":\"https:\/\/labinterior.de\/sl\/digestoriji\/walkin\/\",\"url\":\"https:\/\/labinterior.de\/sl\/digestoriji\/walkin\/\",\"name\":\"WalkIn - Lab Interior\",\"isPartOf\":{\"@id\":\"https:\/\/labinterior.de\/sl\/#website\"},\"primaryImageOfPage\":{\"@id\":\"https:\/\/labinterior.de\/sl\/digestoriji\/walkin\/#primaryimage\"},\"image\":{\"@id\":\"https:\/\/labinterior.de\/sl\/digestoriji\/walkin\/#primaryimage\"},\"thumbnailUrl\":\"https:\/\/labinterior.de\/wp-content\/uploads\/2022\/05\/logo_mobile_menu.png\",\"datePublished\":\"2024-03-18T10:10:29+00:00\",\"dateModified\":\"2025-07-24T09:22:24+00:00\",\"description\":\"Walk-in fume hoods are ideal for laboratories that require space for large equipment and mobile workflows. With ergonomic installation panels and compatibility with mobile tables, they ensure safety, flexibility and efficiency in demanding lab environments.\",\"breadcrumb\":{\"@id\":\"https:\/\/labinterior.de\/sl\/digestoriji\/walkin\/#breadcrumb\"},\"inLanguage\":\"sl-SI\",\"potentialAction\":[{\"@type\":\"ReadAction\",\"target\":[\"https:\/\/labinterior.de\/sl\/digestoriji\/walkin\/\"]}]},{\"@type\":\"ImageObject\",\"inLanguage\":\"sl-SI\",\"@id\":\"https:\/\/labinterior.de\/sl\/digestoriji\/walkin\/#primaryimage\",\"url\":\"https:\/\/labinterior.de\/wp-content\/uploads\/2022\/05\/logo_mobile_menu.png\",\"contentUrl\":\"https:\/\/labinterior.de\/wp-content\/uploads\/2022\/05\/logo_mobile_menu.png\"},{\"@type\":\"BreadcrumbList\",\"@id\":\"https:\/\/labinterior.de\/sl\/digestoriji\/walkin\/#breadcrumb\",\"itemListElement\":[{\"@type\":\"ListItem\",\"position\":1,\"name\":\"Startseite\",\"item\":\"https:\/\/labinterior.de\/sl\/\"},{\"@type\":\"ListItem\",\"position\":2,\"name\":\"Digestoriji\",\"item\":\"https:\/\/labinterior.de\/sl\/digestoriji\/\"},{\"@type\":\"ListItem\",\"position\":3,\"name\":\"WalkIn\"}]},{\"@type\":\"WebSite\",\"@id\":\"https:\/\/labinterior.de\/sl\/#website\",\"url\":\"https:\/\/labinterior.de\/sl\/\",\"name\":\"Lab Interior\",\"description\":\"Laboratorijsko pohi\u0161tvo in oprema po meri - Lab Interior laboratorijsko pohi\u0161tvo\",\"publisher\":{\"@id\":\"https:\/\/labinterior.de\/sl\/#organization\"},\"potentialAction\":[{\"@type\":\"SearchAction\",\"target\":{\"@type\":\"EntryPoint\",\"urlTemplate\":\"https:\/\/labinterior.de\/sl\/?s={search_term_string}\"},\"query-input\":{\"@type\":\"PropertyValueSpecification\",\"valueRequired\":true,\"valueName\":\"search_term_string\"}}],\"inLanguage\":\"sl-SI\"},{\"@type\":\"Organization\",\"@id\":\"https:\/\/labinterior.de\/sl\/#organization\",\"name\":\"Lab Interior\",\"url\":\"https:\/\/labinterior.de\/sl\/\",\"logo\":{\"@type\":\"ImageObject\",\"inLanguage\":\"sl-SI\",\"@id\":\"https:\/\/labinterior.de\/sl\/#\/schema\/logo\/image\/\",\"url\":\"https:\/\/labinterior.de\/wp-content\/uploads\/2022\/04\/LabInterior_LOGO.png\",\"contentUrl\":\"https:\/\/labinterior.de\/wp-content\/uploads\/2022\/04\/LabInterior_LOGO.png\",\"width\":1199,\"height\":479,\"caption\":\"Lab Interior\"},\"image\":{\"@id\":\"https:\/\/labinterior.de\/sl\/#\/schema\/logo\/image\/\"},\"sameAs\":[\"https:\/\/facebook.com\/labinterior.de\",\"https:\/\/www.linkedin.com\/company\/lab-interior\/\"]}]}<\/script>\n<!-- \/ Yoast SEO plugin. -->","yoast_head_json":{"title":"WalkIn - Lab Interior","description":"Walk-in fume hoods are ideal for laboratories that require space for large equipment and mobile workflows. With ergonomic installation panels and compatibility with mobile tables, they ensure safety, flexibility and efficiency in demanding lab environments.","robots":{"index":"index","follow":"follow","max-snippet":"max-snippet:-1","max-image-preview":"max-image-preview:large","max-video-preview":"max-video-preview:-1"},"canonical":"https:\/\/labinterior.de\/sl\/digestoriji\/walkin\/","og_locale":"sl_SI","og_type":"article","og_title":"WalkIn - Lab Interior","og_description":"Walk-in fume hoods are ideal for laboratories that require space for large equipment and mobile workflows. With ergonomic installation panels and compatibility with mobile tables, they ensure safety, flexibility and efficiency in demanding lab environments.","og_url":"https:\/\/labinterior.de\/sl\/digestoriji\/walkin\/","og_site_name":"Lab Interior","article_publisher":"https:\/\/facebook.com\/labinterior.de","article_modified_time":"2025-07-24T09:22:24+00:00","og_image":[{"url":"https:\/\/labinterior.de\/wp-content\/uploads\/2022\/05\/logo_mobile_menu.png","type":"","width":"","height":""}],"twitter_card":"summary_large_image","twitter_misc":{"Est. reading time":"1 minuta"},"schema":{"@context":"https:\/\/schema.org","@graph":[{"@type":"WebPage","@id":"https:\/\/labinterior.de\/sl\/digestoriji\/walkin\/","url":"https:\/\/labinterior.de\/sl\/digestoriji\/walkin\/","name":"WalkIn - Lab Interior","isPartOf":{"@id":"https:\/\/labinterior.de\/sl\/#website"},"primaryImageOfPage":{"@id":"https:\/\/labinterior.de\/sl\/digestoriji\/walkin\/#primaryimage"},"image":{"@id":"https:\/\/labinterior.de\/sl\/digestoriji\/walkin\/#primaryimage"},"thumbnailUrl":"https:\/\/labinterior.de\/wp-content\/uploads\/2022\/05\/logo_mobile_menu.png","datePublished":"2024-03-18T10:10:29+00:00","dateModified":"2025-07-24T09:22:24+00:00","description":"Walk-in fume hoods are ideal for laboratories that require space for large equipment and mobile workflows. With ergonomic installation panels and compatibility with mobile tables, they ensure safety, flexibility and efficiency in demanding lab environments.","breadcrumb":{"@id":"https:\/\/labinterior.de\/sl\/digestoriji\/walkin\/#breadcrumb"},"inLanguage":"sl-SI","potentialAction":[{"@type":"ReadAction","target":["https:\/\/labinterior.de\/sl\/digestoriji\/walkin\/"]}]},{"@type":"ImageObject","inLanguage":"sl-SI","@id":"https:\/\/labinterior.de\/sl\/digestoriji\/walkin\/#primaryimage","url":"https:\/\/labinterior.de\/wp-content\/uploads\/2022\/05\/logo_mobile_menu.png","contentUrl":"https:\/\/labinterior.de\/wp-content\/uploads\/2022\/05\/logo_mobile_menu.png"},{"@type":"BreadcrumbList","@id":"https:\/\/labinterior.de\/sl\/digestoriji\/walkin\/#breadcrumb","itemListElement":[{"@type":"ListItem","position":1,"name":"Startseite","item":"https:\/\/labinterior.de\/sl\/"},{"@type":"ListItem","position":2,"name":"Digestoriji","item":"https:\/\/labinterior.de\/sl\/digestoriji\/"},{"@type":"ListItem","position":3,"name":"WalkIn"}]},{"@type":"WebSite","@id":"https:\/\/labinterior.de\/sl\/#website","url":"https:\/\/labinterior.de\/sl\/","name":"Lab Interior","description":"Laboratorijsko pohi\u0161tvo in oprema po meri - Lab Interior laboratorijsko pohi\u0161tvo","publisher":{"@id":"https:\/\/labinterior.de\/sl\/#organization"},"potentialAction":[{"@type":"SearchAction","target":{"@type":"EntryPoint","urlTemplate":"https:\/\/labinterior.de\/sl\/?s={search_term_string}"},"query-input":{"@type":"PropertyValueSpecification","valueRequired":true,"valueName":"search_term_string"}}],"inLanguage":"sl-SI"},{"@type":"Organization","@id":"https:\/\/labinterior.de\/sl\/#organization","name":"Lab Interior","url":"https:\/\/labinterior.de\/sl\/","logo":{"@type":"ImageObject","inLanguage":"sl-SI","@id":"https:\/\/labinterior.de\/sl\/#\/schema\/logo\/image\/","url":"https:\/\/labinterior.de\/wp-content\/uploads\/2022\/04\/LabInterior_LOGO.png","contentUrl":"https:\/\/labinterior.de\/wp-content\/uploads\/2022\/04\/LabInterior_LOGO.png","width":1199,"height":479,"caption":"Lab Interior"},"image":{"@id":"https:\/\/labinterior.de\/sl\/#\/schema\/logo\/image\/"},"sameAs":["https:\/\/facebook.com\/labinterior.de","https:\/\/www.linkedin.com\/company\/lab-interior\/"]}]}},"_links":{"self":[{"href":"https:\/\/labinterior.de\/sl\/wp-json\/wp\/v2\/pages\/21555","targetHints":{"allow":["GET"]}}],"collection":[{"href":"https:\/\/labinterior.de\/sl\/wp-json\/wp\/v2\/pages"}],"about":[{"href":"https:\/\/labinterior.de\/sl\/wp-json\/wp\/v2\/types\/page"}],"author":[{"embeddable":true,"href":"https:\/\/labinterior.de\/sl\/wp-json\/wp\/v2\/users\/1"}],"replies":[{"embeddable":true,"href":"https:\/\/labinterior.de\/sl\/wp-json\/wp\/v2\/comments?post=21555"}],"version-history":[{"count":3,"href":"https:\/\/labinterior.de\/sl\/wp-json\/wp\/v2\/pages\/21555\/revisions"}],"predecessor-version":[{"id":21572,"href":"https:\/\/labinterior.de\/sl\/wp-json\/wp\/v2\/pages\/21555\/revisions\/21572"}],"up":[{"embeddable":true,"href":"https:\/\/labinterior.de\/sl\/wp-json\/wp\/v2\/pages\/7117"}],"wp:attachment":[{"href":"https:\/\/labinterior.de\/sl\/wp-json\/wp\/v2\/media?parent=21555"}],"curies":[{"name":"wp","href":"https:\/\/api.w.org\/{rel}","templated":true}]}}