{"id":21883,"date":"2024-05-24T07:03:49","date_gmt":"2024-05-24T05:03:49","guid":{"rendered":"https:\/\/labinterior.de\/?page_id=21883"},"modified":"2025-07-24T11:16:58","modified_gmt":"2025-07-24T09:16:58","slug":"theghost","status":"publish","type":"page","link":"https:\/\/labinterior.de\/sl\/digestoriji\/theghost\/","title":{"rendered":"TheGhost"},"content":{"rendered":"\t\t<div data-elementor-type=\"wp-page\" data-elementor-id=\"21883\" class=\"elementor elementor-21883\">\n\t\t\t\t\t\t<section class=\"elementor-section elementor-top-section elementor-element elementor-element-37be11e elementor-section-boxed elementor-section-height-default elementor-section-height-default\" data-id=\"37be11e\" data-element_type=\"section\">\n\t\t\t\t\t\t<div class=\"elementor-container elementor-column-gap-default\">\n\t\t\t\t\t<div class=\"elementor-column elementor-col-100 elementor-top-column elementor-element elementor-element-f258da6\" data-id=\"f258da6\" data-element_type=\"column\">\n\t\t\t<div class=\"elementor-widget-wrap elementor-element-populated\">\n\t\t\t\t\t\t<div class=\"elementor-element elementor-element-27caf14 elementor-widget elementor-widget-image\" data-id=\"27caf14\" data-element_type=\"widget\" data-widget_type=\"image.default\">\n\t\t\t\t<div class=\"elementor-widget-container\">\n\t\t\t\t\t\t\t\t\t\t\t\t\t\t\t<img decoding=\"async\" width=\"300\" height=\"144\" src=\"https:\/\/labinterior.de\/wp-content\/uploads\/2024\/05\/TheGhost-300x144.png\" class=\"attachment-medium size-medium wp-image-21908\" alt=\"\" srcset=\"https:\/\/labinterior.de\/wp-content\/uploads\/2024\/05\/TheGhost-300x144.png 300w, https:\/\/labinterior.de\/wp-content\/uploads\/2024\/05\/TheGhost-1024x493.png 1024w, https:\/\/labinterior.de\/wp-content\/uploads\/2024\/05\/TheGhost-768x370.png 768w, https:\/\/labinterior.de\/wp-content\/uploads\/2024\/05\/TheGhost-1536x739.png 1536w, https:\/\/labinterior.de\/wp-content\/uploads\/2024\/05\/TheGhost.png 1590w\" sizes=\"(max-width: 300px) 100vw, 300px\" \/>\t\t\t\t\t\t\t\t\t\t\t\t\t\t\t<\/div>\n\t\t\t\t<\/div>\n\t\t\t\t\t<\/div>\n\t\t<\/div>\n\t\t\t\t\t<\/div>\n\t\t<\/section>\n\t\t\t\t<section class=\"elementor-section elementor-top-section elementor-element elementor-element-7df0c75 elementor-section-boxed elementor-section-height-default elementor-section-height-default\" data-id=\"7df0c75\" data-element_type=\"section\">\n\t\t\t\t\t\t<div class=\"elementor-container elementor-column-gap-default\">\n\t\t\t\t\t<div class=\"elementor-column elementor-col-100 elementor-top-column elementor-element elementor-element-894c8d3\" data-id=\"894c8d3\" data-element_type=\"column\">\n\t\t\t<div class=\"elementor-widget-wrap elementor-element-populated\">\n\t\t\t\t\t\t<div class=\"elementor-element elementor-element-4019836 elementor-widget elementor-widget-spacer\" data-id=\"4019836\" data-element_type=\"widget\" data-widget_type=\"spacer.default\">\n\t\t\t\t<div class=\"elementor-widget-container\">\n\t\t\t\t\t\t\t<div class=\"elementor-spacer\">\n\t\t\t<div class=\"elementor-spacer-inner\"><\/div>\n\t\t<\/div>\n\t\t\t\t\t\t<\/div>\n\t\t\t\t<\/div>\n\t\t\t\t<div class=\"elementor-element elementor-element-cabbf80 divider_yes aleft elementor-widget elementor-widget-wgl-double-heading\" data-id=\"cabbf80\" data-element_type=\"widget\" data-widget_type=\"wgl-double-heading.default\">\n\t\t\t\t<div class=\"elementor-widget-container\">\n\t\t\t\t\t<div class=\"wgl-double-heading\"><h3 class=\"dblh__title-wrapper\"><span class=\"dblh__divider\"><\/span><span class=\"dblh__title dblh__title-1\">The Ghost - Filtracijski digestorij<\/span><\/h3><\/div>\t\t\t\t<\/div>\n\t\t\t\t<\/div>\n\t\t\t\t<div class=\"elementor-element elementor-element-678e23d elementor-widget elementor-widget-text-editor\" data-id=\"678e23d\" data-element_type=\"widget\" data-widget_type=\"text-editor.default\">\n\t\t\t\t<div class=\"elementor-widget-container\">\n\t\t\t\t\t\t\t\t\t<p>Razvit v sodelovanju s francoskim podjetjem <a href=\"https:\/\/www.erlab.com\/en\/\" target=\"_blank\" rel=\"noopener\">ERLAB<\/a>, vodilnim svetovnim dobaviteljem tehnologij za filtriranje zraka.<\/p><p>Na voljo v 3 razli\u010dnih \u0161irinah, z mo\u017enostjo 2 vrst notranjih oblog (melamin, fenolni laminat).<\/p><p>Primerljiva konfigurabilnost s standardnim digestorijem, primeren za \u0161iroko paleto uporabe.<\/p><p>&gt;&gt;\u00a0<a href=\"https:\/\/labinterior.de\/wp-content\/uploads\/2024\/05\/LabInterior_TheGhost_FiltrationFumeHood_Filterlaborabzug.pdf\" target=\"_blank\" style=\"font-size: 18px;\" rel=\"noopener\">Tehni\u010dni podatki<\/a><\/p>\t\t\t\t\t\t\t\t<\/div>\n\t\t\t\t<\/div>\n\t\t\t\t\t<\/div>\n\t\t<\/div>\n\t\t\t\t\t<\/div>\n\t\t<\/section>\n\t\t\t\t<section class=\"elementor-section elementor-top-section elementor-element elementor-element-614500a elementor-section-boxed elementor-section-height-default elementor-section-height-default\" data-id=\"614500a\" data-element_type=\"section\">\n\t\t\t\t\t\t<div class=\"elementor-container elementor-column-gap-default\">\n\t\t\t\t\t<div class=\"elementor-column elementor-col-100 elementor-top-column elementor-element elementor-element-d8a9865\" data-id=\"d8a9865\" data-element_type=\"column\">\n\t\t\t<div class=\"elementor-widget-wrap elementor-element-populated\">\n\t\t\t\t\t\t<div class=\"elementor-element elementor-element-b6a5825 elementor-invisible elementor-widget elementor-widget-image\" data-id=\"b6a5825\" data-element_type=\"widget\" data-settings=\"{&quot;_animation&quot;:&quot;zoomIn&quot;}\" data-widget_type=\"image.default\">\n\t\t\t\t<div class=\"elementor-widget-container\">\n\t\t\t\t\t\t\t\t\t\t\t\t\t\t\t\t<a href=\"https:\/\/labinterior.de\/wp-content\/uploads\/2024\/05\/Digestorij_Ghost_FOTO_web.png\" data-elementor-open-lightbox=\"yes\" data-elementor-lightbox-title=\"LabInterior_TheGhost\" data-e-action-hash=\"#elementor-action%3Aaction%3Dlightbox%26settings%3DeyJpZCI6MjE5MDIsInVybCI6Imh0dHBzOlwvXC9sYWJpbnRlcmlvci5kZVwvd3AtY29udGVudFwvdXBsb2Fkc1wvMjAyNFwvMDVcL0RpZ2VzdG9yaWpfR2hvc3RfRk9UT193ZWIucG5nIn0%3D\">\n\t\t\t\t\t\t\t<img decoding=\"async\" src=\"https:\/\/labinterior.de\/wp-content\/uploads\/elementor\/thumbs\/Digestorij_Ghost_FOTO_web-qom9j0z13rymvtikhnktr0w4sew692q6ebnevvsank.png\" title=\"LabInterior_TheGhost\" alt=\"LabInterior_TheGhost\" loading=\"lazy\" \/>\t\t\t\t\t\t\t\t<\/a>\n\t\t\t\t\t\t\t\t\t\t\t\t\t\t\t<\/div>\n\t\t\t\t<\/div>\n\t\t\t\t\t<\/div>\n\t\t<\/div>\n\t\t\t\t\t<\/div>\n\t\t<\/section>\n\t\t\t\t<section class=\"elementor-section elementor-top-section elementor-element elementor-element-adc5e57 elementor-section-boxed elementor-section-height-default elementor-section-height-default\" data-id=\"adc5e57\" data-element_type=\"section\">\n\t\t\t\t\t\t<div class=\"elementor-container elementor-column-gap-default\">\n\t\t\t\t\t<div class=\"elementor-column elementor-col-25 elementor-top-column elementor-element elementor-element-b1193c7\" data-id=\"b1193c7\" data-element_type=\"column\">\n\t\t\t<div class=\"elementor-widget-wrap elementor-element-populated\">\n\t\t\t\t\t\t<div class=\"elementor-element elementor-element-6f9152e aleft elementor-widget-icon-box wgl-icon-box elementor-view-bubble animation_bubble elementor-widget elementor-widget-wgl-info-box\" data-id=\"6f9152e\" data-element_type=\"widget\" data-widget_type=\"wgl-info-box.default\">\n\t\t\t\t<div class=\"elementor-widget-container\">\n\t\t\t\t\t<div class=\"wgl-infobox\"><div class=\"wgl-infobox_wrapper wgl-layout-top\"><div class=\"media-wrapper icon-wrapper\"><span class=\"wgl-icon\" ><i class=\"icon elementor-icon fas fa-check-double\" aria-hidden=\"true\"><\/i><\/span><\/div><div class=\"content_wrapper\"><div class=\"wgl-infobox-title_wrapper\"><h3 class=\"wgl-infobox_title\"><span class=\"wgl-infobox_title-idle\">VE\u010cJA U\u010cINKOVITOST<\/span><\/h3><\/div><div class=\"wgl-infobox_content\"><p>Fleksibilnost pozicioniranja v prostoru. Izbor filtrov konfiguriran glede na potrebe uporabnika.<\/p><\/div><\/div><\/div><\/div>\t\t\t\t<\/div>\n\t\t\t\t<\/div>\n\t\t\t\t\t<\/div>\n\t\t<\/div>\n\t\t\t\t<div class=\"elementor-column elementor-col-25 elementor-top-column elementor-element elementor-element-f33da25\" data-id=\"f33da25\" data-element_type=\"column\">\n\t\t\t<div class=\"elementor-widget-wrap elementor-element-populated\">\n\t\t\t\t\t\t<div class=\"elementor-element elementor-element-270b597 aleft elementor-widget-icon-box wgl-icon-box elementor-view-bubble animation_bubble elementor-widget elementor-widget-wgl-info-box\" data-id=\"270b597\" data-element_type=\"widget\" data-widget_type=\"wgl-info-box.default\">\n\t\t\t\t<div class=\"elementor-widget-container\">\n\t\t\t\t\t<div class=\"wgl-infobox\"><div class=\"wgl-infobox_wrapper wgl-layout-top\"><div class=\"media-wrapper icon-wrapper\"><span class=\"wgl-icon\" ><i class=\"icon elementor-icon fas fa-coins\" aria-hidden=\"true\"><\/i><\/span><\/div><div class=\"content_wrapper\"><div class=\"wgl-infobox-title_wrapper\"><h3 class=\"wgl-infobox_title\"><span class=\"wgl-infobox_title-idle\">OPTIMIZACIJA STRO\u0160KOV<\/span><\/h3><\/div><div class=\"wgl-infobox_content\"><p>Brez obremenjevanja prezra\u010devalnega sistema objekta (ni\u017eji stro\u0161ki segrevanja in ohlajanja dovajanega zraka). Nizka poraba elektri\u010dne energije. Odsesovalni priklju\u010dek ni potreben.<\/p><\/div><\/div><\/div><\/div>\t\t\t\t<\/div>\n\t\t\t\t<\/div>\n\t\t\t\t\t<\/div>\n\t\t<\/div>\n\t\t\t\t<div class=\"elementor-column elementor-col-25 elementor-top-column elementor-element elementor-element-1020318\" data-id=\"1020318\" data-element_type=\"column\">\n\t\t\t<div class=\"elementor-widget-wrap elementor-element-populated\">\n\t\t\t\t\t\t<div class=\"elementor-element elementor-element-c9f0a9f aleft elementor-widget-icon-box wgl-icon-box elementor-view-bubble animation_bubble elementor-widget elementor-widget-wgl-info-box\" data-id=\"c9f0a9f\" data-element_type=\"widget\" data-widget_type=\"wgl-info-box.default\">\n\t\t\t\t<div class=\"elementor-widget-container\">\n\t\t\t\t\t<div class=\"wgl-infobox\"><div class=\"wgl-infobox_wrapper wgl-layout-top\"><div class=\"media-wrapper icon-wrapper\"><span class=\"wgl-icon\" ><i class=\"icon elementor-icon fas fa-seedling\" aria-hidden=\"true\"><\/i><\/span><\/div><div class=\"content_wrapper\"><div class=\"wgl-infobox-title_wrapper\"><h3 class=\"wgl-infobox_title\"><span class=\"wgl-infobox_title-idle\">ZELENO IN TRAJNOSTNO<\/span><\/h3><\/div><div class=\"wgl-infobox_content\"><p>Brez nevarnih izpustov v okolje.<\/p><\/div><\/div><\/div><\/div>\t\t\t\t<\/div>\n\t\t\t\t<\/div>\n\t\t\t\t\t<\/div>\n\t\t<\/div>\n\t\t\t\t<div class=\"elementor-column elementor-col-25 elementor-top-column elementor-element elementor-element-29b46ab\" data-id=\"29b46ab\" data-element_type=\"column\">\n\t\t\t<div class=\"elementor-widget-wrap elementor-element-populated\">\n\t\t\t\t\t\t<div class=\"elementor-element elementor-element-0ff5c34 aleft elementor-widget-icon-box wgl-icon-box elementor-view-bubble animation_bubble elementor-widget elementor-widget-wgl-info-box\" data-id=\"0ff5c34\" data-element_type=\"widget\" data-widget_type=\"wgl-info-box.default\">\n\t\t\t\t<div class=\"elementor-widget-container\">\n\t\t\t\t\t<div class=\"wgl-infobox\"><div class=\"wgl-infobox_wrapper wgl-layout-top\"><div class=\"media-wrapper icon-wrapper\"><span class=\"wgl-icon\" ><i class=\"icon elementor-icon fas fa-digital-tachograph\" aria-hidden=\"true\"><\/i><\/span><\/div><div class=\"content_wrapper\"><div class=\"wgl-infobox-title_wrapper\"><h3 class=\"wgl-infobox_title\"><span class=\"wgl-infobox_title-idle\">AVTOMATIZACIJA<\/span><\/h3><\/div><div class=\"wgl-infobox_content\"><p>Enostavno upravljanje preko panela, ob\u010dutljivega na dotik. Povezava z aplikacijo za spremljanje statusa.<\/p><\/div><\/div><\/div><\/div>\t\t\t\t<\/div>\n\t\t\t\t<\/div>\n\t\t\t\t\t<\/div>\n\t\t<\/div>\n\t\t\t\t\t<\/div>\n\t\t<\/section>\n\t\t\t\t<section class=\"elementor-section elementor-top-section elementor-element elementor-element-37a015a elementor-section-boxed elementor-section-height-default elementor-section-height-default\" data-id=\"37a015a\" data-element_type=\"section\" data-settings=\"{&quot;background_background&quot;:&quot;classic&quot;}\">\n\t\t\t\t\t\t\t<div class=\"elementor-background-overlay\"><\/div>\n\t\t\t\t\t\t\t<div class=\"elementor-container elementor-column-gap-default\">\n\t\t\t\t\t<div class=\"elementor-column elementor-col-100 elementor-top-column elementor-element elementor-element-41b5835\" data-id=\"41b5835\" data-element_type=\"column\">\n\t\t\t<div class=\"elementor-widget-wrap elementor-element-populated\">\n\t\t\t\t\t\t<div class=\"elementor-element elementor-element-43f3366 elementor-widget elementor-widget-spacer\" data-id=\"43f3366\" data-element_type=\"widget\" data-widget_type=\"spacer.default\">\n\t\t\t\t<div class=\"elementor-widget-container\">\n\t\t\t\t\t\t\t<div class=\"elementor-spacer\">\n\t\t\t<div class=\"elementor-spacer-inner\"><\/div>\n\t\t<\/div>\n\t\t\t\t\t\t<\/div>\n\t\t\t\t<\/div>\n\t\t\t\t<div class=\"elementor-element elementor-element-425e0a8 elementor-invisible elementor-widget elementor-widget-image\" data-id=\"425e0a8\" data-element_type=\"widget\" data-settings=\"{&quot;_animation&quot;:&quot;fadeInUp&quot;,&quot;_animation_delay&quot;:200}\" data-widget_type=\"image.default\">\n\t\t\t\t<div class=\"elementor-widget-container\">\n\t\t\t\t\t\t\t\t\t\t\t\t\t\t\t<img decoding=\"async\" width=\"250\" height=\"100\" src=\"https:\/\/labinterior.de\/wp-content\/uploads\/2022\/05\/logo_mobile_menu.png\" class=\"attachment-full size-full wp-image-6275\" alt=\"\" \/>\t\t\t\t\t\t\t\t\t\t\t\t\t\t\t<\/div>\n\t\t\t\t<\/div>\n\t\t\t\t<div class=\"elementor-element elementor-element-86da930 elementor-invisible elementor-widget elementor-widget-heading\" data-id=\"86da930\" data-element_type=\"widget\" data-settings=\"{&quot;_animation&quot;:&quot;fadeInUp&quot;,&quot;_animation_delay&quot;:400}\" data-widget_type=\"heading.default\">\n\t\t\t\t<div class=\"elementor-widget-container\">\n\t\t\t\t\t<h2 class=\"elementor-heading-title elementor-size-small\">Postavljamo nove standarde, ker stvari radi po\u010dnemo druga\u010de.<\/h2>\t\t\t\t<\/div>\n\t\t\t\t<\/div>\n\t\t\t\t<div class=\"elementor-element elementor-element-749ec36 acenter a-mobilecenter elementor-invisible elementor-widget elementor-widget-wgl-button\" data-id=\"749ec36\" data-element_type=\"widget\" data-settings=\"{&quot;_animation&quot;:&quot;fadeInUp&quot;,&quot;_animation_delay&quot;:600}\" data-widget_type=\"wgl-button.default\">\n\t\t\t\t<div class=\"elementor-widget-container\">\n\t\t\t\t\t<div class=\"button-wrapper\"><a  class=\"wgl-button btn-size-xl \" role=\"button\" href=\"\/sl\/requests\"><div class=\"button-content-wrapper \"><span class=\"wgl-button-text\">PRIDOBITE PONUDBO ALI PRENESITE KATALOG<\/span><\/div><\/a><\/div>\t\t\t\t<\/div>\n\t\t\t\t<\/div>\n\t\t\t\t<div class=\"elementor-element elementor-element-86a872e elementor-widget elementor-widget-spacer\" data-id=\"86a872e\" data-element_type=\"widget\" data-widget_type=\"spacer.default\">\n\t\t\t\t<div class=\"elementor-widget-container\">\n\t\t\t\t\t\t\t<div class=\"elementor-spacer\">\n\t\t\t<div class=\"elementor-spacer-inner\"><\/div>\n\t\t<\/div>\n\t\t\t\t\t\t<\/div>\n\t\t\t\t<\/div>\n\t\t\t\t\t<\/div>\n\t\t<\/div>\n\t\t\t\t\t<\/div>\n\t\t<\/section>\n\t\t\t\t<\/div>\n\t\t","protected":false},"excerpt":{"rendered":"<p>The Ghost &#8211; Filtracijski digestorij Razvit v sodelovanju s francoskim podjetjem ERLAB, vodilnim svetovnim dobaviteljem tehnologij za filtriranje zraka. Na voljo v 3 razli\u010dnih \u0161irinah, z mo\u017enostjo 2 vrst notranjih oblog (melamin, fenolni laminat). Primerljiva konfigurabilnost s standardnim digestorijem, primeren za \u0161iroko paleto uporabe. &gt;&gt;\u00a0Tehni\u010dni podatki VE\u010cJA U\u010cINKOVITOST Fleksibilnost pozicioniranja v prostoru. Izbor filtrov konfiguriran [&hellip;]<\/p>\n","protected":false},"author":1,"featured_media":0,"parent":7117,"menu_order":0,"comment_status":"closed","ping_status":"closed","template":"","meta":{"footnotes":""},"class_list":["post-21883","page","type-page","status-publish","hentry"],"yoast_head":"<!-- This site is optimized with the Yoast SEO plugin v25.9 - https:\/\/yoast.com\/wordpress\/plugins\/seo\/ -->\n<title>TheGhost - Lab Interior<\/title>\n<meta name=\"description\" content=\"The Ghost \u2013 a next-gen filtration fume hood by Lab Interior &amp; ERLAB. Choose from 3 widths and 2 linings. Boost safety and efficiency in your lab.\" \/>\n<meta name=\"robots\" content=\"index, follow, max-snippet:-1, max-image-preview:large, max-video-preview:-1\" \/>\n<link rel=\"canonical\" href=\"https:\/\/labinterior.de\/sl\/digestoriji\/theghost\/\" \/>\n<meta property=\"og:locale\" content=\"sl_SI\" \/>\n<meta property=\"og:type\" content=\"article\" \/>\n<meta property=\"og:title\" content=\"TheGhost - Lab Interior\" \/>\n<meta property=\"og:description\" content=\"The Ghost \u2013 a next-gen filtration fume hood by Lab Interior &amp; ERLAB. Choose from 3 widths and 2 linings. Boost safety and efficiency in your lab.\" \/>\n<meta property=\"og:url\" content=\"https:\/\/labinterior.de\/sl\/digestoriji\/theghost\/\" \/>\n<meta property=\"og:site_name\" content=\"Lab Interior\" \/>\n<meta property=\"article:publisher\" content=\"https:\/\/facebook.com\/labinterior.de\" \/>\n<meta property=\"article:modified_time\" content=\"2025-07-24T09:16:58+00:00\" \/>\n<meta property=\"og:image\" content=\"https:\/\/labinterior.de\/wp-content\/uploads\/2024\/05\/TheGhost-300x144.png\" \/>\n<meta name=\"twitter:card\" content=\"summary_large_image\" \/>\n<meta name=\"twitter:label1\" content=\"Est. reading time\" \/>\n\t<meta name=\"twitter:data1\" content=\"2 minuti\" \/>\n<script type=\"application\/ld+json\" class=\"yoast-schema-graph\">{\"@context\":\"https:\/\/schema.org\",\"@graph\":[{\"@type\":\"WebPage\",\"@id\":\"https:\/\/labinterior.de\/sl\/digestoriji\/theghost\/\",\"url\":\"https:\/\/labinterior.de\/sl\/digestoriji\/theghost\/\",\"name\":\"TheGhost - Lab Interior\",\"isPartOf\":{\"@id\":\"https:\/\/labinterior.de\/sl\/#website\"},\"primaryImageOfPage\":{\"@id\":\"https:\/\/labinterior.de\/sl\/digestoriji\/theghost\/#primaryimage\"},\"image\":{\"@id\":\"https:\/\/labinterior.de\/sl\/digestoriji\/theghost\/#primaryimage\"},\"thumbnailUrl\":\"https:\/\/labinterior.de\/wp-content\/uploads\/2024\/05\/TheGhost-300x144.png\",\"datePublished\":\"2024-05-24T05:03:49+00:00\",\"dateModified\":\"2025-07-24T09:16:58+00:00\",\"description\":\"The Ghost \u2013 a next-gen filtration fume hood by Lab Interior & ERLAB. Choose from 3 widths and 2 linings. Boost safety and efficiency in your lab.\",\"breadcrumb\":{\"@id\":\"https:\/\/labinterior.de\/sl\/digestoriji\/theghost\/#breadcrumb\"},\"inLanguage\":\"sl-SI\",\"potentialAction\":[{\"@type\":\"ReadAction\",\"target\":[\"https:\/\/labinterior.de\/sl\/digestoriji\/theghost\/\"]}]},{\"@type\":\"ImageObject\",\"inLanguage\":\"sl-SI\",\"@id\":\"https:\/\/labinterior.de\/sl\/digestoriji\/theghost\/#primaryimage\",\"url\":\"https:\/\/labinterior.de\/wp-content\/uploads\/2024\/05\/TheGhost-300x144.png\",\"contentUrl\":\"https:\/\/labinterior.de\/wp-content\/uploads\/2024\/05\/TheGhost-300x144.png\"},{\"@type\":\"BreadcrumbList\",\"@id\":\"https:\/\/labinterior.de\/sl\/digestoriji\/theghost\/#breadcrumb\",\"itemListElement\":[{\"@type\":\"ListItem\",\"position\":1,\"name\":\"Startseite\",\"item\":\"https:\/\/labinterior.de\/sl\/\"},{\"@type\":\"ListItem\",\"position\":2,\"name\":\"Digestoriji\",\"item\":\"https:\/\/labinterior.de\/sl\/digestoriji\/\"},{\"@type\":\"ListItem\",\"position\":3,\"name\":\"TheGhost\"}]},{\"@type\":\"WebSite\",\"@id\":\"https:\/\/labinterior.de\/sl\/#website\",\"url\":\"https:\/\/labinterior.de\/sl\/\",\"name\":\"Lab Interior\",\"description\":\"Laboratorijsko pohi\u0161tvo in oprema po meri - Lab Interior laboratorijsko pohi\u0161tvo\",\"publisher\":{\"@id\":\"https:\/\/labinterior.de\/sl\/#organization\"},\"potentialAction\":[{\"@type\":\"SearchAction\",\"target\":{\"@type\":\"EntryPoint\",\"urlTemplate\":\"https:\/\/labinterior.de\/sl\/?s={search_term_string}\"},\"query-input\":{\"@type\":\"PropertyValueSpecification\",\"valueRequired\":true,\"valueName\":\"search_term_string\"}}],\"inLanguage\":\"sl-SI\"},{\"@type\":\"Organization\",\"@id\":\"https:\/\/labinterior.de\/sl\/#organization\",\"name\":\"Lab Interior\",\"url\":\"https:\/\/labinterior.de\/sl\/\",\"logo\":{\"@type\":\"ImageObject\",\"inLanguage\":\"sl-SI\",\"@id\":\"https:\/\/labinterior.de\/sl\/#\/schema\/logo\/image\/\",\"url\":\"https:\/\/labinterior.de\/wp-content\/uploads\/2022\/04\/LabInterior_LOGO.png\",\"contentUrl\":\"https:\/\/labinterior.de\/wp-content\/uploads\/2022\/04\/LabInterior_LOGO.png\",\"width\":1199,\"height\":479,\"caption\":\"Lab Interior\"},\"image\":{\"@id\":\"https:\/\/labinterior.de\/sl\/#\/schema\/logo\/image\/\"},\"sameAs\":[\"https:\/\/facebook.com\/labinterior.de\",\"https:\/\/www.linkedin.com\/company\/lab-interior\/\"]}]}<\/script>\n<!-- \/ Yoast SEO plugin. -->","yoast_head_json":{"title":"TheGhost - Lab Interior","description":"The Ghost \u2013 a next-gen filtration fume hood by Lab Interior & ERLAB. Choose from 3 widths and 2 linings. Boost safety and efficiency in your lab.","robots":{"index":"index","follow":"follow","max-snippet":"max-snippet:-1","max-image-preview":"max-image-preview:large","max-video-preview":"max-video-preview:-1"},"canonical":"https:\/\/labinterior.de\/sl\/digestoriji\/theghost\/","og_locale":"sl_SI","og_type":"article","og_title":"TheGhost - Lab Interior","og_description":"The Ghost \u2013 a next-gen filtration fume hood by Lab Interior & ERLAB. Choose from 3 widths and 2 linings. Boost safety and efficiency in your lab.","og_url":"https:\/\/labinterior.de\/sl\/digestoriji\/theghost\/","og_site_name":"Lab Interior","article_publisher":"https:\/\/facebook.com\/labinterior.de","article_modified_time":"2025-07-24T09:16:58+00:00","og_image":[{"url":"https:\/\/labinterior.de\/wp-content\/uploads\/2024\/05\/TheGhost-300x144.png","type":"","width":"","height":""}],"twitter_card":"summary_large_image","twitter_misc":{"Est. reading time":"2 minuti"},"schema":{"@context":"https:\/\/schema.org","@graph":[{"@type":"WebPage","@id":"https:\/\/labinterior.de\/sl\/digestoriji\/theghost\/","url":"https:\/\/labinterior.de\/sl\/digestoriji\/theghost\/","name":"TheGhost - Lab Interior","isPartOf":{"@id":"https:\/\/labinterior.de\/sl\/#website"},"primaryImageOfPage":{"@id":"https:\/\/labinterior.de\/sl\/digestoriji\/theghost\/#primaryimage"},"image":{"@id":"https:\/\/labinterior.de\/sl\/digestoriji\/theghost\/#primaryimage"},"thumbnailUrl":"https:\/\/labinterior.de\/wp-content\/uploads\/2024\/05\/TheGhost-300x144.png","datePublished":"2024-05-24T05:03:49+00:00","dateModified":"2025-07-24T09:16:58+00:00","description":"The Ghost \u2013 a next-gen filtration fume hood by Lab Interior & ERLAB. Choose from 3 widths and 2 linings. Boost safety and efficiency in your lab.","breadcrumb":{"@id":"https:\/\/labinterior.de\/sl\/digestoriji\/theghost\/#breadcrumb"},"inLanguage":"sl-SI","potentialAction":[{"@type":"ReadAction","target":["https:\/\/labinterior.de\/sl\/digestoriji\/theghost\/"]}]},{"@type":"ImageObject","inLanguage":"sl-SI","@id":"https:\/\/labinterior.de\/sl\/digestoriji\/theghost\/#primaryimage","url":"https:\/\/labinterior.de\/wp-content\/uploads\/2024\/05\/TheGhost-300x144.png","contentUrl":"https:\/\/labinterior.de\/wp-content\/uploads\/2024\/05\/TheGhost-300x144.png"},{"@type":"BreadcrumbList","@id":"https:\/\/labinterior.de\/sl\/digestoriji\/theghost\/#breadcrumb","itemListElement":[{"@type":"ListItem","position":1,"name":"Startseite","item":"https:\/\/labinterior.de\/sl\/"},{"@type":"ListItem","position":2,"name":"Digestoriji","item":"https:\/\/labinterior.de\/sl\/digestoriji\/"},{"@type":"ListItem","position":3,"name":"TheGhost"}]},{"@type":"WebSite","@id":"https:\/\/labinterior.de\/sl\/#website","url":"https:\/\/labinterior.de\/sl\/","name":"Lab Interior","description":"Laboratorijsko pohi\u0161tvo in oprema po meri - Lab Interior laboratorijsko pohi\u0161tvo","publisher":{"@id":"https:\/\/labinterior.de\/sl\/#organization"},"potentialAction":[{"@type":"SearchAction","target":{"@type":"EntryPoint","urlTemplate":"https:\/\/labinterior.de\/sl\/?s={search_term_string}"},"query-input":{"@type":"PropertyValueSpecification","valueRequired":true,"valueName":"search_term_string"}}],"inLanguage":"sl-SI"},{"@type":"Organization","@id":"https:\/\/labinterior.de\/sl\/#organization","name":"Lab Interior","url":"https:\/\/labinterior.de\/sl\/","logo":{"@type":"ImageObject","inLanguage":"sl-SI","@id":"https:\/\/labinterior.de\/sl\/#\/schema\/logo\/image\/","url":"https:\/\/labinterior.de\/wp-content\/uploads\/2022\/04\/LabInterior_LOGO.png","contentUrl":"https:\/\/labinterior.de\/wp-content\/uploads\/2022\/04\/LabInterior_LOGO.png","width":1199,"height":479,"caption":"Lab Interior"},"image":{"@id":"https:\/\/labinterior.de\/sl\/#\/schema\/logo\/image\/"},"sameAs":["https:\/\/facebook.com\/labinterior.de","https:\/\/www.linkedin.com\/company\/lab-interior\/"]}]}},"_links":{"self":[{"href":"https:\/\/labinterior.de\/sl\/wp-json\/wp\/v2\/pages\/21883","targetHints":{"allow":["GET"]}}],"collection":[{"href":"https:\/\/labinterior.de\/sl\/wp-json\/wp\/v2\/pages"}],"about":[{"href":"https:\/\/labinterior.de\/sl\/wp-json\/wp\/v2\/types\/page"}],"author":[{"embeddable":true,"href":"https:\/\/labinterior.de\/sl\/wp-json\/wp\/v2\/users\/1"}],"replies":[{"embeddable":true,"href":"https:\/\/labinterior.de\/sl\/wp-json\/wp\/v2\/comments?post=21883"}],"version-history":[{"count":22,"href":"https:\/\/labinterior.de\/sl\/wp-json\/wp\/v2\/pages\/21883\/revisions"}],"predecessor-version":[{"id":22123,"href":"https:\/\/labinterior.de\/sl\/wp-json\/wp\/v2\/pages\/21883\/revisions\/22123"}],"up":[{"embeddable":true,"href":"https:\/\/labinterior.de\/sl\/wp-json\/wp\/v2\/pages\/7117"}],"wp:attachment":[{"href":"https:\/\/labinterior.de\/sl\/wp-json\/wp\/v2\/media?parent=21883"}],"curies":[{"name":"wp","href":"https:\/\/api.w.org\/{rel}","templated":true}]}}