{"id":3030,"date":"2021-06-30T11:58:29","date_gmt":"2021-06-30T11:58:29","guid":{"rendered":"https:\/\/wgl-demo.net\/transmax\/?page_id=3030"},"modified":"2025-07-30T14:57:06","modified_gmt":"2025-07-30T12:57:06","slug":"vse-reference","status":"publish","type":"page","link":"https:\/\/labinterior.de\/sl\/vse-reference\/","title":{"rendered":"Reference"},"content":{"rendered":"\t\t<div data-elementor-type=\"wp-page\" data-elementor-id=\"3030\" class=\"elementor elementor-3030\">\n\t\t\t\t\t\t<section class=\"elementor-section elementor-top-section elementor-element elementor-element-e056fbb elementor-section-boxed elementor-section-height-default elementor-section-height-default\" data-id=\"e056fbb\" data-element_type=\"section\">\n\t\t\t\t\t\t<div class=\"elementor-container elementor-column-gap-default\">\n\t\t\t\t\t<div class=\"elementor-column elementor-col-100 elementor-top-column elementor-element elementor-element-a53e420\" data-id=\"a53e420\" data-element_type=\"column\">\n\t\t\t<div class=\"elementor-widget-wrap elementor-element-populated\">\n\t\t\t\t\t\t<div class=\"elementor-element elementor-element-35b882c elementor-widget elementor-widget-spacer\" data-id=\"35b882c\" data-element_type=\"widget\" data-widget_type=\"spacer.default\">\n\t\t\t\t<div class=\"elementor-widget-container\">\n\t\t\t\t\t\t\t<div class=\"elementor-spacer\">\n\t\t\t<div class=\"elementor-spacer-inner\"><\/div>\n\t\t<\/div>\n\t\t\t\t\t\t<\/div>\n\t\t\t\t<\/div>\n\t\t\t\t<div class=\"elementor-element elementor-element-2c9628d divider_yes acenter elementor-widget elementor-widget-wgl-double-heading\" data-id=\"2c9628d\" data-element_type=\"widget\" data-widget_type=\"wgl-double-heading.default\">\n\t\t\t\t<div class=\"elementor-widget-container\">\n\t\t\t\t\t<div class=\"wgl-double-heading\"><h3 class=\"dblh__title-wrapper\"><span class=\"dblh__divider\"><\/span><span class=\"dblh__title dblh__title-1\">REFEREN\u010cNI <\/span><span class=\"dblh__title dblh__title-2\">PROJEKTI<\/span><\/h3><\/div>\t\t\t\t<\/div>\n\t\t\t\t<\/div>\n\t\t\t\t<div class=\"elementor-element elementor-element-0eee230 elementor-widget__width-initial elementor-widget elementor-widget-text-editor\" data-id=\"0eee230\" data-element_type=\"widget\" data-widget_type=\"text-editor.default\">\n\t\t\t\t<div class=\"elementor-widget-container\">\n\t\t\t\t\t\t\t\t\t<h4 data-start=\"222\" data-end=\"264\">Na\u0161i laboratoriji po vsej Evropi<\/h4><p data-start=\"265\" data-end=\"618\">Zaupanje vodilnih raziskovalnih ustanov, univerz, farmacevtskih in prehranskih podjetij potrjuje kakovost, prilagodljivost in trajnost na\u0161ih re\u0161itev.<br data-start=\"414\" data-end=\"417\" \/>Sodelujemo z vizionarskimi naro\u010dniki in ustvarjamo sodobne, ergonomske in pametne laboratorijske prostore \u2013 od poklicnih \u0161ol in raziskovalnih in\u0161titutov do multinacionalk in visokotehnolo\u0161kih podjetij.<\/p><p data-start=\"620\" data-end=\"668\">Oglejte si izbor na\u0161ih referen\u010dnih projektov:<\/p><p>\u00a0<\/p>\t\t\t\t\t\t\t\t<\/div>\n\t\t\t\t<\/div>\n\t\t\t\t<div class=\"elementor-element elementor-element-eab3a92 elementor-widget elementor-widget-spacer\" data-id=\"eab3a92\" data-element_type=\"widget\" data-widget_type=\"spacer.default\">\n\t\t\t\t<div class=\"elementor-widget-container\">\n\t\t\t\t\t\t\t<div class=\"elementor-spacer\">\n\t\t\t<div class=\"elementor-spacer-inner\"><\/div>\n\t\t<\/div>\n\t\t\t\t\t\t<\/div>\n\t\t\t\t<\/div>\n\t\t\t\t\t<\/div>\n\t\t<\/div>\n\t\t\t\t\t<\/div>\n\t\t<\/section>\n\t\t\t\t<section class=\"elementor-section elementor-top-section elementor-element elementor-element-a98f2fd elementor-section-boxed elementor-section-height-default elementor-section-height-default\" data-id=\"a98f2fd\" data-element_type=\"section\">\n\t\t\t\t\t\t<div class=\"elementor-container elementor-column-gap-default\">\n\t\t\t\t\t<div class=\"elementor-column elementor-col-100 elementor-top-column elementor-element elementor-element-9fe1ef3\" data-id=\"9fe1ef3\" data-element_type=\"column\">\n\t\t\t<div class=\"elementor-widget-wrap elementor-element-populated\">\n\t\t\t\t\t\t<div class=\"elementor-element elementor-element-be34bf1 elementor-widget elementor-widget-wgl-portfolio\" data-id=\"be34bf1\" data-element_type=\"widget\" data-widget_type=\"wgl-portfolio.default\">\n\t\t\t\t<div class=\"elementor-widget-container\">\n\t\t\t\t\t<section class=\"wgl_cpt_section\"><div class=\"wgl-portfolio\" id=\"portfolio_module_6a08ee396fd25\"><div class=\"wgl-filter_wrapper portfolio__filter isotope-filter filter-center has_filter_counter\"><div class=\"wgl-filter_swiper_wrapper\"><div class=\"swiper-wrapper\"><a href=\"#\" data-filter=\".portfolio__item\" class=\"swiper-slide active\">All<span class=\"filter_counter\"><\/span><\/a><\/div><\/div><\/div><div class=\"wgl-portfolio_wrapper\"><div class=\"wgl-portfolio_container container-grid row masonry isotope col-3\"  style=\"margin-right: -15px;margin-left: -15px;margin-bottom: -30px;\"><article class=\"portfolio__item item\"  style=\"padding: 0 15px 30px;\"><div class=\"item__wrapper description_inside_image animation_simple\"><div class=\"item__image\"><img decoding=\"async\" src=\"https:\/\/labinterior.de\/wp-content\/uploads\/2024\/12\/Tiroler-01-740x740.jpg\" alt=\"\"><\/div><div class=\"item__description\"><a href=\"https:\/\/labinterior.de\/sl\/reference\/tirolska-poklicna-sola-za-prehrano-lepoto-kemijo-nego-medije-innsbruck-avstrija\/\" class=\"single_link portfolio_link\"><\/a><div class=\"description__wrapper\"><div class=\"item__title\"><h4 class=\"title\"><a href=\"https:\/\/labinterior.de\/sl\/reference\/tirolska-poklicna-sola-za-prehrano-lepoto-kemijo-nego-medije-innsbruck-avstrija\/\" class=\"single_link\">Tirolska poklicna \u0161ola za prehrano, lepoto, kemijo, nego, medije, Innsbruck, Avstrija<\/a><\/h4><\/div><div class=\"description__icon\"><a href=\"https:\/\/labinterior.de\/sl\/reference\/tirolska-poklicna-sola-za-prehrano-lepoto-kemijo-nego-medije-innsbruck-avstrija\/\" class=\"single_link\"><i class=\"flaticon-right-arrow\"><\/i><\/a><\/div><\/div><\/div><div class=\"overlay\"><\/div><\/div><\/article><article class=\"portfolio__item item\"  style=\"padding: 0 15px 30px;\"><div class=\"item__wrapper description_inside_image animation_simple\"><div class=\"item__image\"><img decoding=\"async\" src=\"https:\/\/labinterior.de\/wp-content\/uploads\/2024\/09\/Leica-1-740x740.jpg\" alt=\"\"><\/div><div class=\"item__description\"><a href=\"https:\/\/labinterior.de\/sl\/reference\/vienna-one-leica-microsystems-danaher\/\" class=\"single_link portfolio_link\"><\/a><div class=\"description__wrapper\"><div class=\"item__title\"><h4 class=\"title\"><a href=\"https:\/\/labinterior.de\/sl\/reference\/vienna-one-leica-microsystems-danaher\/\" class=\"single_link\">Vienna One Leica Microsystems &#038; Danaher, Dunaj, Avstrija<\/a><\/h4><\/div><div class=\"description__icon\"><a href=\"https:\/\/labinterior.de\/sl\/reference\/vienna-one-leica-microsystems-danaher\/\" class=\"single_link\"><i class=\"flaticon-right-arrow\"><\/i><\/a><\/div><\/div><\/div><div class=\"overlay\"><\/div><\/div><\/article><article class=\"portfolio__item item\"  style=\"padding: 0 15px 30px;\"><div class=\"item__wrapper description_inside_image animation_simple\"><div class=\"item__image\"><img decoding=\"async\" src=\"https:\/\/labinterior.de\/wp-content\/uploads\/2024\/09\/Chemie-1-740x740.jpg\" alt=\"\"><\/div><div class=\"item__description\"><a href=\"https:\/\/labinterior.de\/sl\/reference\/chemie-akademie-gradec-avstrija\/\" class=\"single_link portfolio_link\"><\/a><div class=\"description__wrapper\"><div class=\"item__title\"><h4 class=\"title\"><a href=\"https:\/\/labinterior.de\/sl\/reference\/chemie-akademie-gradec-avstrija\/\" class=\"single_link\">Chemie Akademie, Gradec, Avstrija<\/a><\/h4><\/div><div class=\"description__icon\"><a href=\"https:\/\/labinterior.de\/sl\/reference\/chemie-akademie-gradec-avstrija\/\" class=\"single_link\"><i class=\"flaticon-right-arrow\"><\/i><\/a><\/div><\/div><\/div><div class=\"overlay\"><\/div><\/div><\/article><article class=\"portfolio__item item\"  style=\"padding: 0 15px 30px;\"><div class=\"item__wrapper description_inside_image animation_simple\"><div class=\"item__image\"><img decoding=\"async\" src=\"https:\/\/labinterior.de\/wp-content\/uploads\/2024\/04\/Genostar-1-740x740.jpg\" alt=\"\"><\/div><div class=\"item__description\"><a href=\"https:\/\/labinterior.de\/sl\/reference\/genostar-bergland-avstrija\/\" class=\"single_link portfolio_link\"><\/a><div class=\"description__wrapper\"><div class=\"item__title\"><h4 class=\"title\"><a href=\"https:\/\/labinterior.de\/sl\/reference\/genostar-bergland-avstrija\/\" class=\"single_link\">Genostar, Bergland, Avstrija<\/a><\/h4><\/div><div class=\"description__icon\"><a href=\"https:\/\/labinterior.de\/sl\/reference\/genostar-bergland-avstrija\/\" class=\"single_link\"><i class=\"flaticon-right-arrow\"><\/i><\/a><\/div><\/div><\/div><div class=\"overlay\"><\/div><\/div><\/article><article class=\"portfolio__item item\"  style=\"padding: 0 15px 30px;\"><div class=\"item__wrapper description_inside_image animation_simple\"><div class=\"item__image\"><img decoding=\"async\" src=\"https:\/\/labinterior.de\/wp-content\/uploads\/2023\/11\/Chromotec-01-740x740.jpg\" alt=\"\"><\/div><div class=\"item__description\"><a href=\"https:\/\/labinterior.de\/sl\/reference\/chromotek-planegg-martinsried-nemcija\/\" class=\"single_link portfolio_link\"><\/a><div class=\"description__wrapper\"><div class=\"item__title\"><h4 class=\"title\"><a href=\"https:\/\/labinterior.de\/sl\/reference\/chromotek-planegg-martinsried-nemcija\/\" class=\"single_link\">ChromoTek, Planegg-Martinsried, Nem\u010dija<\/a><\/h4><\/div><div class=\"description__icon\"><a href=\"https:\/\/labinterior.de\/sl\/reference\/chromotek-planegg-martinsried-nemcija\/\" class=\"single_link\"><i class=\"flaticon-right-arrow\"><\/i><\/a><\/div><\/div><\/div><div class=\"overlay\"><\/div><\/div><\/article><article class=\"portfolio__item item\"  style=\"padding: 0 15px 30px;\"><div class=\"item__wrapper description_inside_image animation_simple\"><div class=\"item__image\"><img decoding=\"async\" src=\"https:\/\/labinterior.de\/wp-content\/uploads\/2023\/10\/Wagner-01-1-740x740.jpg\" alt=\"\"><\/div><div class=\"item__description\"><a href=\"https:\/\/labinterior.de\/sl\/reference\/institut-dr-wagner-lebring-avstrija\/\" class=\"single_link portfolio_link\"><\/a><div class=\"description__wrapper\"><div class=\"item__title\"><h4 class=\"title\"><a href=\"https:\/\/labinterior.de\/sl\/reference\/institut-dr-wagner-lebring-avstrija\/\" class=\"single_link\">In\u0161titut Dr. Wagner, Lebring, Avstrija<\/a><\/h4><\/div><div class=\"description__icon\"><a href=\"https:\/\/labinterior.de\/sl\/reference\/institut-dr-wagner-lebring-avstrija\/\" class=\"single_link\"><i class=\"flaticon-right-arrow\"><\/i><\/a><\/div><\/div><\/div><div class=\"overlay\"><\/div><\/div><\/article><article class=\"portfolio__item item\"  style=\"padding: 0 15px 30px;\"><div class=\"item__wrapper description_inside_image animation_simple\"><div class=\"item__image\"><img decoding=\"async\" src=\"https:\/\/labinterior.de\/wp-content\/uploads\/2023\/06\/BF-01-740x740.jpg\" alt=\"\"><\/div><div class=\"item__description\"><a href=\"https:\/\/labinterior.de\/sl\/reference\/biotehniska-fakulteta\/\" class=\"single_link portfolio_link\"><\/a><div class=\"description__wrapper\"><div class=\"item__title\"><h4 class=\"title\"><a href=\"https:\/\/labinterior.de\/sl\/reference\/biotehniska-fakulteta\/\" class=\"single_link\">Biotehni\u0161ka fakulteta v Ljubljani, Slovenija<\/a><\/h4><\/div><div class=\"description__icon\"><a href=\"https:\/\/labinterior.de\/sl\/reference\/biotehniska-fakulteta\/\" class=\"single_link\"><i class=\"flaticon-right-arrow\"><\/i><\/a><\/div><\/div><\/div><div class=\"overlay\"><\/div><\/div><\/article><article class=\"portfolio__item item\"  style=\"padding: 0 15px 30px;\"><div class=\"item__wrapper description_inside_image animation_simple\"><div class=\"item__image\"><img decoding=\"async\" src=\"https:\/\/labinterior.de\/wp-content\/uploads\/2022\/06\/Lifocolor-740x740.jpg\" alt=\"\"><\/div><div class=\"item__description\"><a href=\"https:\/\/labinterior.de\/sl\/reference\/lifocolor-farben\/\" class=\"single_link portfolio_link\"><\/a><div class=\"description__wrapper\"><div class=\"item__title\"><h4 class=\"title\"><a href=\"https:\/\/labinterior.de\/sl\/reference\/lifocolor-farben\/\" class=\"single_link\">Lifocolor Farben, Lichtenfels, Nem\u010dija<\/a><\/h4><\/div><div class=\"description__icon\"><a href=\"https:\/\/labinterior.de\/sl\/reference\/lifocolor-farben\/\" class=\"single_link\"><i class=\"flaticon-right-arrow\"><\/i><\/a><\/div><\/div><\/div><div class=\"overlay\"><\/div><\/div><\/article><article class=\"portfolio__item item\"  style=\"padding: 0 15px 30px;\"><div class=\"item__wrapper description_inside_image animation_simple\"><div class=\"item__image\"><img decoding=\"async\" src=\"https:\/\/labinterior.de\/wp-content\/uploads\/2022\/06\/Henkel-740x740.jpg\" alt=\"\"><\/div><div class=\"item__description\"><a href=\"https:\/\/labinterior.de\/sl\/reference\/henkel-slovenija\/\" class=\"single_link portfolio_link\"><\/a><div class=\"description__wrapper\"><div class=\"item__title\"><h4 class=\"title\"><a href=\"https:\/\/labinterior.de\/sl\/reference\/henkel-slovenija\/\" class=\"single_link\">Henkel Slovenija, Maribor, Slovenija<\/a><\/h4><\/div><div class=\"description__icon\"><a href=\"https:\/\/labinterior.de\/sl\/reference\/henkel-slovenija\/\" class=\"single_link\"><i class=\"flaticon-right-arrow\"><\/i><\/a><\/div><\/div><\/div><div class=\"overlay\"><\/div><\/div><\/article><\/div><\/div><div class=\"clear\"><\/div><div class=\"text-center load_more_wrapper\"><div class=\"infinity_item\"><span class=\"wgl-ellipsis\"><span><\/span><span><\/span><span><\/span><span><\/span><\/span><\/div><form class=\"posts_grid_ajax\"><input type='hidden' class='ajax_data' name='6a08ee3984f79_ajax_data' value='{&quot;number_of_posts&quot;:9,&quot;show_filter&quot;:&quot;yes&quot;,&quot;remainings_loading_type&quot;:&quot;infinite&quot;,&quot;remainings_loading_btn_items_amount&quot;:6,&quot;img_size_string&quot;:&quot;custom&quot;,&quot;custom_css&quot;:&quot;.swiper-wrapper {\\r\\n    display: none !important;\\r\\n}&quot;,&quot;layout&quot;:&quot;grid&quot;,&quot;posts_per_row&quot;:3,&quot;grid_gap&quot;:30,&quot;filter_counter_enabled&quot;:&quot;yes&quot;,&quot;filter_alignment&quot;:&quot;center&quot;,&quot;img_size_array&quot;:{&quot;width&quot;:&quot;740&quot;,&quot;height&quot;:&quot;740&quot;},&quot;countries_mode&quot;:&quot;include&quot;,&quot;cities_mode&quot;:&quot;include&quot;,&quot;states_mode&quot;:&quot;include&quot;,&quot;zipcodes_mode&quot;:&quot;include&quot;,&quot;radius_mode&quot;:&quot;include&quot;,&quot;show_portfolio_title&quot;:&quot;yes&quot;,&quot;description_position&quot;:&quot;inside_image&quot;,&quot;description_animation&quot;:&quot;simple&quot;,&quot;description_media_type&quot;:&quot;font&quot;,&quot;description_icon&quot;:{&quot;value&quot;:&quot;flaticon-right-arrow&quot;,&quot;library&quot;:&quot;flaticon&quot;},&quot;image_has_link&quot;:&quot;yes&quot;,&quot;title_has_link&quot;:&quot;yes&quot;,&quot;linked_icon&quot;:&quot;yes&quot;,&quot;link_destination&quot;:&quot;single&quot;,&quot;order_by&quot;:&quot;date&quot;,&quot;order&quot;:&quot;DESC&quot;,&quot;_transform_keep_proportions&quot;:&quot;yes&quot;,&quot;_transform_keep_proportions_hover&quot;:&quot;yes&quot;,&quot;module_id&quot;:&quot;portfolio_module_6a08ee396fd25&quot;,&quot;query_args&quot;:{&quot;post_status&quot;:&quot;publish&quot;,&quot;posts_per_page&quot;:9,&quot;orderby&quot;:&quot;date&quot;,&quot;order&quot;:&quot;DESC&quot;,&quot;paged&quot;:1,&quot;post_type&quot;:&quot;portfolio&quot;},&quot;post_count&quot;:9,&quot;found_posts&quot;:15,&quot;masonry_post_index&quot;:3}' \/><\/form><\/div><\/div><\/section>\t\t\t\t<\/div>\n\t\t\t\t<\/div>\n\t\t\t\t\t<\/div>\n\t\t<\/div>\n\t\t\t\t\t<\/div>\n\t\t<\/section>\n\t\t\t\t<\/div>\n\t\t","protected":false},"excerpt":{"rendered":"<p>REFEREN\u010cNI PROJEKTI Naj va\u0161 navdih postane resni\u010dnost (in naj va\u0161a vizija postane na\u0161e poslanstvo). Z na\u0161imi kupci gradimo laboratorije prihodnosti za razli\u010dna podro\u010dja uporabe. All Minerva Analytix, Berlin, Nem\u010dija Biomay, Dunaj, Avstrija \u00d6sterreichische Ichthyol, Reith bei Seefeld, Avstrija Lifocolor Farben, Lichtenfels, Nem\u010dija Henkel Slovenija, Maribor, Slovenija Teagasc Food Innovation Hub, Fermoy, Irska Greiner Bio One, [&hellip;]<\/p>\n","protected":false},"author":1,"featured_media":0,"parent":0,"menu_order":0,"comment_status":"closed","ping_status":"closed","template":"","meta":{"footnotes":""},"class_list":["post-3030","page","type-page","status-publish","hentry"],"yoast_head":"<!-- This site is optimized with the Yoast SEO plugin v25.9 - https:\/\/yoast.com\/wordpress\/plugins\/seo\/ -->\n<title>Reference - Lab Interior<\/title>\n<meta name=\"description\" content=\"Oglejte si referen\u010dne projekte pametnega laboratorijskega pohi\u0161tva Lab Interior po Evropi \u2013 univerze, raziskovalni in\u0161tituti, podjetja in \u0161ole nam zaupajo.\" \/>\n<meta name=\"robots\" content=\"index, follow, max-snippet:-1, max-image-preview:large, max-video-preview:-1\" \/>\n<link rel=\"canonical\" href=\"https:\/\/labinterior.de\/sl\/vse-reference\/\" \/>\n<meta property=\"og:locale\" content=\"sl_SI\" \/>\n<meta property=\"og:type\" content=\"article\" \/>\n<meta property=\"og:title\" content=\"Reference - Lab Interior\" \/>\n<meta property=\"og:description\" content=\"Oglejte si referen\u010dne projekte pametnega laboratorijskega pohi\u0161tva Lab Interior po Evropi \u2013 univerze, raziskovalni in\u0161tituti, podjetja in \u0161ole nam zaupajo.\" \/>\n<meta property=\"og:url\" content=\"https:\/\/labinterior.de\/sl\/vse-reference\/\" \/>\n<meta property=\"og:site_name\" content=\"Lab Interior\" \/>\n<meta property=\"article:publisher\" content=\"https:\/\/facebook.com\/labinterior.de\" \/>\n<meta property=\"article:modified_time\" content=\"2025-07-30T12:57:06+00:00\" \/>\n<meta property=\"og:image\" content=\"https:\/\/labinterior.de\/wp-content\/uploads\/2022\/06\/Minerva-740x740.jpg\" \/>\n<meta name=\"twitter:card\" content=\"summary_large_image\" \/>\n<meta name=\"twitter:label1\" content=\"Est. reading time\" \/>\n\t<meta name=\"twitter:data1\" content=\"3 minute\" \/>\n<script type=\"application\/ld+json\" class=\"yoast-schema-graph\">{\"@context\":\"https:\/\/schema.org\",\"@graph\":[{\"@type\":\"WebPage\",\"@id\":\"https:\/\/labinterior.de\/sl\/vse-reference\/\",\"url\":\"https:\/\/labinterior.de\/sl\/vse-reference\/\",\"name\":\"Reference - Lab Interior\",\"isPartOf\":{\"@id\":\"https:\/\/labinterior.de\/sl\/#website\"},\"primaryImageOfPage\":{\"@id\":\"https:\/\/labinterior.de\/sl\/vse-reference\/#primaryimage\"},\"image\":{\"@id\":\"https:\/\/labinterior.de\/sl\/vse-reference\/#primaryimage\"},\"thumbnailUrl\":\"https:\/\/labinterior.de\/wp-content\/uploads\/2022\/06\/Minerva-740x740.jpg\",\"datePublished\":\"2021-06-30T11:58:29+00:00\",\"dateModified\":\"2025-07-30T12:57:06+00:00\",\"description\":\"Oglejte si referen\u010dne projekte pametnega laboratorijskega pohi\u0161tva Lab Interior po Evropi \u2013 univerze, raziskovalni in\u0161tituti, podjetja in \u0161ole nam zaupajo.\",\"breadcrumb\":{\"@id\":\"https:\/\/labinterior.de\/sl\/vse-reference\/#breadcrumb\"},\"inLanguage\":\"sl-SI\",\"potentialAction\":[{\"@type\":\"ReadAction\",\"target\":[\"https:\/\/labinterior.de\/sl\/vse-reference\/\"]}]},{\"@type\":\"ImageObject\",\"inLanguage\":\"sl-SI\",\"@id\":\"https:\/\/labinterior.de\/sl\/vse-reference\/#primaryimage\",\"url\":\"https:\/\/labinterior.de\/wp-content\/uploads\/2022\/06\/Minerva-740x740.jpg\",\"contentUrl\":\"https:\/\/labinterior.de\/wp-content\/uploads\/2022\/06\/Minerva-740x740.jpg\"},{\"@type\":\"BreadcrumbList\",\"@id\":\"https:\/\/labinterior.de\/sl\/vse-reference\/#breadcrumb\",\"itemListElement\":[{\"@type\":\"ListItem\",\"position\":1,\"name\":\"Startseite\",\"item\":\"https:\/\/labinterior.de\/sl\/\"},{\"@type\":\"ListItem\",\"position\":2,\"name\":\"Reference\"}]},{\"@type\":\"WebSite\",\"@id\":\"https:\/\/labinterior.de\/sl\/#website\",\"url\":\"https:\/\/labinterior.de\/sl\/\",\"name\":\"Lab Interior\",\"description\":\"Laboratorijsko pohi\u0161tvo in oprema po meri - Lab Interior laboratorijsko pohi\u0161tvo\",\"publisher\":{\"@id\":\"https:\/\/labinterior.de\/sl\/#organization\"},\"potentialAction\":[{\"@type\":\"SearchAction\",\"target\":{\"@type\":\"EntryPoint\",\"urlTemplate\":\"https:\/\/labinterior.de\/sl\/?s={search_term_string}\"},\"query-input\":{\"@type\":\"PropertyValueSpecification\",\"valueRequired\":true,\"valueName\":\"search_term_string\"}}],\"inLanguage\":\"sl-SI\"},{\"@type\":\"Organization\",\"@id\":\"https:\/\/labinterior.de\/sl\/#organization\",\"name\":\"Lab Interior\",\"url\":\"https:\/\/labinterior.de\/sl\/\",\"logo\":{\"@type\":\"ImageObject\",\"inLanguage\":\"sl-SI\",\"@id\":\"https:\/\/labinterior.de\/sl\/#\/schema\/logo\/image\/\",\"url\":\"https:\/\/labinterior.de\/wp-content\/uploads\/2022\/04\/LabInterior_LOGO.png\",\"contentUrl\":\"https:\/\/labinterior.de\/wp-content\/uploads\/2022\/04\/LabInterior_LOGO.png\",\"width\":1199,\"height\":479,\"caption\":\"Lab Interior\"},\"image\":{\"@id\":\"https:\/\/labinterior.de\/sl\/#\/schema\/logo\/image\/\"},\"sameAs\":[\"https:\/\/facebook.com\/labinterior.de\",\"https:\/\/www.linkedin.com\/company\/lab-interior\/\"]}]}<\/script>\n<!-- \/ Yoast SEO plugin. -->","yoast_head_json":{"title":"Reference - Lab Interior","description":"Oglejte si referen\u010dne projekte pametnega laboratorijskega pohi\u0161tva Lab Interior po Evropi \u2013 univerze, raziskovalni in\u0161tituti, podjetja in \u0161ole nam zaupajo.","robots":{"index":"index","follow":"follow","max-snippet":"max-snippet:-1","max-image-preview":"max-image-preview:large","max-video-preview":"max-video-preview:-1"},"canonical":"https:\/\/labinterior.de\/sl\/vse-reference\/","og_locale":"sl_SI","og_type":"article","og_title":"Reference - Lab Interior","og_description":"Oglejte si referen\u010dne projekte pametnega laboratorijskega pohi\u0161tva Lab Interior po Evropi \u2013 univerze, raziskovalni in\u0161tituti, podjetja in \u0161ole nam zaupajo.","og_url":"https:\/\/labinterior.de\/sl\/vse-reference\/","og_site_name":"Lab Interior","article_publisher":"https:\/\/facebook.com\/labinterior.de","article_modified_time":"2025-07-30T12:57:06+00:00","og_image":[{"url":"https:\/\/labinterior.de\/wp-content\/uploads\/2022\/06\/Minerva-740x740.jpg","type":"","width":"","height":""}],"twitter_card":"summary_large_image","twitter_misc":{"Est. reading time":"3 minute"},"schema":{"@context":"https:\/\/schema.org","@graph":[{"@type":"WebPage","@id":"https:\/\/labinterior.de\/sl\/vse-reference\/","url":"https:\/\/labinterior.de\/sl\/vse-reference\/","name":"Reference - Lab Interior","isPartOf":{"@id":"https:\/\/labinterior.de\/sl\/#website"},"primaryImageOfPage":{"@id":"https:\/\/labinterior.de\/sl\/vse-reference\/#primaryimage"},"image":{"@id":"https:\/\/labinterior.de\/sl\/vse-reference\/#primaryimage"},"thumbnailUrl":"https:\/\/labinterior.de\/wp-content\/uploads\/2022\/06\/Minerva-740x740.jpg","datePublished":"2021-06-30T11:58:29+00:00","dateModified":"2025-07-30T12:57:06+00:00","description":"Oglejte si referen\u010dne projekte pametnega laboratorijskega pohi\u0161tva Lab Interior po Evropi \u2013 univerze, raziskovalni in\u0161tituti, podjetja in \u0161ole nam zaupajo.","breadcrumb":{"@id":"https:\/\/labinterior.de\/sl\/vse-reference\/#breadcrumb"},"inLanguage":"sl-SI","potentialAction":[{"@type":"ReadAction","target":["https:\/\/labinterior.de\/sl\/vse-reference\/"]}]},{"@type":"ImageObject","inLanguage":"sl-SI","@id":"https:\/\/labinterior.de\/sl\/vse-reference\/#primaryimage","url":"https:\/\/labinterior.de\/wp-content\/uploads\/2022\/06\/Minerva-740x740.jpg","contentUrl":"https:\/\/labinterior.de\/wp-content\/uploads\/2022\/06\/Minerva-740x740.jpg"},{"@type":"BreadcrumbList","@id":"https:\/\/labinterior.de\/sl\/vse-reference\/#breadcrumb","itemListElement":[{"@type":"ListItem","position":1,"name":"Startseite","item":"https:\/\/labinterior.de\/sl\/"},{"@type":"ListItem","position":2,"name":"Reference"}]},{"@type":"WebSite","@id":"https:\/\/labinterior.de\/sl\/#website","url":"https:\/\/labinterior.de\/sl\/","name":"Lab Interior","description":"Laboratorijsko pohi\u0161tvo in oprema po meri - Lab Interior laboratorijsko pohi\u0161tvo","publisher":{"@id":"https:\/\/labinterior.de\/sl\/#organization"},"potentialAction":[{"@type":"SearchAction","target":{"@type":"EntryPoint","urlTemplate":"https:\/\/labinterior.de\/sl\/?s={search_term_string}"},"query-input":{"@type":"PropertyValueSpecification","valueRequired":true,"valueName":"search_term_string"}}],"inLanguage":"sl-SI"},{"@type":"Organization","@id":"https:\/\/labinterior.de\/sl\/#organization","name":"Lab Interior","url":"https:\/\/labinterior.de\/sl\/","logo":{"@type":"ImageObject","inLanguage":"sl-SI","@id":"https:\/\/labinterior.de\/sl\/#\/schema\/logo\/image\/","url":"https:\/\/labinterior.de\/wp-content\/uploads\/2022\/04\/LabInterior_LOGO.png","contentUrl":"https:\/\/labinterior.de\/wp-content\/uploads\/2022\/04\/LabInterior_LOGO.png","width":1199,"height":479,"caption":"Lab Interior"},"image":{"@id":"https:\/\/labinterior.de\/sl\/#\/schema\/logo\/image\/"},"sameAs":["https:\/\/facebook.com\/labinterior.de","https:\/\/www.linkedin.com\/company\/lab-interior\/"]}]}},"_links":{"self":[{"href":"https:\/\/labinterior.de\/sl\/wp-json\/wp\/v2\/pages\/3030","targetHints":{"allow":["GET"]}}],"collection":[{"href":"https:\/\/labinterior.de\/sl\/wp-json\/wp\/v2\/pages"}],"about":[{"href":"https:\/\/labinterior.de\/sl\/wp-json\/wp\/v2\/types\/page"}],"author":[{"embeddable":true,"href":"https:\/\/labinterior.de\/sl\/wp-json\/wp\/v2\/users\/1"}],"replies":[{"embeddable":true,"href":"https:\/\/labinterior.de\/sl\/wp-json\/wp\/v2\/comments?post=3030"}],"version-history":[{"count":25,"href":"https:\/\/labinterior.de\/sl\/wp-json\/wp\/v2\/pages\/3030\/revisions"}],"predecessor-version":[{"id":23081,"href":"https:\/\/labinterior.de\/sl\/wp-json\/wp\/v2\/pages\/3030\/revisions\/23081"}],"wp:attachment":[{"href":"https:\/\/labinterior.de\/sl\/wp-json\/wp\/v2\/media?parent=3030"}],"curies":[{"name":"wp","href":"https:\/\/api.w.org\/{rel}","templated":true}]}}