{"id":618,"date":"2021-06-24T06:41:19","date_gmt":"2021-06-24T06:41:19","guid":{"rendered":"https:\/\/wgl-demo.net\/transmax\/?page_id=618"},"modified":"2025-07-30T14:02:48","modified_gmt":"2025-07-30T12:02:48","slug":"contacts","status":"publish","type":"page","link":"https:\/\/labinterior.de\/sl\/contacts\/","title":{"rendered":"Kontakt"},"content":{"rendered":"\t\t<div data-elementor-type=\"wp-page\" data-elementor-id=\"618\" class=\"elementor elementor-618\">\n\t\t\t\t\t\t<section class=\"elementor-section elementor-top-section elementor-element elementor-element-fb90403 elementor-section-boxed elementor-section-height-default elementor-section-height-default\" data-id=\"fb90403\" data-element_type=\"section\">\n\t\t\t\t\t\t<div class=\"elementor-container elementor-column-gap-default\">\n\t\t\t\t\t<div class=\"elementor-column elementor-col-100 elementor-top-column elementor-element elementor-element-4ea132b\" data-id=\"4ea132b\" data-element_type=\"column\">\n\t\t\t<div class=\"elementor-widget-wrap elementor-element-populated\">\n\t\t\t\t\t\t<div class=\"elementor-element elementor-element-25b0f45 elementor-widget elementor-widget-heading\" data-id=\"25b0f45\" data-element_type=\"widget\" data-widget_type=\"heading.default\">\n\t\t\t\t<div class=\"elementor-widget-container\">\n\t\t\t\t\t<h2 class=\"elementor-heading-title elementor-size-default\">Kontaktirajte nas \u2013 Lab Interior | Laboratorijsko pohi\u0161tvo po meri<\/h2>\t\t\t\t<\/div>\n\t\t\t\t<\/div>\n\t\t\t\t<div class=\"elementor-element elementor-element-7ac9eff elementor-widget elementor-widget-text-editor\" data-id=\"7ac9eff\" data-element_type=\"widget\" data-widget_type=\"text-editor.default\">\n\t\t\t\t<div class=\"elementor-widget-container\">\n\t\t\t\t\t\t\t\t\t<p data-start=\"751\" data-end=\"891\">Imate vpra\u0161anje o laboratorijskem pohi\u0161tvu, \u017eelite <strong data-start=\"802\" data-end=\"816\">svetovanje<\/strong>, <strong data-start=\"818\" data-end=\"842\">informativno ponudbo<\/strong> ali dostop do na\u0161ega kataloga? Tukaj smo za vas!<\/p><p data-start=\"893\" data-end=\"982\">Izpolnite spodnji obrazec in na\u0161 strokovnjak vas bo kontaktiral v najkraj\u0161em mo\u017enem \u010dasu.<\/p>\t\t\t\t\t\t\t\t<\/div>\n\t\t\t\t<\/div>\n\t\t\t\t<div class=\"elementor-element elementor-element-ece42d9 elementor-widget elementor-widget-text-editor\" data-id=\"ece42d9\" data-element_type=\"widget\" data-widget_type=\"text-editor.default\">\n\t\t\t\t<div class=\"elementor-widget-container\">\n\t\t\t\t\t\t\t\t\t<h3 data-start=\"1303\" data-end=\"1325\">Zakaj izbrati nas?<\/h3><ul data-start=\"1327\" data-end=\"1531\"><li data-start=\"1327\" data-end=\"1357\"><p data-start=\"1329\" data-end=\"1357\">25+ dr\u017eav, kjer delujemo<\/p><\/li><li data-start=\"1358\" data-end=\"1395\"><p data-start=\"1360\" data-end=\"1395\">2500+ opremljenih laboratorijev<\/p><\/li><li data-start=\"1396\" data-end=\"1428\"><p data-start=\"1398\" data-end=\"1428\">100 % individualen pristop<\/p><\/li><li data-start=\"1429\" data-end=\"1483\"><p data-start=\"1431\" data-end=\"1483\">Sistem pohi\u0161tva zasnovan posebej za laboratorije<\/p><\/li><li data-start=\"1484\" data-end=\"1531\"><p data-start=\"1486\" data-end=\"1531\">Vrhunska kakovost in varnost (EN standardi)<\/p><\/li><\/ul>\t\t\t\t\t\t\t\t<\/div>\n\t\t\t\t<\/div>\n\t\t\t\t<div class=\"elementor-element elementor-element-9be0e05 elementor-widget elementor-widget-wpforms\" data-id=\"9be0e05\" data-element_type=\"widget\" data-widget_type=\"wpforms.default\">\n\t\t\t\t<div class=\"elementor-widget-container\">\n\t\t\t\t\t<div class=\"wpforms-container wpforms-container-full\" id=\"wpforms-8041\"><form id=\"wpforms-form-8041\" class=\"wpforms-validate wpforms-form wpforms-ajax-form\" data-formid=\"8041\" method=\"post\" enctype=\"multipart\/form-data\" action=\"\/sl\/wp-json\/wp\/v2\/pages\/618\" data-token=\"504b1c63f4fcc050eb2cd22706ac4874\"><noscript class=\"wpforms-error-noscript\">Please enable JavaScript in your browser to complete this form.<\/noscript><div class=\"wpforms-field-container\"><div id=\"wpforms-8041-field_0-container\" class=\"wpforms-field wpforms-field-name wpforms-one-third wpforms-first wpforms-mobile-full\" data-field-id=\"0\"><label class=\"wpforms-field-label\" for=\"wpforms-8041-field_0\">Ime <span class=\"wpforms-required-label\">*<\/span><\/label><input type=\"text\" id=\"wpforms-8041-field_0\" class=\"wpforms-field-large wpforms-field-required\" name=\"wpforms[fields][0]\" required><\/div><div id=\"wpforms-8041-field_1-container\" class=\"wpforms-field wpforms-field-email wpforms-one-third wpforms-mobile-full\" data-field-id=\"1\"><label class=\"wpforms-field-label\" for=\"wpforms-8041-field_1\">Email <span class=\"wpforms-required-label\">*<\/span><\/label><input type=\"email\" id=\"wpforms-8041-field_1\" class=\"wpforms-field-large wpforms-field-required\" name=\"wpforms[fields][1]\" required><\/div><div id=\"wpforms-8041-field_12-container\" class=\"wpforms-field wpforms-field-phone wpforms-one-third wpforms-mobile-full\" data-field-id=\"12\"><label class=\"wpforms-field-label\" for=\"wpforms-8041-field_12\">Telefonska \u0161tevilka<\/label><input type=\"tel\" id=\"wpforms-8041-field_12\" class=\"wpforms-field-large wpforms-smart-phone-field\" data-rule-smart-phone-field=\"true\" name=\"wpforms[fields][12]\" ><\/div><div id=\"wpforms-8041-field_7-container\" class=\"wpforms-field wpforms-field-text wpforms-one-third wpforms-first wpforms-mobile-full\" data-field-id=\"7\"><label class=\"wpforms-field-label\" for=\"wpforms-8041-field_7\">Polo\u017eaj<\/label><input type=\"text\" id=\"wpforms-8041-field_7\" class=\"wpforms-field-large\" name=\"wpforms[fields][7]\" ><\/div><div id=\"wpforms-8041-field_8-container\" class=\"wpforms-field wpforms-field-text wpforms-one-third wpforms-mobile-full\" data-field-id=\"8\"><label class=\"wpforms-field-label\" for=\"wpforms-8041-field_8\">Podjetje<\/label><input type=\"text\" id=\"wpforms-8041-field_8\" class=\"wpforms-field-large\" name=\"wpforms[fields][8]\" ><\/div><div id=\"wpforms-8041-field_14-container\" class=\"wpforms-field wpforms-field-text wpforms-one-third wpforms-mobile-full\" data-field-id=\"14\"><label class=\"wpforms-field-label\" for=\"wpforms-8041-field_14\">Dav\u010dna \u0161t.<\/label><input type=\"text\" id=\"wpforms-8041-field_14\" class=\"wpforms-field-large\" name=\"wpforms[fields][14]\" ><\/div><div id=\"wpforms-8041-field_9-container\" class=\"wpforms-field wpforms-field-text wpforms-one-third wpforms-first wpforms-mobile-full\" data-field-id=\"9\"><label class=\"wpforms-field-label\" for=\"wpforms-8041-field_9\">Naslov<\/label><input type=\"text\" id=\"wpforms-8041-field_9\" class=\"wpforms-field-large\" name=\"wpforms[fields][9]\" ><\/div><div id=\"wpforms-8041-field_10-container\" class=\"wpforms-field wpforms-field-text wpforms-one-third wpforms-mobile-full\" data-field-id=\"10\"><label class=\"wpforms-field-label\" for=\"wpforms-8041-field_10\">Mesto<\/label><input type=\"text\" id=\"wpforms-8041-field_10\" class=\"wpforms-field-large\" name=\"wpforms[fields][10]\" ><\/div><div id=\"wpforms-8041-field_11-container\" class=\"wpforms-field wpforms-field-text wpforms-one-third wpforms-mobile-full\" data-field-id=\"11\"><label class=\"wpforms-field-label\" for=\"wpforms-8041-field_11\">Dr\u017eava<\/label><input type=\"text\" id=\"wpforms-8041-field_11\" class=\"wpforms-field-large\" name=\"wpforms[fields][11]\" ><\/div><div id=\"wpforms-8041-field_2-container\" class=\"wpforms-field wpforms-field-textarea\" data-field-id=\"2\"><label class=\"wpforms-field-label\" for=\"wpforms-8041-field_2\">Sporo\u010dilo <span class=\"wpforms-required-label\">*<\/span><\/label><textarea id=\"wpforms-8041-field_2\" class=\"wpforms-field-large wpforms-field-required\" name=\"wpforms[fields][2]\" required><\/textarea><\/div><\/div><div class=\"wpforms-recaptcha-container wpforms-is-recaptcha\"><div class=\"g-recaptcha\" data-sitekey=\"6Lc8SIIiAAAAAD4mlo4X26mNcAOsGwKamtd0IE-O\"><\/div><input type=\"text\" name=\"g-recaptcha-hidden\" class=\"wpforms-recaptcha-hidden\" style=\"position:absolute!important;clip:rect(0,0,0,0)!important;height:1px!important;width:1px!important;border:0!important;overflow:hidden!important;padding:0!important;margin:0!important;\" required><\/div><div class=\"wpforms-submit-container\"><input type=\"hidden\" name=\"wpforms[id]\" value=\"8041\"><input type=\"hidden\" name=\"wpforms[author]\" value=\"1\"><button type=\"submit\" name=\"wpforms[submit]\" id=\"wpforms-submit-8041\" class=\"wpforms-submit\" data-alt-text=\"Po\u0161iljam...\" data-submit-text=\"Po\u0161lji\" aria-live=\"assertive\" value=\"wpforms-submit\">Po\u0161lji<\/button><img decoding=\"async\" src=\"https:\/\/labinterior.de\/wp-content\/plugins\/wpforms\/assets\/images\/submit-spin.svg\" class=\"wpforms-submit-spinner\" style=\"display: none;\" width=\"26\" height=\"26\" alt=\"\"><\/div><\/form><\/div>  <!-- .wpforms-container -->\t\t\t\t<\/div>\n\t\t\t\t<\/div>\n\t\t\t\t<div class=\"elementor-element elementor-element-04c9bb8 elementor-widget elementor-widget-text-editor\" data-id=\"04c9bb8\" data-element_type=\"widget\" data-widget_type=\"text-editor.default\">\n\t\t\t\t<div class=\"elementor-widget-container\">\n\t\t\t\t\t\t\t\t\t<h3 data-start=\"1538\" data-end=\"1565\">Potrebujete katalog?<\/h3><p data-start=\"1567\" data-end=\"1768\">Lahko nam sporo\u010dite tudi samo to \u2013 s klikom na <a href=\"https:\/\/labinterior.de\/sl\/requests\/\" target=\"_blank\" rel=\"noopener\"><strong data-start=\"1614\" data-end=\"1633\">Prenesi katalog<\/strong> <\/a>vam bomo poslali na\u0161 najnovej\u0161i katalog laboratorijskega pohi\u0161tva s tehni\u010dnimi specifikacijami, slikami in primeri uspe\u0161nih projektov.\u00a0<\/p>\t\t\t\t\t\t\t\t<\/div>\n\t\t\t\t<\/div>\n\t\t\t\t\t<\/div>\n\t\t<\/div>\n\t\t\t\t\t<\/div>\n\t\t<\/section>\n\t\t\t\t<\/div>\n\t\t","protected":false},"excerpt":{"rendered":"<p>Kontaktirajte nas \u2013 Lab Interior | Laboratorijsko pohi\u0161tvo po meri Imate vpra\u0161anje o laboratorijskem pohi\u0161tvu, \u017eelite svetovanje, informativno ponudbo ali dostop do na\u0161ega kataloga? Tukaj smo za vas! Izpolnite spodnji obrazec in na\u0161 strokovnjak vas bo kontaktiral v najkraj\u0161em mo\u017enem \u010dasu. Zakaj izbrati nas? 25+ dr\u017eav, kjer delujemo 2500+ opremljenih laboratorijev 100 % individualen pristop [&hellip;]<\/p>\n","protected":false},"author":1,"featured_media":0,"parent":0,"menu_order":0,"comment_status":"closed","ping_status":"closed","template":"","meta":{"footnotes":""},"class_list":["post-618","page","type-page","status-publish","hentry"],"yoast_head":"<!-- This site is optimized with the Yoast SEO plugin v25.9 - https:\/\/yoast.com\/wordpress\/plugins\/seo\/ -->\n<title>Kontakt - Lab Interior<\/title>\n<meta name=\"description\" content=\"Stopite v stik z nami. Poi\u0161\u010dite popolno laboratorijsko opremo zase. Izpolnite obrazec in na\u0161i strokovnjaki vam bodo z veseljem svetovali.\" \/>\n<meta name=\"robots\" content=\"index, follow, max-snippet:-1, max-image-preview:large, max-video-preview:-1\" \/>\n<link rel=\"canonical\" href=\"https:\/\/labinterior.de\/sl\/contacts\/\" \/>\n<meta property=\"og:locale\" content=\"sl_SI\" \/>\n<meta property=\"og:type\" content=\"article\" \/>\n<meta property=\"og:title\" content=\"Kontakt - Lab Interior\" \/>\n<meta property=\"og:description\" content=\"Stopite v stik z nami. Poi\u0161\u010dite popolno laboratorijsko opremo zase. Izpolnite obrazec in na\u0161i strokovnjaki vam bodo z veseljem svetovali.\" \/>\n<meta property=\"og:url\" content=\"https:\/\/labinterior.de\/sl\/contacts\/\" \/>\n<meta property=\"og:site_name\" content=\"Lab Interior\" \/>\n<meta property=\"article:publisher\" content=\"https:\/\/facebook.com\/labinterior.de\" \/>\n<meta property=\"article:modified_time\" content=\"2025-07-30T12:02:48+00:00\" \/>\n<meta name=\"twitter:card\" content=\"summary_large_image\" \/>\n<meta name=\"twitter:label1\" content=\"Est. reading time\" \/>\n\t<meta name=\"twitter:data1\" content=\"1 minuta\" \/>\n<script type=\"application\/ld+json\" class=\"yoast-schema-graph\">{\"@context\":\"https:\/\/schema.org\",\"@graph\":[{\"@type\":\"WebPage\",\"@id\":\"https:\/\/labinterior.de\/sl\/contacts\/\",\"url\":\"https:\/\/labinterior.de\/sl\/contacts\/\",\"name\":\"Kontakt - Lab Interior\",\"isPartOf\":{\"@id\":\"https:\/\/labinterior.de\/sl\/#website\"},\"datePublished\":\"2021-06-24T06:41:19+00:00\",\"dateModified\":\"2025-07-30T12:02:48+00:00\",\"description\":\"Stopite v stik z nami. Poi\u0161\u010dite popolno laboratorijsko opremo zase. Izpolnite obrazec in na\u0161i strokovnjaki vam bodo z veseljem svetovali.\",\"breadcrumb\":{\"@id\":\"https:\/\/labinterior.de\/sl\/contacts\/#breadcrumb\"},\"inLanguage\":\"sl-SI\",\"potentialAction\":[{\"@type\":\"ReadAction\",\"target\":[\"https:\/\/labinterior.de\/sl\/contacts\/\"]}]},{\"@type\":\"BreadcrumbList\",\"@id\":\"https:\/\/labinterior.de\/sl\/contacts\/#breadcrumb\",\"itemListElement\":[{\"@type\":\"ListItem\",\"position\":1,\"name\":\"Startseite\",\"item\":\"https:\/\/labinterior.de\/sl\/\"},{\"@type\":\"ListItem\",\"position\":2,\"name\":\"Kontakt\"}]},{\"@type\":\"WebSite\",\"@id\":\"https:\/\/labinterior.de\/sl\/#website\",\"url\":\"https:\/\/labinterior.de\/sl\/\",\"name\":\"Lab Interior\",\"description\":\"Laboratorijsko pohi\u0161tvo in oprema po meri - Lab Interior laboratorijsko pohi\u0161tvo\",\"publisher\":{\"@id\":\"https:\/\/labinterior.de\/sl\/#organization\"},\"potentialAction\":[{\"@type\":\"SearchAction\",\"target\":{\"@type\":\"EntryPoint\",\"urlTemplate\":\"https:\/\/labinterior.de\/sl\/?s={search_term_string}\"},\"query-input\":{\"@type\":\"PropertyValueSpecification\",\"valueRequired\":true,\"valueName\":\"search_term_string\"}}],\"inLanguage\":\"sl-SI\"},{\"@type\":\"Organization\",\"@id\":\"https:\/\/labinterior.de\/sl\/#organization\",\"name\":\"Lab Interior\",\"url\":\"https:\/\/labinterior.de\/sl\/\",\"logo\":{\"@type\":\"ImageObject\",\"inLanguage\":\"sl-SI\",\"@id\":\"https:\/\/labinterior.de\/sl\/#\/schema\/logo\/image\/\",\"url\":\"https:\/\/labinterior.de\/wp-content\/uploads\/2022\/04\/LabInterior_LOGO.png\",\"contentUrl\":\"https:\/\/labinterior.de\/wp-content\/uploads\/2022\/04\/LabInterior_LOGO.png\",\"width\":1199,\"height\":479,\"caption\":\"Lab Interior\"},\"image\":{\"@id\":\"https:\/\/labinterior.de\/sl\/#\/schema\/logo\/image\/\"},\"sameAs\":[\"https:\/\/facebook.com\/labinterior.de\",\"https:\/\/www.linkedin.com\/company\/lab-interior\/\"]}]}<\/script>\n<!-- \/ Yoast SEO plugin. -->","yoast_head_json":{"title":"Kontakt - Lab Interior","description":"Stopite v stik z nami. Poi\u0161\u010dite popolno laboratorijsko opremo zase. Izpolnite obrazec in na\u0161i strokovnjaki vam bodo z veseljem svetovali.","robots":{"index":"index","follow":"follow","max-snippet":"max-snippet:-1","max-image-preview":"max-image-preview:large","max-video-preview":"max-video-preview:-1"},"canonical":"https:\/\/labinterior.de\/sl\/contacts\/","og_locale":"sl_SI","og_type":"article","og_title":"Kontakt - Lab Interior","og_description":"Stopite v stik z nami. Poi\u0161\u010dite popolno laboratorijsko opremo zase. Izpolnite obrazec in na\u0161i strokovnjaki vam bodo z veseljem svetovali.","og_url":"https:\/\/labinterior.de\/sl\/contacts\/","og_site_name":"Lab Interior","article_publisher":"https:\/\/facebook.com\/labinterior.de","article_modified_time":"2025-07-30T12:02:48+00:00","twitter_card":"summary_large_image","twitter_misc":{"Est. reading time":"1 minuta"},"schema":{"@context":"https:\/\/schema.org","@graph":[{"@type":"WebPage","@id":"https:\/\/labinterior.de\/sl\/contacts\/","url":"https:\/\/labinterior.de\/sl\/contacts\/","name":"Kontakt - Lab Interior","isPartOf":{"@id":"https:\/\/labinterior.de\/sl\/#website"},"datePublished":"2021-06-24T06:41:19+00:00","dateModified":"2025-07-30T12:02:48+00:00","description":"Stopite v stik z nami. Poi\u0161\u010dite popolno laboratorijsko opremo zase. Izpolnite obrazec in na\u0161i strokovnjaki vam bodo z veseljem svetovali.","breadcrumb":{"@id":"https:\/\/labinterior.de\/sl\/contacts\/#breadcrumb"},"inLanguage":"sl-SI","potentialAction":[{"@type":"ReadAction","target":["https:\/\/labinterior.de\/sl\/contacts\/"]}]},{"@type":"BreadcrumbList","@id":"https:\/\/labinterior.de\/sl\/contacts\/#breadcrumb","itemListElement":[{"@type":"ListItem","position":1,"name":"Startseite","item":"https:\/\/labinterior.de\/sl\/"},{"@type":"ListItem","position":2,"name":"Kontakt"}]},{"@type":"WebSite","@id":"https:\/\/labinterior.de\/sl\/#website","url":"https:\/\/labinterior.de\/sl\/","name":"Lab Interior","description":"Laboratorijsko pohi\u0161tvo in oprema po meri - Lab Interior laboratorijsko pohi\u0161tvo","publisher":{"@id":"https:\/\/labinterior.de\/sl\/#organization"},"potentialAction":[{"@type":"SearchAction","target":{"@type":"EntryPoint","urlTemplate":"https:\/\/labinterior.de\/sl\/?s={search_term_string}"},"query-input":{"@type":"PropertyValueSpecification","valueRequired":true,"valueName":"search_term_string"}}],"inLanguage":"sl-SI"},{"@type":"Organization","@id":"https:\/\/labinterior.de\/sl\/#organization","name":"Lab Interior","url":"https:\/\/labinterior.de\/sl\/","logo":{"@type":"ImageObject","inLanguage":"sl-SI","@id":"https:\/\/labinterior.de\/sl\/#\/schema\/logo\/image\/","url":"https:\/\/labinterior.de\/wp-content\/uploads\/2022\/04\/LabInterior_LOGO.png","contentUrl":"https:\/\/labinterior.de\/wp-content\/uploads\/2022\/04\/LabInterior_LOGO.png","width":1199,"height":479,"caption":"Lab Interior"},"image":{"@id":"https:\/\/labinterior.de\/sl\/#\/schema\/logo\/image\/"},"sameAs":["https:\/\/facebook.com\/labinterior.de","https:\/\/www.linkedin.com\/company\/lab-interior\/"]}]}},"_links":{"self":[{"href":"https:\/\/labinterior.de\/sl\/wp-json\/wp\/v2\/pages\/618","targetHints":{"allow":["GET"]}}],"collection":[{"href":"https:\/\/labinterior.de\/sl\/wp-json\/wp\/v2\/pages"}],"about":[{"href":"https:\/\/labinterior.de\/sl\/wp-json\/wp\/v2\/types\/page"}],"author":[{"embeddable":true,"href":"https:\/\/labinterior.de\/sl\/wp-json\/wp\/v2\/users\/1"}],"replies":[{"embeddable":true,"href":"https:\/\/labinterior.de\/sl\/wp-json\/wp\/v2\/comments?post=618"}],"version-history":[{"count":28,"href":"https:\/\/labinterior.de\/sl\/wp-json\/wp\/v2\/pages\/618\/revisions"}],"predecessor-version":[{"id":23071,"href":"https:\/\/labinterior.de\/sl\/wp-json\/wp\/v2\/pages\/618\/revisions\/23071"}],"wp:attachment":[{"href":"https:\/\/labinterior.de\/sl\/wp-json\/wp\/v2\/media?parent=618"}],"curies":[{"name":"wp","href":"https:\/\/api.w.org\/{rel}","templated":true}]}}