{"id":6900,"date":"2022-06-08T07:17:58","date_gmt":"2022-06-08T06:17:58","guid":{"rendered":"https:\/\/labinterior.de\/?page_id=6900"},"modified":"2025-07-31T08:10:47","modified_gmt":"2025-07-31T06:10:47","slug":"quotation","status":"publish","type":"page","link":"https:\/\/labinterior.de\/sl\/quotation\/","title":{"rendered":"Quotation"},"content":{"rendered":"\t\t<div data-elementor-type=\"wp-page\" data-elementor-id=\"6900\" class=\"elementor elementor-6900\">\n\t\t\t\t\t\t<section class=\"elementor-section elementor-top-section elementor-element elementor-element-fb90403 elementor-section-content-bottom elementor-section-boxed elementor-section-height-default elementor-section-height-default\" data-id=\"fb90403\" data-element_type=\"section\">\n\t\t\t\t\t\t<div class=\"elementor-container elementor-column-gap-default\">\n\t\t\t\t\t<div class=\"elementor-column elementor-col-100 elementor-top-column elementor-element elementor-element-4ea132b\" data-id=\"4ea132b\" data-element_type=\"column\">\n\t\t\t<div class=\"elementor-widget-wrap elementor-element-populated\">\n\t\t\t\t\t\t<div class=\"elementor-element elementor-element-ace38f9 elementor-widget elementor-widget-wpml-language-switcher\" data-id=\"ace38f9\" data-element_type=\"widget\" data-widget_type=\"wpml-language-switcher.default\">\n\t\t\t\t<div class=\"elementor-widget-container\">\n\t\t\t\t\t<div class=\"wpml-elementor-ls\">\n<div class=\"wpml-ls-statics-shortcode_actions wpml-ls wpml-ls-legacy-list-horizontal\">\n\t<ul><li class=\"wpml-ls-slot-shortcode_actions wpml-ls-item wpml-ls-item-sl wpml-ls-current-language wpml-ls-first-item wpml-ls-item-legacy-list-horizontal\">\n\t\t\t\t<a href=\"https:\/\/labinterior.de\/sl\/\" class=\"wpml-ls-link\">\n                                                        <img decoding=\"async\"\n            class=\"wpml-ls-flag\"\n            src=\"https:\/\/labinterior.de\/wp-content\/plugins\/sitepress-multilingual-cms\/res\/flags\/sl.png\"\n            alt=\"Sloven\u0161\u010dina\"\n            width=18\n            height=12\n    \/><\/a>\n\t\t\t<\/li><li class=\"wpml-ls-slot-shortcode_actions wpml-ls-item wpml-ls-item-en wpml-ls-item-legacy-list-horizontal\">\n\t\t\t\t<a href=\"https:\/\/labinterior.de\/en\/\" class=\"wpml-ls-link\">\n                                                        <img decoding=\"async\"\n            class=\"wpml-ls-flag\"\n            src=\"https:\/\/labinterior.de\/wp-content\/plugins\/sitepress-multilingual-cms\/res\/flags\/en.png\"\n            alt=\"Angle\u0161\u010dina\"\n            width=18\n            height=12\n    \/><\/a>\n\t\t\t<\/li><li class=\"wpml-ls-slot-shortcode_actions wpml-ls-item wpml-ls-item-de wpml-ls-item-legacy-list-horizontal\">\n\t\t\t\t<a href=\"https:\/\/labinterior.de\/\" class=\"wpml-ls-link\">\n                                                        <img decoding=\"async\"\n            class=\"wpml-ls-flag\"\n            src=\"https:\/\/labinterior.de\/wp-content\/plugins\/sitepress-multilingual-cms\/res\/flags\/de.png\"\n            alt=\"Nem\u0161\u010dina\"\n            width=18\n            height=12\n    \/><\/a>\n\t\t\t<\/li><li class=\"wpml-ls-slot-shortcode_actions wpml-ls-item wpml-ls-item-at wpml-ls-item-legacy-list-horizontal\">\n\t\t\t\t<a href=\"https:\/\/labinterior.de\/at\/\" class=\"wpml-ls-link\">\n                                                        <img decoding=\"async\"\n            class=\"wpml-ls-flag\"\n            src=\"https:\/\/labinterior.de\/wp-content\/uploads\/flags\/AT.png\"\n            alt=\"Avstrija\"\n            width=18\n            height=12\n    \/><\/a>\n\t\t\t<\/li><li class=\"wpml-ls-slot-shortcode_actions wpml-ls-item wpml-ls-item-nl wpml-ls-item-legacy-list-horizontal\">\n\t\t\t\t<a href=\"https:\/\/labinterior.de\/nl\/\" class=\"wpml-ls-link\">\n                                                        <img decoding=\"async\"\n            class=\"wpml-ls-flag\"\n            src=\"https:\/\/labinterior.de\/wp-content\/plugins\/sitepress-multilingual-cms\/res\/flags\/nl.png\"\n            alt=\"Nizozem\u0161\u010dina\"\n            width=18\n            height=12\n    \/><\/a>\n\t\t\t<\/li><li class=\"wpml-ls-slot-shortcode_actions wpml-ls-item wpml-ls-item-bs wpml-ls-last-item wpml-ls-item-legacy-list-horizontal\">\n\t\t\t\t<a href=\"https:\/\/labinterior.de\/bs\/\" class=\"wpml-ls-link\">\n                                                        <img decoding=\"async\"\n            class=\"wpml-ls-flag\"\n            src=\"https:\/\/labinterior.de\/wp-content\/plugins\/sitepress-multilingual-cms\/res\/flags\/bs.png\"\n            alt=\"Bosanski\"\n            width=18\n            height=12\n    \/><\/a>\n\t\t\t<\/li><\/ul>\n<\/div>\n<\/div>\t\t\t\t<\/div>\n\t\t\t\t<\/div>\n\t\t\t\t<div class=\"elementor-element elementor-element-d54255f elementor-widget elementor-widget-text-editor\" data-id=\"d54255f\" data-element_type=\"widget\" data-widget_type=\"text-editor.default\">\n\t\t\t\t<div class=\"elementor-widget-container\">\n\t\t\t\t\t\t\t\t\t<blockquote data-start=\"465\" data-end=\"776\"><p data-start=\"467\" data-end=\"776\">I\u0161\u010dete zanesljivega partnerja za opremljanje va\u0161ega laboratorija?<br data-start=\"532\" data-end=\"535\" \/>Izpolnite spodnji obrazec in po\u0161ljite povpra\u0161evanje za laboratorijsko pohi\u0161tvo, pametne re\u0161itve ali storitve po meri. Na\u0161a ekipa vam bo z veseljem pripravila individualno ponudbo \u2013 prilagojeno va\u0161im zahtevam, prostoru in delovnim procesom.<\/p><\/blockquote>\t\t\t\t\t\t\t\t<\/div>\n\t\t\t\t<\/div>\n\t\t\t\t\t<\/div>\n\t\t<\/div>\n\t\t\t\t\t<\/div>\n\t\t<\/section>\n\t\t\t\t<section class=\"elementor-section elementor-top-section elementor-element elementor-element-2d97308 elementor-section-boxed elementor-section-height-default elementor-section-height-default\" data-id=\"2d97308\" data-element_type=\"section\">\n\t\t\t\t\t\t<div class=\"elementor-container elementor-column-gap-default\">\n\t\t\t\t\t<div class=\"elementor-column elementor-col-100 elementor-top-column elementor-element elementor-element-00bf092\" data-id=\"00bf092\" data-element_type=\"column\">\n\t\t\t<div class=\"elementor-widget-wrap elementor-element-populated\">\n\t\t\t\t\t\t<div class=\"elementor-element elementor-element-fed86e9 elementor-widget elementor-widget-wpforms\" data-id=\"fed86e9\" data-element_type=\"widget\" data-widget_type=\"wpforms.default\">\n\t\t\t\t<div class=\"elementor-widget-container\">\n\t\t\t\t\t<div class=\"wpforms-container wpforms-container-full\" id=\"wpforms-6201\"><form id=\"wpforms-form-6201\" class=\"wpforms-validate wpforms-form wpforms-ajax-form\" data-formid=\"6201\" method=\"post\" enctype=\"multipart\/form-data\" action=\"\/sl\/wp-json\/wp\/v2\/pages\/6900\" data-token=\"8bbe6656675696a6de975a393f56b5fa\"><noscript class=\"wpforms-error-noscript\">Please enable JavaScript in your browser to complete this form.<\/noscript><div class=\"wpforms-field-container\"><div id=\"wpforms-6201-field_0-container\" class=\"wpforms-field wpforms-field-name wpforms-one-third wpforms-first wpforms-mobile-full\" data-field-id=\"0\"><label class=\"wpforms-field-label\" for=\"wpforms-6201-field_0\">Ime <span class=\"wpforms-required-label\">*<\/span><\/label><input type=\"text\" id=\"wpforms-6201-field_0\" class=\"wpforms-field-large wpforms-field-required\" name=\"wpforms[fields][0]\" required><\/div><div id=\"wpforms-6201-field_1-container\" class=\"wpforms-field wpforms-field-email wpforms-one-third wpforms-mobile-full\" data-field-id=\"1\"><label class=\"wpforms-field-label\" for=\"wpforms-6201-field_1\">Email <span class=\"wpforms-required-label\">*<\/span><\/label><input type=\"email\" id=\"wpforms-6201-field_1\" class=\"wpforms-field-large wpforms-field-required\" name=\"wpforms[fields][1]\" required><\/div><div id=\"wpforms-6201-field_12-container\" class=\"wpforms-field wpforms-field-phone wpforms-one-third wpforms-mobile-full\" data-field-id=\"12\"><label class=\"wpforms-field-label\" for=\"wpforms-6201-field_12\">Telefonska \u0161tevilka<\/label><input type=\"tel\" id=\"wpforms-6201-field_12\" class=\"wpforms-field-large wpforms-smart-phone-field\" data-rule-smart-phone-field=\"true\" name=\"wpforms[fields][12]\" ><\/div><div id=\"wpforms-6201-field_7-container\" class=\"wpforms-field wpforms-field-text wpforms-one-third wpforms-first wpforms-mobile-full\" data-field-id=\"7\"><label class=\"wpforms-field-label\" for=\"wpforms-6201-field_7\">Polo\u017eaj<\/label><input type=\"text\" id=\"wpforms-6201-field_7\" class=\"wpforms-field-large\" name=\"wpforms[fields][7]\" ><\/div><div id=\"wpforms-6201-field_8-container\" class=\"wpforms-field wpforms-field-text wpforms-one-third wpforms-mobile-full\" data-field-id=\"8\"><label class=\"wpforms-field-label\" for=\"wpforms-6201-field_8\">Podjetje<\/label><input type=\"text\" id=\"wpforms-6201-field_8\" class=\"wpforms-field-large\" name=\"wpforms[fields][8]\" ><\/div><div id=\"wpforms-6201-field_14-container\" class=\"wpforms-field wpforms-field-text wpforms-one-third wpforms-mobile-full\" data-field-id=\"14\"><label class=\"wpforms-field-label\" for=\"wpforms-6201-field_14\">Dav\u010dna \u0161t.<\/label><input type=\"text\" id=\"wpforms-6201-field_14\" class=\"wpforms-field-large\" name=\"wpforms[fields][14]\" ><\/div><div id=\"wpforms-6201-field_9-container\" class=\"wpforms-field wpforms-field-text wpforms-one-third wpforms-first wpforms-mobile-full\" data-field-id=\"9\"><label class=\"wpforms-field-label\" for=\"wpforms-6201-field_9\">Naslov<\/label><input type=\"text\" id=\"wpforms-6201-field_9\" class=\"wpforms-field-large\" name=\"wpforms[fields][9]\" ><\/div><div id=\"wpforms-6201-field_10-container\" class=\"wpforms-field wpforms-field-text wpforms-one-third wpforms-mobile-full\" data-field-id=\"10\"><label class=\"wpforms-field-label\" for=\"wpforms-6201-field_10\">Mesto<\/label><input type=\"text\" id=\"wpforms-6201-field_10\" class=\"wpforms-field-large\" name=\"wpforms[fields][10]\" ><\/div><div id=\"wpforms-6201-field_11-container\" class=\"wpforms-field wpforms-field-text wpforms-one-third wpforms-mobile-full\" data-field-id=\"11\"><label class=\"wpforms-field-label\" for=\"wpforms-6201-field_11\">Dr\u017eava<\/label><input type=\"text\" id=\"wpforms-6201-field_11\" class=\"wpforms-field-large\" name=\"wpforms[fields][11]\" ><\/div><div id=\"wpforms-6201-field_2-container\" class=\"wpforms-field wpforms-field-textarea\" data-field-id=\"2\"><label class=\"wpforms-field-label\" for=\"wpforms-6201-field_2\">Sporo\u010dilo <span class=\"wpforms-required-label\">*<\/span><\/label><textarea id=\"wpforms-6201-field_2\" class=\"wpforms-field-large wpforms-field-required\" name=\"wpforms[fields][2]\" required><\/textarea><\/div><\/div><div class=\"wpforms-submit-container\"><input type=\"hidden\" name=\"wpforms[id]\" value=\"6201\"><input type=\"hidden\" name=\"wpforms[author]\" value=\"1\"><button type=\"submit\" name=\"wpforms[submit]\" id=\"wpforms-submit-6201\" class=\"wpforms-submit\" data-alt-text=\"Po\u0161iljam...\" data-submit-text=\"Po\u0161lji\" aria-live=\"assertive\" value=\"wpforms-submit\">Po\u0161lji<\/button><img decoding=\"async\" src=\"https:\/\/labinterior.de\/wp-content\/plugins\/wpforms\/assets\/images\/submit-spin.svg\" class=\"wpforms-submit-spinner\" style=\"display: none;\" width=\"26\" height=\"26\" alt=\"\"><\/div><\/form><\/div>  <!-- .wpforms-container -->\t\t\t\t<\/div>\n\t\t\t\t<\/div>\n\t\t\t\t\t<\/div>\n\t\t<\/div>\n\t\t\t\t\t<\/div>\n\t\t<\/section>\n\t\t\t\t<\/div>\n\t\t","protected":false},"excerpt":{"rendered":"<p>I\u0161\u010dete zanesljivega partnerja za opremljanje va\u0161ega laboratorija?Izpolnite spodnji obrazec in po\u0161ljite povpra\u0161evanje za laboratorijsko pohi\u0161tvo, pametne re\u0161itve ali storitve po meri. Na\u0161a ekipa vam bo z veseljem pripravila individualno ponudbo \u2013 prilagojeno va\u0161im zahtevam, prostoru in delovnim procesom.<\/p>\n","protected":false},"author":1,"featured_media":0,"parent":0,"menu_order":0,"comment_status":"closed","ping_status":"closed","template":"","meta":{"footnotes":""},"class_list":["post-6900","page","type-page","status-publish","hentry"],"yoast_head":"<!-- This site is optimized with the Yoast SEO plugin v25.9 - https:\/\/yoast.com\/wordpress\/plugins\/seo\/ -->\n<title>Quotation - Lab Interior<\/title>\n<meta name=\"description\" content=\"Po\u0161ljite nam povpra\u0161evanje za laboratorijsko pohi\u0161tvo in opremo. Z veseljem vam pripravimo individualno ponudbo, prilagojeno va\u0161im potrebam.\" \/>\n<meta name=\"robots\" content=\"index, follow, max-snippet:-1, max-image-preview:large, max-video-preview:-1\" \/>\n<link rel=\"canonical\" href=\"https:\/\/labinterior.de\/sl\/quotation\/\" \/>\n<meta property=\"og:locale\" content=\"sl_SI\" \/>\n<meta property=\"og:type\" content=\"article\" \/>\n<meta property=\"og:title\" content=\"Quotation - Lab Interior\" \/>\n<meta property=\"og:description\" content=\"Po\u0161ljite nam povpra\u0161evanje za laboratorijsko pohi\u0161tvo in opremo. Z veseljem vam pripravimo individualno ponudbo, prilagojeno va\u0161im potrebam.\" \/>\n<meta property=\"og:url\" content=\"https:\/\/labinterior.de\/sl\/quotation\/\" \/>\n<meta property=\"og:site_name\" content=\"Lab Interior\" \/>\n<meta property=\"article:publisher\" content=\"https:\/\/facebook.com\/labinterior.de\" \/>\n<meta property=\"article:modified_time\" content=\"2025-07-31T06:10:47+00:00\" \/>\n<meta name=\"twitter:card\" content=\"summary_large_image\" \/>\n<meta name=\"twitter:label1\" content=\"Est. reading time\" \/>\n\t<meta name=\"twitter:data1\" content=\"2 minuti\" \/>\n<script type=\"application\/ld+json\" class=\"yoast-schema-graph\">{\"@context\":\"https:\/\/schema.org\",\"@graph\":[{\"@type\":\"WebPage\",\"@id\":\"https:\/\/labinterior.de\/sl\/quotation\/\",\"url\":\"https:\/\/labinterior.de\/sl\/quotation\/\",\"name\":\"Quotation - Lab Interior\",\"isPartOf\":{\"@id\":\"https:\/\/labinterior.de\/sl\/#website\"},\"datePublished\":\"2022-06-08T06:17:58+00:00\",\"dateModified\":\"2025-07-31T06:10:47+00:00\",\"description\":\"Po\u0161ljite nam povpra\u0161evanje za laboratorijsko pohi\u0161tvo in opremo. Z veseljem vam pripravimo individualno ponudbo, prilagojeno va\u0161im potrebam.\",\"breadcrumb\":{\"@id\":\"https:\/\/labinterior.de\/sl\/quotation\/#breadcrumb\"},\"inLanguage\":\"sl-SI\",\"potentialAction\":[{\"@type\":\"ReadAction\",\"target\":[\"https:\/\/labinterior.de\/sl\/quotation\/\"]}]},{\"@type\":\"BreadcrumbList\",\"@id\":\"https:\/\/labinterior.de\/sl\/quotation\/#breadcrumb\",\"itemListElement\":[{\"@type\":\"ListItem\",\"position\":1,\"name\":\"Startseite\",\"item\":\"https:\/\/labinterior.de\/sl\/\"},{\"@type\":\"ListItem\",\"position\":2,\"name\":\"Quotation\"}]},{\"@type\":\"WebSite\",\"@id\":\"https:\/\/labinterior.de\/sl\/#website\",\"url\":\"https:\/\/labinterior.de\/sl\/\",\"name\":\"Lab Interior\",\"description\":\"Laboratorijsko pohi\u0161tvo in oprema po meri - Lab Interior laboratorijsko pohi\u0161tvo\",\"publisher\":{\"@id\":\"https:\/\/labinterior.de\/sl\/#organization\"},\"potentialAction\":[{\"@type\":\"SearchAction\",\"target\":{\"@type\":\"EntryPoint\",\"urlTemplate\":\"https:\/\/labinterior.de\/sl\/?s={search_term_string}\"},\"query-input\":{\"@type\":\"PropertyValueSpecification\",\"valueRequired\":true,\"valueName\":\"search_term_string\"}}],\"inLanguage\":\"sl-SI\"},{\"@type\":\"Organization\",\"@id\":\"https:\/\/labinterior.de\/sl\/#organization\",\"name\":\"Lab Interior\",\"url\":\"https:\/\/labinterior.de\/sl\/\",\"logo\":{\"@type\":\"ImageObject\",\"inLanguage\":\"sl-SI\",\"@id\":\"https:\/\/labinterior.de\/sl\/#\/schema\/logo\/image\/\",\"url\":\"https:\/\/labinterior.de\/wp-content\/uploads\/2022\/04\/LabInterior_LOGO.png\",\"contentUrl\":\"https:\/\/labinterior.de\/wp-content\/uploads\/2022\/04\/LabInterior_LOGO.png\",\"width\":1199,\"height\":479,\"caption\":\"Lab Interior\"},\"image\":{\"@id\":\"https:\/\/labinterior.de\/sl\/#\/schema\/logo\/image\/\"},\"sameAs\":[\"https:\/\/facebook.com\/labinterior.de\",\"https:\/\/www.linkedin.com\/company\/lab-interior\/\"]}]}<\/script>\n<!-- \/ Yoast SEO plugin. -->","yoast_head_json":{"title":"Quotation - Lab Interior","description":"Po\u0161ljite nam povpra\u0161evanje za laboratorijsko pohi\u0161tvo in opremo. Z veseljem vam pripravimo individualno ponudbo, prilagojeno va\u0161im potrebam.","robots":{"index":"index","follow":"follow","max-snippet":"max-snippet:-1","max-image-preview":"max-image-preview:large","max-video-preview":"max-video-preview:-1"},"canonical":"https:\/\/labinterior.de\/sl\/quotation\/","og_locale":"sl_SI","og_type":"article","og_title":"Quotation - Lab Interior","og_description":"Po\u0161ljite nam povpra\u0161evanje za laboratorijsko pohi\u0161tvo in opremo. Z veseljem vam pripravimo individualno ponudbo, prilagojeno va\u0161im potrebam.","og_url":"https:\/\/labinterior.de\/sl\/quotation\/","og_site_name":"Lab Interior","article_publisher":"https:\/\/facebook.com\/labinterior.de","article_modified_time":"2025-07-31T06:10:47+00:00","twitter_card":"summary_large_image","twitter_misc":{"Est. reading time":"2 minuti"},"schema":{"@context":"https:\/\/schema.org","@graph":[{"@type":"WebPage","@id":"https:\/\/labinterior.de\/sl\/quotation\/","url":"https:\/\/labinterior.de\/sl\/quotation\/","name":"Quotation - Lab Interior","isPartOf":{"@id":"https:\/\/labinterior.de\/sl\/#website"},"datePublished":"2022-06-08T06:17:58+00:00","dateModified":"2025-07-31T06:10:47+00:00","description":"Po\u0161ljite nam povpra\u0161evanje za laboratorijsko pohi\u0161tvo in opremo. Z veseljem vam pripravimo individualno ponudbo, prilagojeno va\u0161im potrebam.","breadcrumb":{"@id":"https:\/\/labinterior.de\/sl\/quotation\/#breadcrumb"},"inLanguage":"sl-SI","potentialAction":[{"@type":"ReadAction","target":["https:\/\/labinterior.de\/sl\/quotation\/"]}]},{"@type":"BreadcrumbList","@id":"https:\/\/labinterior.de\/sl\/quotation\/#breadcrumb","itemListElement":[{"@type":"ListItem","position":1,"name":"Startseite","item":"https:\/\/labinterior.de\/sl\/"},{"@type":"ListItem","position":2,"name":"Quotation"}]},{"@type":"WebSite","@id":"https:\/\/labinterior.de\/sl\/#website","url":"https:\/\/labinterior.de\/sl\/","name":"Lab Interior","description":"Laboratorijsko pohi\u0161tvo in oprema po meri - Lab Interior laboratorijsko pohi\u0161tvo","publisher":{"@id":"https:\/\/labinterior.de\/sl\/#organization"},"potentialAction":[{"@type":"SearchAction","target":{"@type":"EntryPoint","urlTemplate":"https:\/\/labinterior.de\/sl\/?s={search_term_string}"},"query-input":{"@type":"PropertyValueSpecification","valueRequired":true,"valueName":"search_term_string"}}],"inLanguage":"sl-SI"},{"@type":"Organization","@id":"https:\/\/labinterior.de\/sl\/#organization","name":"Lab Interior","url":"https:\/\/labinterior.de\/sl\/","logo":{"@type":"ImageObject","inLanguage":"sl-SI","@id":"https:\/\/labinterior.de\/sl\/#\/schema\/logo\/image\/","url":"https:\/\/labinterior.de\/wp-content\/uploads\/2022\/04\/LabInterior_LOGO.png","contentUrl":"https:\/\/labinterior.de\/wp-content\/uploads\/2022\/04\/LabInterior_LOGO.png","width":1199,"height":479,"caption":"Lab Interior"},"image":{"@id":"https:\/\/labinterior.de\/sl\/#\/schema\/logo\/image\/"},"sameAs":["https:\/\/facebook.com\/labinterior.de","https:\/\/www.linkedin.com\/company\/lab-interior\/"]}]}},"_links":{"self":[{"href":"https:\/\/labinterior.de\/sl\/wp-json\/wp\/v2\/pages\/6900","targetHints":{"allow":["GET"]}}],"collection":[{"href":"https:\/\/labinterior.de\/sl\/wp-json\/wp\/v2\/pages"}],"about":[{"href":"https:\/\/labinterior.de\/sl\/wp-json\/wp\/v2\/types\/page"}],"author":[{"embeddable":true,"href":"https:\/\/labinterior.de\/sl\/wp-json\/wp\/v2\/users\/1"}],"replies":[{"embeddable":true,"href":"https:\/\/labinterior.de\/sl\/wp-json\/wp\/v2\/comments?post=6900"}],"version-history":[{"count":13,"href":"https:\/\/labinterior.de\/sl\/wp-json\/wp\/v2\/pages\/6900\/revisions"}],"predecessor-version":[{"id":23097,"href":"https:\/\/labinterior.de\/sl\/wp-json\/wp\/v2\/pages\/6900\/revisions\/23097"}],"wp:attachment":[{"href":"https:\/\/labinterior.de\/sl\/wp-json\/wp\/v2\/media?parent=6900"}],"curies":[{"name":"wp","href":"https:\/\/api.w.org\/{rel}","templated":true}]}}